{"id":24,"date":"2022-12-29T01:29:19","date_gmt":"2022-12-29T00:29:19","guid":{"rendered":"https:\/\/w2023.courage-beratung.at\/?page_id=24"},"modified":"2024-08-08T21:50:49","modified_gmt":"2024-08-08T19:50:49","slug":"impressum","status":"publish","type":"page","link":"https:\/\/www.courage-beratung.at\/en\/impressum\/","title":{"rendered":"Impressum"},"content":{"rendered":"<style type=\"text\/css\" data-created_by=\"avia_inline_auto\" id=\"style-css-av-x98o-e1b1683f870225ed7b081db6f5223975\">\n#top .av-special-heading.av-x98o-e1b1683f870225ed7b081db6f5223975{\npadding-bottom:10px;\n}\nbody .av-special-heading.av-x98o-e1b1683f870225ed7b081db6f5223975 .av-special-heading-tag .heading-char{\nfont-size:25px;\n}\n.av-special-heading.av-x98o-e1b1683f870225ed7b081db6f5223975 .av-subheading{\nfont-size:15px;\n}\n<\/style>\n<div  class='av-special-heading av-x98o-e1b1683f870225ed7b081db6f5223975 av-special-heading-h1  avia-builder-el-0  el_before_av_textblock  avia-builder-el-first  rainbowfont'><h1 class='av-special-heading-tag'  itemprop=\"headline\"  >Impressum<\/h1><div class=\"special-heading-border\"><div class=\"special-heading-inner-border\"><\/div><\/div><\/div>\n<section  class='av_textblock_section av-1gbl0-9f2086db54e2125a374143406536c44f'   itemscope=\"itemscope\" itemtype=\"https:\/\/schema.org\/CreativeWork\" ><div class='avia_textblock'  itemprop=\"text\" ><h2>Medieninhaber, Herausgeber, Redaktion<\/h2>\n<p>COURAGE &#8211; \u00d6sterreichisches Institut f\u00fcr Beziehungs- und Sexualforschung<\/p>\n<p>Windm\u00fchlgasse 15\/1\/7<br \/>\nA 1060 Wien<br \/>\nTel:. 01\/585 69 66<br \/>\nMail:\u00a0<a href=\"mailto:info@courage-beratung.at\">info@courage-beratung.at<\/a><\/p>\n<p>ZVR: 244209117<\/p>\n<h2>Aufsichtsbeh\u00f6rde<\/h2>\n<p><a href=\"http:\/\/www.polizei.gv.at\/wien\/\" target=\"_blank\" rel=\"noopener\">Landespolizeidirektion<\/a><\/p>\n<h2>Datenschutzerkl\u00e4rung<\/h2>\n<p><a href=\"\/wp-content\/uploads\/2024\/08\/datenschutzerklaerung.pdf\" target=\"_blank\" rel=\"noopener\">PDF anzeigen<\/a><\/p>\n<h2>Rechtliche Hinweise<\/h2>\n<p>Wir m\u00f6chten Sie darauf hinweisen, dass f\u00fcr alle Texte und Kreationen auf dieser Website der Urheberrechtsschutz gilt. COURAGE \u00fcbernimmt keine inhaltliche oder rechtliche Verantwortung \u00fcber Web-Sites anderer Informations-Anbieter, auf die aus Dokumenten bzw. aus den Linkverzeichnissen der COURAGE-Seite via Hyperlinks verwiesen wird.<\/p>\n<h2>Sonstige Hinweise<\/h2>\n<p>Zum Ansehen der zum Download angebotenen PDF-Files ben\u00f6tigen Sie den Acrobat Reader, den Sie hier gratis herunterladen k\u00f6nnen:\u00a0<a href=\"https:\/\/get.adobe.com\/de\/reader\/\" target=\"_blank\" rel=\"noopener\">Acrobat Reader downloaden<\/a><\/p>\n<\/div><\/section>","protected":false},"excerpt":{"rendered":"","protected":false},"author":1,"featured_media":0,"parent":0,"menu_order":0,"comment_status":"closed","ping_status":"closed","template":"","meta":{"footnotes":""},"categories":[],"tags":[],"class_list":["post-24","page","type-page","status-publish","hentry"],"_links":{"self":[{"href":"https:\/\/www.courage-beratung.at\/en\/wp-json\/wp\/v2\/pages\/24","targetHints":{"allow":["GET"]}}],"collection":[{"href":"https:\/\/www.courage-beratung.at\/en\/wp-json\/wp\/v2\/pages"}],"about":[{"href":"https:\/\/www.courage-beratung.at\/en\/wp-json\/wp\/v2\/types\/page"}],"author":[{"embeddable":true,"href":"https:\/\/www.courage-beratung.at\/en\/wp-json\/wp\/v2\/users\/1"}],"replies":[{"embeddable":true,"href":"https:\/\/www.courage-beratung.at\/en\/wp-json\/wp\/v2\/comments?post=24"}],"version-history":[{"count":10,"href":"https:\/\/www.courage-beratung.at\/en\/wp-json\/wp\/v2\/pages\/24\/revisions"}],"predecessor-version":[{"id":3255,"href":"https:\/\/www.courage-beratung.at\/en\/wp-json\/wp\/v2\/pages\/24\/revisions\/3255"}],"wp:attachment":[{"href":"https:\/\/www.courage-beratung.at\/en\/wp-json\/wp\/v2\/media?parent=24"}],"wp:term":[{"taxonomy":"category","embeddable":true,"href":"https:\/\/www.courage-beratung.at\/en\/wp-json\/wp\/v2\/categories?post=24"},{"taxonomy":"post_tag","embeddable":true,"href":"https:\/\/www.courage-beratung.at\/en\/wp-json\/wp\/v2\/tags?post=24"}],"curies":[{"name":"wp","href":"https:\/\/api.w.org\/{rel}","templated":true}]}}