{"id":2652,"date":"2024-03-27T18:44:45","date_gmt":"2024-03-27T17:44:45","guid":{"rendered":"https:\/\/w2023.courage-beratung.at\/english\/"},"modified":"2024-09-24T18:44:50","modified_gmt":"2024-09-24T16:44:50","slug":"english","status":"publish","type":"page","link":"https:\/\/www.courage-beratung.at\/en\/english\/","title":{"rendered":"SERBIAN"},"content":{"rendered":"<style type=\"text\/css\" data-created_by=\"avia_inline_auto\" id=\"style-css-av-lua3crth-259132757899b9a0e7ab2f8e195cc56d\">\n#top .av_textblock_section.av-lua3crth-259132757899b9a0e7ab2f8e195cc56d .avia_textblock{\nfont-size:16px;\n}\n<\/style>\n<section  class='av_textblock_section av-lua3crth-259132757899b9a0e7ab2f8e195cc56d'   itemscope=\"itemscope\" itemtype=\"https:\/\/schema.org\/CreativeWork\" ><div class='avia_textblock'  itemprop=\"text\" ><p><a href=\"https:\/\/w2023.courage-beratung.at\/wp-content\/uploads\/2024\/04\/COURAGE_LOGO_2022_RGB.svg\"><img decoding=\"async\" class=\"aligncenter wp-image-2795\" style=\"margin-top: 0px; margin-bottom: 0px;\" src=\"https:\/\/w2023.courage-beratung.at\/wp-content\/uploads\/2024\/04\/COURAGE_LOGO_2022_RGB.svg\" alt=\"\" width=\"300\" \/><\/a><\/p>\n<p>COURAGE* je centar za savetovanje koji pru\u017ea podr\u0161ku pojedincima, partnerima i porodicama na razli\u010ditim temama savetovanja:<\/p>\n<ul>\n<li>Seksualnosti i veze<\/li>\n<li>\u017divotni stilovi istopolnih osoba<\/li>\n<li>Trans* \/ Transidentiteti<\/li>\n<li>Raznolikost varijacija pola<\/li>\n<li>Inter* \/ Interseksualnost<\/li>\n<li>Dugine porodice<\/li>\n<li>Nasilje i seksualni napadi<\/li>\n<li>Nasilje prema FLINTA osobama, kao i prema gej i biseksualnim mu\u0161karcima<\/li>\n<\/ul>\n<p>COURAGE* je prvi profesionalni centar za savetovanje posve\u0107en lezbejkama, gejevima, biseksualnim, transrodnim i interseksualnim osobama, kao i njihovim porodicama, koji je priznat od strane Austrijskog Ministarstva porodice.<\/p>\n<p>COURAGE* pru\u017ea besplatne, anonimne sesije savetovanja za pojedince, parove, porodice i grupe.<\/p>\n<p>Na\u0161 centar za savetovanje se zasniva na klju\u010dnim principima kao \u0161to su diskrecija, interkulturalizam, i odr\u017eavanje nepoliti\u010dkog, me\u0111ureligijskog pristupa na\u0161im klijentima.<\/p>\n<p>Usluge savetovanja obuhvataju \u0161irok spektar podr\u0161ke, uklju\u010duju\u0107i intervenciju u kriznim situacijama, pomo\u0107 u izazovnim trenucima, pomo\u0107 u procesu dono\u0161enja odluka, istra\u017eivanje alternativnih re\u0161enja, pristup informacijama, vo\u0111enje zdravstvene za\u0161tite i prevenciju nasilja.<\/p>\n<p>U COURAGE* na\u0161 profesionalni tim \u010dine kako mu\u0161karci tako i \u017eene koji su stru\u010dnjaci u razli\u010ditim oblastima kao \u0161to su savetovanje, socijalni rad, psihoterapija, seksualna terapija, psihologija, psihijatrija, obrazovanje, pravo, medijacija, supervizija i kou\u010ding.<\/p>\n<p>Kontakti:<\/p>\n<p><strong>COURAGE*WIEN <br class=\"avia-permanent-lb\" \/><\/strong>Tel. 01\/585 69 66 <br class=\"avia-permanent-lb\" \/>Email: <a href=\"mailto:info@courage-beratung.at\">info@courage-beratung.at<\/a><\/p>\n<p><strong>COURAGE*GRAZ <br class=\"avia-permanent-lb\" \/><\/strong>Tel. 0699\/166 166 62 <br class=\"avia-permanent-lb\" \/><a href=\"mailto:graz@courage-beratung.at\">graz@courage-beratung.at<\/a><\/p>\n<p><strong>COURAGE*INNSBRUCK <br class=\"avia-permanent-lb\" \/><\/strong>Tel. 0699\/166 166 63 <br class=\"avia-permanent-lb\" \/><a href=\"mailto:innsbruck@courage-beratung.at\">innsbruck@courage-beratung.at<\/a><\/p>\n<p><strong>COURAGE*SALZBURG <br class=\"avia-permanent-lb\" \/><\/strong>Tel. 0699\/166 166 65 <br class=\"avia-permanent-lb\" \/><a href=\"mailto:salzburg@courage-beratung.at\">salzburg@courage-beratung.at<\/a><\/p>\n<p><strong>COURAGE*LINZ <br class=\"avia-permanent-lb\" \/><\/strong>Tel. 0699\/166 166 67 <br class=\"avia-permanent-lb\" \/><a href=\"mailto:linz@courage-beratung.at\">linz@courage-beratung.at<\/a><\/p>\n<p><strong>COURAGE*KLAGENFURT <br class=\"avia-permanent-lb\" \/><\/strong>Tel. 0660\/166 166 8 <br class=\"avia-permanent-lb\" \/><a href=\"mailto:klagenfurt@courage-beratung.at\">klagenfurt@courage-beratung.at<\/a><\/p>\n<p><strong>COURAGE*ST.P\u00d6LTEN <br class=\"avia-permanent-lb\" \/><\/strong>Tel. 0660\/386 663 0 <br class=\"avia-permanent-lb\" \/><a href=\"mailto:st.poelten@courage-beratung.at\">sanktpoelten@courage-beratung.at<\/a><\/p>\n<\/div><\/section>","protected":false},"excerpt":{"rendered":"","protected":false},"author":4,"featured_media":0,"parent":0,"menu_order":0,"comment_status":"closed","ping_status":"closed","template":"","meta":{"footnotes":""},"categories":[],"tags":[],"class_list":["post-2652","page","type-page","status-publish","hentry"],"_links":{"self":[{"href":"https:\/\/www.courage-beratung.at\/en\/wp-json\/wp\/v2\/pages\/2652","targetHints":{"allow":["GET"]}}],"collection":[{"href":"https:\/\/www.courage-beratung.at\/en\/wp-json\/wp\/v2\/pages"}],"about":[{"href":"https:\/\/www.courage-beratung.at\/en\/wp-json\/wp\/v2\/types\/page"}],"author":[{"embeddable":true,"href":"https:\/\/www.courage-beratung.at\/en\/wp-json\/wp\/v2\/users\/4"}],"replies":[{"embeddable":true,"href":"https:\/\/www.courage-beratung.at\/en\/wp-json\/wp\/v2\/comments?post=2652"}],"version-history":[{"count":4,"href":"https:\/\/www.courage-beratung.at\/en\/wp-json\/wp\/v2\/pages\/2652\/revisions"}],"predecessor-version":[{"id":3899,"href":"https:\/\/www.courage-beratung.at\/en\/wp-json\/wp\/v2\/pages\/2652\/revisions\/3899"}],"wp:attachment":[{"href":"https:\/\/www.courage-beratung.at\/en\/wp-json\/wp\/v2\/media?parent=2652"}],"wp:term":[{"taxonomy":"category","embeddable":true,"href":"https:\/\/www.courage-beratung.at\/en\/wp-json\/wp\/v2\/categories?post=2652"},{"taxonomy":"post_tag","embeddable":true,"href":"https:\/\/www.courage-beratung.at\/en\/wp-json\/wp\/v2\/tags?post=2652"}],"curies":[{"name":"wp","href":"https:\/\/api.w.org\/{rel}","templated":true}]}}