{"id":2656,"date":"2024-03-27T18:47:28","date_gmt":"2024-03-27T17:47:28","guid":{"rendered":"https:\/\/w2023.courage-beratung.at\/serbian\/"},"modified":"2024-09-24T18:45:04","modified_gmt":"2024-09-24T16:45:04","slug":"serbian","status":"publish","type":"page","link":"https:\/\/www.courage-beratung.at\/en\/serbian\/","title":{"rendered":"TURKISCH"},"content":{"rendered":"<style type=\"text\/css\" data-created_by=\"avia_inline_auto\" id=\"style-css-av-lua3crth-259132757899b9a0e7ab2f8e195cc56d\">\n#top .av_textblock_section.av-lua3crth-259132757899b9a0e7ab2f8e195cc56d .avia_textblock{\nfont-size:16px;\n}\n<\/style>\n<section  class='av_textblock_section av-lua3crth-259132757899b9a0e7ab2f8e195cc56d'   itemscope=\"itemscope\" itemtype=\"https:\/\/schema.org\/CreativeWork\" ><div class='avia_textblock'  itemprop=\"text\" ><p><a href=\"https:\/\/w2023.courage-beratung.at\/wp-content\/uploads\/2024\/04\/COURAGE_LOGO_2022_RGB.svg\"><img decoding=\"async\" class=\"aligncenter wp-image-2795\" style=\"margin-top: 0px; margin-bottom: 0px;\" src=\"https:\/\/w2023.courage-beratung.at\/wp-content\/uploads\/2024\/04\/COURAGE_LOGO_2022_RGB.svg\" alt=\"\" width=\"300\" \/><\/a><\/p>\n<p>COURAGE*, bireylere, partnerlere ve ailelere bir dizi dan\u0131\u015fmanl\u0131k konusunda destek sunan bir dan\u0131\u015fma merkezidir:<\/p>\n<ul>\n<li>Cinsellikler ve \u0130li\u015fkiler<\/li>\n<li>Ayn\u0131 Cins Ya\u015fam Tarzlar\u0131<\/li>\n<li>Trans* \/ Transidentiteler<\/li>\n<li>\u00c7e\u015fitli Cinsiyet Varyasyonlar\u0131<\/li>\n<li>Inter* \/ \u0130nterseks\u00fcellik<\/li>\n<li>G\u00f6kku\u015fa\u011f\u0131 Aileleri<\/li>\n<li>\u015eiddet ve Cinsel Sald\u0131r\u0131lar<\/li>\n<li>FLINTA&#8217;ya ve Ayn\u0131 Zamanda Gay ve Biseks\u00fcel Erkeklere Kar\u015f\u0131 \u015eiddet<\/li>\n<\/ul>\n<p>Avusturya Aile Bakanl\u0131\u011f\u0131 taraf\u0131ndan tan\u0131nan COURAGE, lezbiyen, gay, biseks\u00fcel, transgender ve interseks bireylere, ayr\u0131ca ailelerine adanm\u0131\u015f ilk profesyonel dan\u0131\u015fmanl\u0131k merkezidir.<\/p>\n<p>COURAGE*, bireyler, \u00e7iftler, aileler ve gruplar i\u00e7in \u00fccretsiz, anonim dan\u0131\u015fma seanslar\u0131 sunmaktad\u0131r.<\/p>\n<p>Dan\u0131\u015fma merkezimiz, m\u00fc\u015fterilerimize kar\u015f\u0131 gizlilik, \u00e7okk\u00fclt\u00fcrl\u00fcl\u00fck ve tarafs\u0131z, ara\u015ft\u0131rmac\u0131 bir yakla\u015f\u0131m gibi temel prensiplere dayanmaktad\u0131r.<\/p>\n<p>Dan\u0131\u015fmanl\u0131k hizmetleri, kriz m\u00fcdahalesi, zor zamanlarda yard\u0131m, karar alma s\u00fcre\u00e7lerine yard\u0131m, alternatif \u00e7\u00f6z\u00fcmleri ara\u015ft\u0131rma, bilgiye eri\u015fim, sa\u011fl\u0131k rehberli\u011fi ve \u015fiddet \u00f6nleme gibi geni\u015f bir destek yelpazesini kapsamaktad\u0131r.<\/p>\n<p>COURAGE*\u2019da, profesyonel ekibimiz dan\u0131\u015fmanl\u0131k, sosyal \u00e7al\u0131\u015fma, psikoterapi, cinsel terapi, psikoloji, psikiyatri, e\u011fitim, hukuk, arabuluculuk, denetim ve ko\u00e7luk gibi \u00e7e\u015fitli alanlarda uzmanla\u015fm\u0131\u015f hem erkek hem de kad\u0131nlar\u0131 i\u00e7ermektedir. <br class=\"avia-permanent-lb\" \/><br class=\"avia-permanent-lb\" \/><\/p>\n<p>\u0130leti\u015fim:<\/p>\n<p><strong>COURAGE*WIEN <br class=\"avia-permanent-lb\" \/><\/strong>Tel. 01\/585 69 66 <br class=\"avia-permanent-lb\" \/>Email: <a href=\"mailto:info@courage-beratung.at\">info@courage-beratung.at<\/a><\/p>\n<p><strong>COURAGE*GRAZ <br class=\"avia-permanent-lb\" \/><\/strong>Tel. 0699\/166 166 62 <br class=\"avia-permanent-lb\" \/><a href=\"mailto:graz@courage-beratung.at\">graz@courage-beratung.at<\/a><\/p>\n<p><strong>COURAGE*INNSBRUCK <br class=\"avia-permanent-lb\" \/><\/strong>Tel. 0699\/166 166 63 <br class=\"avia-permanent-lb\" \/><a href=\"mailto:innsbruck@courage-beratung.at\">innsbruck@courage-beratung.at<\/a><\/p>\n<p><strong>COURAGE*SALZBURG <br class=\"avia-permanent-lb\" \/><\/strong>Tel. 0699\/166 166 65 <br class=\"avia-permanent-lb\" \/><a href=\"mailto:salzburg@courage-beratung.at\">salzburg@courage-beratung.at<\/a><\/p>\n<p><strong>COURAGE*LINZ <br class=\"avia-permanent-lb\" \/><\/strong>Tel. 0699\/166 166 67 <br class=\"avia-permanent-lb\" \/><a href=\"mailto:linz@courage-beratung.at\">linz@courage-beratung.at<\/a><\/p>\n<p><strong>COURAGE*KLAGENFURT <br class=\"avia-permanent-lb\" \/><\/strong>Tel. 0660\/166 166 8 <br class=\"avia-permanent-lb\" \/><a href=\"mailto:klagenfurt@courage-beratung.at\">klagenfurt@courage-beratung.at<\/a><\/p>\n<p><strong>COURAGE*ST.P\u00d6LTEN <br class=\"avia-permanent-lb\" \/><\/strong>Tel. 0660\/386 663 0 <br class=\"avia-permanent-lb\" \/><a href=\"mailto:st.poelten@courage-beratung.at\">sanktpoelten@courage-beratung.at<\/a><\/p>\n<\/div><\/section>","protected":false},"excerpt":{"rendered":"","protected":false},"author":4,"featured_media":0,"parent":0,"menu_order":0,"comment_status":"closed","ping_status":"closed","template":"","meta":{"footnotes":""},"categories":[],"tags":[],"class_list":["post-2656","page","type-page","status-publish","hentry"],"_links":{"self":[{"href":"https:\/\/www.courage-beratung.at\/en\/wp-json\/wp\/v2\/pages\/2656","targetHints":{"allow":["GET"]}}],"collection":[{"href":"https:\/\/www.courage-beratung.at\/en\/wp-json\/wp\/v2\/pages"}],"about":[{"href":"https:\/\/www.courage-beratung.at\/en\/wp-json\/wp\/v2\/types\/page"}],"author":[{"embeddable":true,"href":"https:\/\/www.courage-beratung.at\/en\/wp-json\/wp\/v2\/users\/4"}],"replies":[{"embeddable":true,"href":"https:\/\/www.courage-beratung.at\/en\/wp-json\/wp\/v2\/comments?post=2656"}],"version-history":[{"count":3,"href":"https:\/\/www.courage-beratung.at\/en\/wp-json\/wp\/v2\/pages\/2656\/revisions"}],"predecessor-version":[{"id":3900,"href":"https:\/\/www.courage-beratung.at\/en\/wp-json\/wp\/v2\/pages\/2656\/revisions\/3900"}],"wp:attachment":[{"href":"https:\/\/www.courage-beratung.at\/en\/wp-json\/wp\/v2\/media?parent=2656"}],"wp:term":[{"taxonomy":"category","embeddable":true,"href":"https:\/\/www.courage-beratung.at\/en\/wp-json\/wp\/v2\/categories?post=2656"},{"taxonomy":"post_tag","embeddable":true,"href":"https:\/\/www.courage-beratung.at\/en\/wp-json\/wp\/v2\/tags?post=2656"}],"curies":[{"name":"wp","href":"https:\/\/api.w.org\/{rel}","templated":true}]}}