{"id":3892,"date":"2024-09-24T18:37:09","date_gmt":"2024-09-24T16:37:09","guid":{"rendered":"https:\/\/www.courage-beratung.at\/arabic\/"},"modified":"2024-09-24T18:43:16","modified_gmt":"2024-09-24T16:43:16","slug":"arabic","status":"publish","type":"page","link":"https:\/\/www.courage-beratung.at\/en\/arabic\/","title":{"rendered":"Espa\u00f1ol"},"content":{"rendered":"<style type=\"text\/css\" data-created_by=\"avia_inline_auto\" id=\"style-css-av-lua3crth-259132757899b9a0e7ab2f8e195cc56d\">\n#top .av_textblock_section.av-lua3crth-259132757899b9a0e7ab2f8e195cc56d .avia_textblock{\nfont-size:16px;\n}\n<\/style>\n<section  class='av_textblock_section av-lua3crth-259132757899b9a0e7ab2f8e195cc56d'   itemscope=\"itemscope\" itemtype=\"https:\/\/schema.org\/CreativeWork\" ><div class='avia_textblock'  itemprop=\"text\" ><p><a href=\"https:\/\/w2023.courage-beratung.at\/wp-content\/uploads\/2024\/04\/COURAGE_LOGO_2022_RGB.svg\"><img decoding=\"async\" class=\"aligncenter wp-image-2795\" style=\"margin-top: 0px; margin-bottom: 0px;\" src=\"https:\/\/w2023.courage-beratung.at\/wp-content\/uploads\/2024\/04\/COURAGE_LOGO_2022_RGB.svg\" alt=\"\" width=\"300\" \/><\/a><\/p>\n<p class=\"m_1596134816582390502yiv6698684257msoplaintext\"><span lang=\"ES\">COURAGE* es un centro de asesoramiento que ofrece apoyo a individuos, parejas y familias sobre una variedad de temas, como:<\/span><u><\/u><u><\/u><\/p>\n<p class=\"m_1596134816582390502yiv6698684257msoplaintext\"><span lang=\"ES\">\u00a0<\/span><u><\/u><u><\/u><\/p>\n<p class=\"m_1596134816582390502yiv6698684257msoplaintext\"><span lang=\"ES\">\u2022 <\/span><span lang=\"ES\">Sexualidad y relaciones<\/span><\/p>\n<p class=\"m_1596134816582390502yiv6698684257msoplaintext\"><u><\/u><u><\/u><u><\/u><u><\/u><span lang=\"ES\">\u2022 Estilo de vida de parejas del mismo sexo <\/span><\/p>\n<p class=\"m_1596134816582390502yiv6698684257msoplaintext\"><span lang=\"ES\">\u2022 Trans* \/ Transidentidades <\/span><\/p>\n<p class=\"m_1596134816582390502yiv6698684257msoplaintext\"><span lang=\"ES\">\u2022 Diversidad de variaciones de g\u00e9nero <\/span><\/p>\n<p class=\"m_1596134816582390502yiv6698684257msoplaintext\"><span lang=\"ES\">\u2022 Inter* \/ Intersexualidad<\/span><\/p>\n<p class=\"m_1596134816582390502yiv6698684257msoplaintext\"><span lang=\"ES\"> \u2022 Familias arco\u00edris <\/span><\/p>\n<p class=\"m_1596134816582390502yiv6698684257msoplaintext\"><span lang=\"ES\">\u2022 Violencia y agresiones sexuales <\/span><\/p>\n<p class=\"m_1596134816582390502yiv6698684257msoplaintext\"><span lang=\"ES\">\u2022 Violencia contra mujeres lesbianas, intersex, no-binarias, trans y ag\u00e9nero, as\u00ed como contra hombres gays y bisexuales<\/span><u><\/u><u><\/u><\/p>\n<p class=\"m_1596134816582390502yiv6698684257msoplaintext\"><span lang=\"ES\">Reconocido por el ministerio de la familia de Austria, COURAGE* es el primer centro profesional de asesoramiento dedicado a personas lesbianas, gays, bisexuales, transg\u00e9nero e intersexuales, junto con sus familias.<\/span><u><\/u><u><\/u><\/p>\n<p class=\"m_1596134816582390502yiv6698684257msoplaintext\"><span lang=\"ES\">COURAGE* ofrece sesiones de asesoramiento gratuitas y an\u00f3nimas para individuos, parejas, familias y grupos. Nuestro centro de asesoramiento se basa en principios como la discreci\u00f3n, la interculturalidad y el mantenimiento de un enfoque no partidista e interreligioso hacia nuestros clientes.<\/span><u><\/u><u><\/u><span lang=\"ES\">\u00a0<\/span><u><\/u><u><\/u><\/p>\n<p class=\"m_1596134816582390502yiv6698684257msoplaintext\"><span lang=\"ES\">Los servicios de asesoramiento abarcan una amplia gama de apoyos, incluyendo intervenci\u00f3n en caso de crisis, asistencia en momentos dif\u00edciles, ayuda en los procesos de toma de decisiones, exploraci\u00f3n de soluciones alternativas, acceso a informaci\u00f3n, orientaci\u00f3n en temas de salud y prevenci\u00f3n de la violencia.<\/span><u><\/u><u><\/u><\/p>\n<p class=\"m_1596134816582390502yiv6698684257msoplaintext\"><span lang=\"ES\">En COURAGE*, nuestro equipo profesional est\u00e1 compuesto por hombres y mujeres expertos en diversos campos como el asesoramiento, trabajo social, psicoterapia, terapia sexual, psicolog\u00eda, psiquiatr\u00eda, educaci\u00f3n, jurisprudencia, mediaci\u00f3n, supervisi\u00f3n y coaching.<\/span><\/p>\n<p><strong>COURAGE*WIEN <br class=\"avia-permanent-lb\" \/><\/strong>Tel. 01\/585 69 66 <br class=\"avia-permanent-lb\" \/>Email: <a href=\"mailto:info@courage-beratung.at\">info@courage-beratung.at<\/a><\/p>\n<p><strong>COURAGE*GRAZ <br class=\"avia-permanent-lb\" \/><\/strong>Tel. 0699\/166 166 62 <br class=\"avia-permanent-lb\" \/><a href=\"mailto:graz@courage-beratung.at\">graz@courage-beratung.at<\/a><\/p>\n<p><strong>COURAGE*INNSBRUCK <br class=\"avia-permanent-lb\" \/><\/strong>Tel. 0699\/166 166 63 <br class=\"avia-permanent-lb\" \/><a href=\"mailto:innsbruck@courage-beratung.at\">innsbruck@courage-beratung.at<\/a><\/p>\n<p><strong>COURAGE*SALZBURG <br class=\"avia-permanent-lb\" \/><\/strong>Tel. 0699\/166 166 65 <br class=\"avia-permanent-lb\" \/><a href=\"mailto:salzburg@courage-beratung.at\">salzburg@courage-beratung.at<\/a><\/p>\n<p><strong>COURAGE*LINZ <br class=\"avia-permanent-lb\" \/><\/strong>Tel. 0699\/166 166 67 <br class=\"avia-permanent-lb\" \/><a href=\"mailto:linz@courage-beratung.at\">linz@courage-beratung.at<\/a><\/p>\n<p><strong>COURAGE*KLAGENFURT <br class=\"avia-permanent-lb\" \/><\/strong>Tel. 0660\/166 166 8 <br class=\"avia-permanent-lb\" \/><a href=\"mailto:klagenfurt@courage-beratung.at\">klagenfurt@courage-beratung.at<\/a><\/p>\n<p><strong>COURAGE*ST.P\u00d6LTEN <br class=\"avia-permanent-lb\" \/><\/strong>Tel. 0660\/386 663 0 <br class=\"avia-permanent-lb\" \/><a href=\"mailto:st.poelten@courage-beratung.at\">sanktpoelten@courage-beratung.at<\/a><\/p>\n<\/div><\/section>","protected":false},"excerpt":{"rendered":"","protected":false},"author":5,"featured_media":0,"parent":0,"menu_order":0,"comment_status":"closed","ping_status":"closed","template":"","meta":{"footnotes":""},"categories":[],"tags":[],"class_list":["post-3892","page","type-page","status-publish","hentry"],"_links":{"self":[{"href":"https:\/\/www.courage-beratung.at\/en\/wp-json\/wp\/v2\/pages\/3892","targetHints":{"allow":["GET"]}}],"collection":[{"href":"https:\/\/www.courage-beratung.at\/en\/wp-json\/wp\/v2\/pages"}],"about":[{"href":"https:\/\/www.courage-beratung.at\/en\/wp-json\/wp\/v2\/types\/page"}],"author":[{"embeddable":true,"href":"https:\/\/www.courage-beratung.at\/en\/wp-json\/wp\/v2\/users\/5"}],"replies":[{"embeddable":true,"href":"https:\/\/www.courage-beratung.at\/en\/wp-json\/wp\/v2\/comments?post=3892"}],"version-history":[{"count":3,"href":"https:\/\/www.courage-beratung.at\/en\/wp-json\/wp\/v2\/pages\/3892\/revisions"}],"predecessor-version":[{"id":3896,"href":"https:\/\/www.courage-beratung.at\/en\/wp-json\/wp\/v2\/pages\/3892\/revisions\/3896"}],"wp:attachment":[{"href":"https:\/\/www.courage-beratung.at\/en\/wp-json\/wp\/v2\/media?parent=3892"}],"wp:term":[{"taxonomy":"category","embeddable":true,"href":"https:\/\/www.courage-beratung.at\/en\/wp-json\/wp\/v2\/categories?post=3892"},{"taxonomy":"post_tag","embeddable":true,"href":"https:\/\/www.courage-beratung.at\/en\/wp-json\/wp\/v2\/tags?post=3892"}],"curies":[{"name":"wp","href":"https:\/\/api.w.org\/{rel}","templated":true}]}}