{"id":3929,"date":"2024-10-02T12:13:44","date_gmt":"2024-10-02T10:13:44","guid":{"rendered":"https:\/\/www.courage-beratung.at\/?page_id=3929"},"modified":"2026-02-27T14:52:35","modified_gmt":"2026-02-27T13:52:35","slug":"gruppen-wien","status":"publish","type":"page","link":"https:\/\/www.courage-beratung.at\/en\/gruppen-wien\/","title":{"rendered":"GRUPPEN SALZBURG"},"content":{"rendered":"<style type=\"text\/css\" data-created_by=\"avia_inline_auto\" id=\"style-css-av-m1rph2to-4cd8376fcd2b1efd37d27513ca70ac19\">\n.flex_column.av-m1rph2to-4cd8376fcd2b1efd37d27513ca70ac19{\nbackground-color:#555f8d;\n}\n<\/style>\n<div  class='flex_column av-m1rph2to-4cd8376fcd2b1efd37d27513ca70ac19 av_one_full  avia-builder-el-0  avia-builder-el-no-sibling  first flex_column_div'     ><p>\n<style type=\"text\/css\" data-created_by=\"avia_inline_auto\" id=\"style-css-av-m1rpula9-c4cac4522c36a3a76d2539eef0ae5321\">\n#top .hr.hr-invisible.av-m1rpula9-c4cac4522c36a3a76d2539eef0ae5321{\nheight:25px;\n}\n<\/style>\n<div  class='hr av-m1rpula9-c4cac4522c36a3a76d2539eef0ae5321 hr-invisible  avia-builder-el-1  el_before_av_button  avia-builder-el-first'><span class='hr-inner'><span class=\"hr-inner-style\"><\/span><\/span><\/div><br \/>\n<div  class='avia-button-wrap av-m1rpthle-cea102786dd089c7f1dec82fce8e033e-wrap avia-button-center  avia-builder-el-2  el_after_av_hr  el_before_av_hr'><a href='https:\/\/www.courage-beratung.at\/en\/home_2\/angebote-2\/#gruppen'  class='avia-button av-m1rpthle-cea102786dd089c7f1dec82fce8e033e av-link-btn avia-icon_select-yes-left-icon avia-size-small avia-position-center avia-color-light'   aria-label=\"Zur\u00fcck \"><span class='avia_button_icon avia_button_icon_left avia-iconfont avia-font-entypo-fontello' data-av_icon='\ue830' data-av_iconfont='entypo-fontello' ><\/span><span class='avia_iconbox_title' >Zur\u00fcck <\/span><\/a><\/div><br \/>\n\n<style type=\"text\/css\" data-created_by=\"avia_inline_auto\" id=\"style-css-av-2kpx2h-3e90349aabf9f7e1b3b6122876d56339\">\n#top .hr.hr-invisible.av-2kpx2h-3e90349aabf9f7e1b3b6122876d56339{\nheight:25px;\n}\n<\/style>\n<div  class='hr av-2kpx2h-3e90349aabf9f7e1b3b6122876d56339 hr-invisible  avia-builder-el-3  el_after_av_button  el_before_av_textblock'><span class='hr-inner'><span class=\"hr-inner-style\"><\/span><\/span><\/div><br \/>\n\n<style type=\"text\/css\" data-created_by=\"avia_inline_auto\" id=\"style-css-av-m1rpmlp7-70f23c821b8c8eac699bc4793d31cf64\">\n#top .av_textblock_section.av-m1rpmlp7-70f23c821b8c8eac699bc4793d31cf64 .avia_textblock{\nfont-size:26px;\n}\n<\/style>\n<section  class='av_textblock_section av-m1rpmlp7-70f23c821b8c8eac699bc4793d31cf64'   itemscope=\"itemscope\" itemtype=\"https:\/\/schema.org\/CreativeWork\" ><div class='avia_textblock'  itemprop=\"text\" ><h1 style=\"text-align: center;\">Gruppen in Salzburg<\/h1>\n<\/div><\/section><br \/>\n\n<style type=\"text\/css\" data-created_by=\"avia_inline_auto\" id=\"style-css-av-23h7e1-bf4fc45ddb1f8066d02930fc9ce30a72\">\n#top .hr.hr-invisible.av-23h7e1-bf4fc45ddb1f8066d02930fc9ce30a72{\nheight:25px;\n}\n<\/style>\n<div  class='hr av-23h7e1-bf4fc45ddb1f8066d02930fc9ce30a72 hr-invisible  avia-builder-el-5  el_after_av_textblock  el_before_av_tab_container'><span class='hr-inner'><span class=\"hr-inner-style\"><\/span><\/span><\/div><br \/>\n<div  class='tabcontainer av-mm4yc3hz-05e4a8ecf827d5d6a15e5634f2e76bf7 top_tab  avia-builder-el-6  el_after_av_hr  avia-builder-el-last'>\n<section class='av_tab_section av_tab_section av-mm4yc35l-d15d25bb8fd9fd743760b79d8084ef8a'  itemscope=\"itemscope\" itemtype=\"https:\/\/schema.org\/CreativeWork\" ><div id='tab-id-1-tab' class='tab active_tab' role='tab' aria-selected=\"true\" tabindex=\"0\" data-fake-id='#tab-id-1' aria-controls='tab-id-1-content'  itemprop=\"headline\" >YOUNG TRANS*<\/div><div id='tab-id-1-content' class='tab_content active_tab_content' role='tabpanel' aria-labelledby='tab-id-1-tab' aria-hidden=\"false\"><div class='tab_inner_content invers-color'  itemprop=\"text\" ><h3><strong>YOUNG TRANS* &#8211; Begleitete Selbsterfahrungsgruppe f\u00fcr junge Menschen zwischen 14 und 22 Jahren mit Trans*Gender Themen<br class=\"avia-permanent-lb\" \/><br class=\"avia-permanent-lb\" \/><\/strong><\/h3>\n<p><strong>Themen: <\/strong><strong>Trans*Gender, Trans*Identit\u00e4ten, In*Between, Gender*Bending, Inter*Geschlechtlichkeiten, Gender* Dysphorie, Gender*Inkongruenz, Cross*Dressing, Trans*Vestiten, Drag*Queens, Drag* Kings\u2026 Alle diese Begriffe bezeichnen Personen, die in unterschiedlichster Weise nicht den g\u00e4ngigen Vorstellungen von Geschlecht und\/oder Geschlechts*Identit\u00e4t folgen k\u00f6nnen bzw. folgen wollen, sondern andere Wege gehen.<\/strong><\/p>\n<p>Unsere Gesellschaft gibt sich bez\u00fcglich der Vielfalt von Lebensweisen liberal und offen. Die Alltagserfahrungen zeigen jedoch, dass es noch immer nicht einfach ist, abseits der bin\u00e4ren Geschlechter und der g\u00e4ngigen Geschlechtermodelle zu leben.<\/p>\n<p>Menschen, deren Geschlechts*Empfinden nicht mit ihrem angeborenen Geschlecht \u00fcbereinstimmt, sto\u00dfen in unserer Gesellschaft h\u00e4ufig auf Unverst\u00e4ndnis, Ablehnung und H\u00fcrden, institutionelle wie auch zwischenmenschliche, die es ihnen erschweren, so leben zu k\u00f6nnen, wie es ihrer pers\u00f6nlich empfundenen K\u00f6rperwahrnehmung und ihrer individuellen Gender*Identit\u00e4t entspricht.<\/p>\n<p>Vor allem f\u00fcr junge Menschen, die die g\u00e4ngigen Geschlechtermodelle aufgrund ihrer individuell erlebten Geschlechtsidentit\u00e4t aufbrechen und erg\u00e4nzen wollen, stellen sich oft vielerlei Fragen:<\/p>\n<p>Wer bin ich? Wie komme ich zu dem, was ich meine zu sein? Welche Gef\u00fchle habe ich dazu? Wodurch (be)hindere ich mich, meine wahre Identit\u00e4t \/ Geschlechtsrolle zu leben? Welches K\u00f6rperbild habe ich? Welche K\u00f6rperwahrnehmungen habe ich dazu? Wie reagiert meine Umgebung? Wie kann ich damit umgehen? Welche Unsicherheiten und \u00c4ngste habe ich? \u2026<\/p>\n<p>Die Gruppe YOUNG TRANS* versteht sich als ein Ort der Begegnung, des Austausches und des Suchens und Findens einer tragf\u00e4higen pers\u00f6nlichen Geschlechts*Identit\u00e4t.<\/p>\n<p><strong>Leitung:<\/strong><br \/>\n<img loading=\"lazy\" decoding=\"async\" class=\"wp-image-6120 alignleft\" src=\"https:\/\/www.courage-beratung.at\/wp-content\/uploads\/2025\/08\/Foto-Mario-Gruber-neu-2-226x300.jpg\" alt=\"\" width=\"57\" height=\"75\" srcset=\"https:\/\/www.courage-beratung.at\/wp-content\/uploads\/2025\/08\/Foto-Mario-Gruber-neu-2-226x300.jpg 226w, https:\/\/www.courage-beratung.at\/wp-content\/uploads\/2025\/08\/Foto-Mario-Gruber-neu-2-776x1030.jpg 776w, https:\/\/www.courage-beratung.at\/wp-content\/uploads\/2025\/08\/Foto-Mario-Gruber-neu-2-768x1019.jpg 768w, https:\/\/www.courage-beratung.at\/wp-content\/uploads\/2025\/08\/Foto-Mario-Gruber-neu-2-9x12.jpg 9w, https:\/\/www.courage-beratung.at\/wp-content\/uploads\/2025\/08\/Foto-Mario-Gruber-neu-2-531x705.jpg 531w, https:\/\/www.courage-beratung.at\/wp-content\/uploads\/2025\/08\/Foto-Mario-Gruber-neu-2.jpg 1100w\" sizes=\"auto, (max-width: 57px) 100vw, 57px\" \/><br \/>\n<strong>Mario Gruber, BA<\/strong><br \/>\nSozialarbeiter, Sexualberater<strong>\u00a0 <br class=\"avia-permanent-lb\" \/><br class=\"avia-permanent-lb\" \/><\/strong><\/p>\n<p><img loading=\"lazy\" decoding=\"async\" class=\"wp-image-2099 alignleft\" src=\"https:\/\/w2023.courage-beratung.at\/wp-content\/uploads\/2024\/03\/petra.jpg\" alt=\"\" width=\"57\" height=\"76\" srcset=\"https:\/\/www.courage-beratung.at\/wp-content\/uploads\/2024\/03\/petra.jpg 50w, https:\/\/www.courage-beratung.at\/wp-content\/uploads\/2024\/03\/petra-9x12.jpg 9w\" sizes=\"auto, (max-width: 57px) 100vw, 57px\" \/><br \/>\n<strong>Mag.a Petra Schmied<\/strong><br \/>\nLehrerin, Sexualp\u00e4dagogin<\/p>\n<p><strong> <br class=\"avia-permanent-lb\" \/><br class=\"avia-permanent-lb\" \/>Zeit:<\/strong> monatlich jeweils Donnerstag, 18:00 \u2013 20.30 Uhr (3 Therapieeinheiten)<\/p>\n<p><strong>Termine 2025\/2026:\u00a0<\/strong><\/p>\n<ul>\n<li>23.10.2025<\/li>\n<li>20.11.2025<\/li>\n<li>18.12.2025<\/li>\n<li>22.01.2026<\/li>\n<li>26.02.2026<\/li>\n<li>19.03.2026<\/li>\n<li>23.04.2026<\/li>\n<li>21.05.2026<\/li>\n<li>18.06.2026<\/li>\n<\/ul>\n<p><strong>Ort:<\/strong> Beratungsstelle COURAGE*, 5020 Salzburg, Getreidegasse 21, 4. OG<\/p>\n<p><strong>Kosten:<\/strong> Kosten\u00fcbernahme durch \u00d6GK; Ansonsten freie Spende<\/p>\n<p><strong>Teilnahme Voraussetzung:<\/strong> Verbindliche Teilnahme an der Gruppe<\/p>\n<p><strong>Info &amp; Anmeldung: <\/strong>Email: salzburg@courage-beratung.at<\/p>\n<p>Die Gruppe versteht sich als psychosoziale Begleitung auf dem Weg der Findung einer tragf\u00e4higen individuellen Geschlechtsidentit\u00e4t gem\u00e4\u00df den Behandlungsempfehlungen des BMG. Sollten Sie sich aktuell in einer psychotherapeutischen Einzeltherapie befinden und Interesse an der Gruppe haben, besprechen Sie das bitte mit Ihrer\/m Psychotherapeut*in.<\/p>\n<\/div><\/div><\/section>\n<section class='av_tab_section av_tab_section av-av_tab-fa34e21981218fde09401b9406544192'  itemscope=\"itemscope\" itemtype=\"https:\/\/schema.org\/CreativeWork\" ><div id='tab-id-2-tab' class='tab' role='tab' aria-selected=\"false\" tabindex=\"0\" data-fake-id='#tab-id-2' aria-controls='tab-id-2-content'  itemprop=\"headline\" >SEXUELLE GESUNDHEIT DER FRAU<\/div><div id='tab-id-2-content' class='tab_content' role='tabpanel' aria-labelledby='tab-id-2-tab' aria-hidden=\"true\"><div class='tab_inner_content invers-color'  itemprop=\"text\" ><h3><strong>SEXUELLE GESUNDHEIT DER FRAU &#8211; Sexualtherapeutisches Gruppenangebot<br class=\"avia-permanent-lb\" \/><br class=\"avia-permanent-lb\" \/><\/strong><\/h3>\n<p><strong>Themen: Identit\u00e4t, Lust, Verh\u00fctung, Vorsorge, Erkrankungen, Grenzen, Gewalt, Kinderwunsch, Geburt, hormonelle Ver\u00e4nderungen, Sexualit\u00e4t im Alter, &#8230;<\/strong><\/p>\n<p>Das Angebot richtet sich an Frauen jeden Alters, die Interesse daran haben, ihrer eigenen Identit\u00e4t als Frau und ihrem lustvollen Erleben auf die Spur zu kommen. Neben der Herausarbeitung individueller Bed\u00fcrfnisse, Grenzen und Fantasien, bietet sich die M\u00f6glichkeit viele weitere Themen die unmittelbar mit der weiblichen Sexualit\u00e4t in Verbindung stehen zu behandeln.<\/p>\n<p><strong>Leitung:<\/strong><\/p>\n<p><img loading=\"lazy\" decoding=\"async\" class=\"wp-image-2777 size-full alignleft\" src=\"https:\/\/w2023.courage-beratung.at\/wp-content\/uploads\/2024\/04\/Sabine_Thayer_small.jpg\" alt=\"\" width=\"60\" height=\"62\" srcset=\"https:\/\/www.courage-beratung.at\/wp-content\/uploads\/2024\/04\/Sabine_Thayer_small.jpg 60w, https:\/\/www.courage-beratung.at\/wp-content\/uploads\/2024\/04\/Sabine_Thayer_small-12x12.jpg 12w, https:\/\/www.courage-beratung.at\/wp-content\/uploads\/2024\/04\/Sabine_Thayer_small-36x36.jpg 36w\" sizes=\"auto, (max-width: 60px) 100vw, 60px\" \/><\/p>\n<div class=\"mitarbeiter_info\"><\/div>\n<div><strong>Sabine Thayer, BEd, BA<\/strong><br \/>\nP\u00e4dagogin, Philosophin und Psychotherapeutin\/Sexualtherapeutin.<br class=\"avia-permanent-lb\" \/><br class=\"avia-permanent-lb\" \/><br class=\"avia-permanent-lb\" \/><\/div>\n<div><\/div>\n<div><\/div>\n<div><\/div>\n<ul>\n<li><strong>Geschlossene Gruppe<\/strong><br \/>\n<strong>Termine werden auf Anfrage bekannt gegeben.<\/strong><\/li>\n<li><strong>Ort:<\/strong> Beratungsstelle COURAGE*, 5020 Salzburg, Getreidegasse 21, 4. OG<\/li>\n<li><strong>Info &#038; Anmeldung:<\/strong> telefonisch: <strong>0677 640 360 00<\/strong> oder\u00a0 per E-Mail: <strong>psychotherapie@sabine.thayer.at<\/strong><\/li>\n<\/ul>\n<\/div><\/div><\/section>\n<\/div><\/p><\/div>","protected":false},"excerpt":{"rendered":"","protected":false},"author":5,"featured_media":0,"parent":0,"menu_order":0,"comment_status":"closed","ping_status":"closed","template":"","meta":{"footnotes":""},"categories":[],"tags":[],"class_list":["post-3929","page","type-page","status-publish","hentry"],"_links":{"self":[{"href":"https:\/\/www.courage-beratung.at\/en\/wp-json\/wp\/v2\/pages\/3929","targetHints":{"allow":["GET"]}}],"collection":[{"href":"https:\/\/www.courage-beratung.at\/en\/wp-json\/wp\/v2\/pages"}],"about":[{"href":"https:\/\/www.courage-beratung.at\/en\/wp-json\/wp\/v2\/types\/page"}],"author":[{"embeddable":true,"href":"https:\/\/www.courage-beratung.at\/en\/wp-json\/wp\/v2\/users\/5"}],"replies":[{"embeddable":true,"href":"https:\/\/www.courage-beratung.at\/en\/wp-json\/wp\/v2\/comments?post=3929"}],"version-history":[{"count":35,"href":"https:\/\/www.courage-beratung.at\/en\/wp-json\/wp\/v2\/pages\/3929\/revisions"}],"predecessor-version":[{"id":8304,"href":"https:\/\/www.courage-beratung.at\/en\/wp-json\/wp\/v2\/pages\/3929\/revisions\/8304"}],"wp:attachment":[{"href":"https:\/\/www.courage-beratung.at\/en\/wp-json\/wp\/v2\/media?parent=3929"}],"wp:term":[{"taxonomy":"category","embeddable":true,"href":"https:\/\/www.courage-beratung.at\/en\/wp-json\/wp\/v2\/categories?post=3929"},{"taxonomy":"post_tag","embeddable":true,"href":"https:\/\/www.courage-beratung.at\/en\/wp-json\/wp\/v2\/tags?post=3929"}],"curies":[{"name":"wp","href":"https:\/\/api.w.org\/{rel}","templated":true}]}}