{"id":4294,"date":"2024-11-13T19:48:51","date_gmt":"2024-11-13T18:48:51","guid":{"rendered":"https:\/\/www.courage-beratung.at\/english-3\/"},"modified":"2024-11-13T19:57:42","modified_gmt":"2024-11-13T18:57:42","slug":"english-3","status":"publish","type":"page","link":"https:\/\/www.courage-beratung.at\/en\/english-3\/","title":{"rendered":"UNGARISCH"},"content":{"rendered":"<style type=\"text\/css\" data-created_by=\"avia_inline_auto\" id=\"style-css-av-lua3crth-259132757899b9a0e7ab2f8e195cc56d\">\n#top .av_textblock_section.av-lua3crth-259132757899b9a0e7ab2f8e195cc56d .avia_textblock{\nfont-size:16px;\n}\n<\/style>\n<section  class='av_textblock_section av-lua3crth-259132757899b9a0e7ab2f8e195cc56d'   itemscope=\"itemscope\" itemtype=\"https:\/\/schema.org\/CreativeWork\" ><div class='avia_textblock'  itemprop=\"text\" ><p><a href=\"https:\/\/w2023.courage-beratung.at\/wp-content\/uploads\/2024\/04\/COURAGE_LOGO_2022_RGB.svg\"><img decoding=\"async\" class=\"aligncenter wp-image-2795\" style=\"margin-top: 0px; margin-bottom: 0px;\" src=\"https:\/\/w2023.courage-beratung.at\/wp-content\/uploads\/2024\/04\/COURAGE_LOGO_2022_RGB.svg\" alt=\"\" width=\"300\" \/><\/a><\/p>\n<p>A COURAGE* egy tan\u00e1csad\u00f3 k\u00f6zpont, amely egy\u00e9neknek, partnereknek \u00e9s csal\u00e1doknak ny\u00fajt seg\u00edts\u00e9get sz\u00e1mos tan\u00e1csad\u00e1si t\u00e9m\u00e1ban:<\/p>\n<ul>\n<li>Szexualit\u00e1s \u00e9s kapcsolatok<\/li>\n<li>Azonos nem\u0171 \u00e9letm\u00f3d<\/li>\n<li>Transz* \/ Transz-identit\u00e1sok<\/li>\n<li>K\u00fcl\u00f6nf\u00e9le nemi identit\u00e1sok<\/li>\n<li>Inter* \/ Interszexualit\u00e1s<\/li>\n<li>Sziv\u00e1rv\u00e1ny csal\u00e1dok<\/li>\n<li>Er\u0151szak \u00e9s szexu\u00e1lis zaklat\u00e1s<\/li>\n<li>FLINTA, valamint meleg \u00e9s biszexu\u00e1lis f\u00e9rfiak elleni er\u0151szak<\/li>\n<li>Er\u0151szak FLINTA-szem\u00e9lyek, valamint meleg \u00e9s biszexu\u00e1lis f\u00e9rfiak ellen.<\/li>\n<\/ul>\n<p>Az Ausztriai Csal\u00e1d\u00fcgyi Miniszt\u00e9rium \u00e1ltal elismert, COURAGE* az els\u0151 olyan professzion\u00e1lis tan\u00e1csad\u00f3 k\u00f6zpont, amely leszbikus, meleg, biszexu\u00e1lis, transznem\u0171 \u00e9s interszexu\u00e1lis egy\u00e9neknek, valamint csal\u00e1djaiknak szentelt.<\/p>\n<p>A COURAGE* ingyenes, n\u00e9vtelen tan\u00e1csad\u00e1st biztos\u00edt egy\u00e9nek, p\u00e1rok, csal\u00e1dok \u00e9s csoportok sz\u00e1m\u00e1ra.<\/p>\n<p>Tan\u00e1csad\u00f3 k\u00f6zpontunk olyan kulcsfontoss\u00e1g\u00fa alapelvekre \u00e9p\u00fcl, mint a diszkr\u00e9ci\u00f3, az interkulturalizmus, valamint az \u00fcgyfeleinkkel szembeni p\u00e1rtatlan, vall\u00e1sk\u00f6zi megk\u00f6zel\u00edt\u00e9s fenntart\u00e1sa.<\/p>\n<p>A tan\u00e1csad\u00e1si szolg\u00e1ltat\u00e1sok a t\u00e1mogat\u00e1s sz\u00e9les sk\u00e1l\u00e1j\u00e1t \u00f6lelik fel, bele\u00e9rtve a kr\u00edzisintervenci\u00f3t, seg\u00edts\u00e9gny\u00fajt\u00e1st a kih\u00edv\u00e1sokkal teli id\u0151kben, a d\u00f6nt\u00e9shozatali folyamatokban val\u00f3 seg\u00edts\u00e9gny\u00fajt\u00e1st, az alternat\u00edv megold\u00e1sok felt\u00e1r\u00e1s\u00e1t, az inform\u00e1ci\u00f3khoz val\u00f3 hozz\u00e1f\u00e9r\u00e9st, az eg\u00e9szs\u00e9g\u00fcgyi \u00fatmutat\u00e1st \u00e9s az er\u0151szakmegel\u0151z\u00e9st.<\/p>\n<p>A COURAGE*-n\u00e1l professzion\u00e1lis csapatunkban f\u00e9rfiak \u00e9s n\u0151k egyar\u00e1nt megtal\u00e1lhat\u00f3k, akik k\u00fcl\u00f6nb\u00f6z\u0151 ter\u00fcleteken \u2013 p\u00e9ld\u00e1ul tan\u00e1csad\u00e1s, szoci\u00e1lis munka, pszichoter\u00e1pia, szexu\u00e1lis ter\u00e1pia, pszichol\u00f3gia, pszichi\u00e1tria, oktat\u00e1s, jogtudom\u00e1ny, medi\u00e1ci\u00f3, szuperv\u00edzi\u00f3 \u00e9s coaching \u2013 szak\u00e9rt\u0151k.<\/p>\n<p>El\u00e9rhet\u0151s\u00e9gek:<\/p>\n<p><strong>COURAGE*WIEN <br class=\"avia-permanent-lb\" \/><\/strong>Tel. 01\/585 69 66 <br class=\"avia-permanent-lb\" \/>Email: <a href=\"mailto:info@courage-beratung.at\">info@courage-beratung.at<\/a><\/p>\n<p><strong>COURAGE*GRAZ <br class=\"avia-permanent-lb\" \/><\/strong>Tel. 0699\/166 166 62 <br class=\"avia-permanent-lb\" \/><a href=\"mailto:graz@courage-beratung.at\">graz@courage-beratung.at<\/a><\/p>\n<p><strong>COURAGE*INNSBRUCK <br class=\"avia-permanent-lb\" \/><\/strong>Tel. 0699\/166 166 63 <br class=\"avia-permanent-lb\" \/><a href=\"mailto:innsbruck@courage-beratung.at\">innsbruck@courage-beratung.at<\/a><\/p>\n<p><strong>COURAGE*SALZBURG <br class=\"avia-permanent-lb\" \/><\/strong>Tel. 0699\/166 166 65 <br class=\"avia-permanent-lb\" \/><a href=\"mailto:salzburg@courage-beratung.at\">salzburg@courage-beratung.at<\/a><\/p>\n<p><strong>COURAGE*LINZ <br class=\"avia-permanent-lb\" \/><\/strong>Tel. 0699\/166 166 67 <br class=\"avia-permanent-lb\" \/><a href=\"mailto:linz@courage-beratung.at\">linz@courage-beratung.at<\/a><\/p>\n<p><strong>COURAGE*KLAGENFURT <br class=\"avia-permanent-lb\" \/><\/strong>Tel. 0660\/166 166 8 <br class=\"avia-permanent-lb\" \/><a href=\"mailto:klagenfurt@courage-beratung.at\">klagenfurt@courage-beratung.at<\/a><\/p>\n<p><strong>COURAGE*ST.P\u00d6LTEN <br class=\"avia-permanent-lb\" \/><\/strong>Tel. 0660\/386 663 0 <br class=\"avia-permanent-lb\" \/><a href=\"mailto:st.poelten@courage-beratung.at\">sanktpoelten@courage-beratung.at<\/a><\/p>\n<\/div><\/section>","protected":false},"excerpt":{"rendered":"","protected":false},"author":5,"featured_media":0,"parent":0,"menu_order":0,"comment_status":"closed","ping_status":"closed","template":"","meta":{"footnotes":""},"categories":[],"tags":[],"class_list":["post-4294","page","type-page","status-publish","hentry"],"_links":{"self":[{"href":"https:\/\/www.courage-beratung.at\/en\/wp-json\/wp\/v2\/pages\/4294","targetHints":{"allow":["GET"]}}],"collection":[{"href":"https:\/\/www.courage-beratung.at\/en\/wp-json\/wp\/v2\/pages"}],"about":[{"href":"https:\/\/www.courage-beratung.at\/en\/wp-json\/wp\/v2\/types\/page"}],"author":[{"embeddable":true,"href":"https:\/\/www.courage-beratung.at\/en\/wp-json\/wp\/v2\/users\/5"}],"replies":[{"embeddable":true,"href":"https:\/\/www.courage-beratung.at\/en\/wp-json\/wp\/v2\/comments?post=4294"}],"version-history":[{"count":6,"href":"https:\/\/www.courage-beratung.at\/en\/wp-json\/wp\/v2\/pages\/4294\/revisions"}],"predecessor-version":[{"id":4306,"href":"https:\/\/www.courage-beratung.at\/en\/wp-json\/wp\/v2\/pages\/4294\/revisions\/4306"}],"wp:attachment":[{"href":"https:\/\/www.courage-beratung.at\/en\/wp-json\/wp\/v2\/media?parent=4294"}],"wp:term":[{"taxonomy":"category","embeddable":true,"href":"https:\/\/www.courage-beratung.at\/en\/wp-json\/wp\/v2\/categories?post=4294"},{"taxonomy":"post_tag","embeddable":true,"href":"https:\/\/www.courage-beratung.at\/en\/wp-json\/wp\/v2\/tags?post=4294"}],"curies":[{"name":"wp","href":"https:\/\/api.w.org\/{rel}","templated":true}]}}