{"id":4297,"date":"2024-11-13T19:51:33","date_gmt":"2024-11-13T18:51:33","guid":{"rendered":"https:\/\/www.courage-beratung.at\/romanian\/"},"modified":"2024-11-13T19:51:33","modified_gmt":"2024-11-13T18:51:33","slug":"romanian","status":"publish","type":"page","link":"https:\/\/www.courage-beratung.at\/en\/romanian\/","title":{"rendered":"ROMANIAN"},"content":{"rendered":"<style type=\"text\/css\" data-created_by=\"avia_inline_auto\" id=\"style-css-av-lua3crth-259132757899b9a0e7ab2f8e195cc56d\">\n#top .av_textblock_section.av-lua3crth-259132757899b9a0e7ab2f8e195cc56d .avia_textblock{\nfont-size:16px;\n}\n<\/style>\n<section  class='av_textblock_section av-lua3crth-259132757899b9a0e7ab2f8e195cc56d'   itemscope=\"itemscope\" itemtype=\"https:\/\/schema.org\/CreativeWork\" ><div class='avia_textblock'  itemprop=\"text\" ><p><a href=\"https:\/\/w2023.courage-beratung.at\/wp-content\/uploads\/2024\/04\/COURAGE_LOGO_2022_RGB.svg\"><img decoding=\"async\" class=\"aligncenter wp-image-2795\" style=\"margin-top: 0px; margin-bottom: 0px;\" src=\"https:\/\/w2023.courage-beratung.at\/wp-content\/uploads\/2024\/04\/COURAGE_LOGO_2022_RGB.svg\" alt=\"\" width=\"300\" \/><\/a><\/p>\n<p>COURAGE* este un centru de consiliere care ofer\u0103 sprijin indiviziilor, partenerilor \u0219i<br \/>\nfamiliilor pe o serie de subiecte de consiliere:<\/p>\n<ul>\n<li>Sexualitate \u0219i rela\u021bii<\/li>\n<li>Stiluri de via\u021b\u0103 al cuplurilor cu parteneri de acela\u0219i sex<\/li>\n<li>Trans* \/ Transidentit\u0103\u021bi<\/li>\n<li>Varietate in varia\u021bia de gen<\/li>\n<li>Inter* \/ Intersexualitate<\/li>\n<li>Familiile Curcubeu<\/li>\n<li>Violen\u021b\u0103 \u0219i agresiuni sexuale<\/li>\n<li>Violen\u021ba \u00eempotriva FLINTA, precum \u0219i a b\u0103rba\u021bilor homosexuali \u0219i bisexuali<\/li>\n<\/ul>\n<p>Recunoscut de Ministerul Familiei din Austria, COURAGE* este primul centru de<br \/>\nconsiliere profesional\u0103 dedicat persoanelor lesbiene, homosexuali, bisexuale,<br \/>\ntransgender \u0219i intersexuale, \u00eempreun\u0103 cu familiile acestora.<\/p>\n<p>COURAGE* ofer\u0103 sesiuni gratuite de consiliere anonime pentru persoane, cupluri,<br \/>\nfamilii \u0219i grupuri.<\/p>\n<p>Centrul nostru de consiliere se bazeaz\u0103 pe principii cheie precum discre\u021bia,<br \/>\ninterculturalitatea \u0219i men\u021binerea unei abord\u0103ri non-partizane, inter-religioase fa\u021b\u0103 de<br \/>\nclien\u021bii no\u0219tri.<\/p>\n<p>Serviciile de consiliere cuprind o gam\u0103 larg\u0103 de asisten\u021b\u0103, inclusiv interven\u021bie \u00een<br \/>\nsitua\u021bii de criz\u0103, asisten\u021b\u0103 \u00een perioade dificile, asisten\u021b\u0103 \u00een procesele de luare a<br \/>\ndeciziilor, explorarea de solu\u021bii alternative, acces la informa\u021bii, \u00eendrum\u0103ri \u00een domeniul<br \/>\ns\u0103n\u0103t\u0103\u021bii \u0219i prevenirea violen\u021bei.<\/p>\n<p>La COURAGE*, echipa noastr\u0103 de profesioni\u0219ti include at\u00e2t b\u0103rba\u021bi, c\u00e2t \u0219i femei,<br \/>\nexper\u021bi \u00een diverse domenii precum consiliere, asisten\u021b\u0103 social\u0103, psihoterapie, terapie<br \/>\nsexual\u0103, psihologie, psihiatrie, educa\u021bie, jurispruden\u021b\u0103, mediere, supraveghere \u0219i<br \/>\ncoaching.<\/p>\n<p>Contacte:<\/p>\n<p><strong>COURAGE*WIEN <br class=\"avia-permanent-lb\" \/><\/strong>Tel. 01\/585 69 66 <br class=\"avia-permanent-lb\" \/>Email: <a href=\"mailto:info@courage-beratung.at\">info@courage-beratung.at<\/a><\/p>\n<p><strong>COURAGE*GRAZ <br class=\"avia-permanent-lb\" \/><\/strong>Tel. 0699\/166 166 62 <br class=\"avia-permanent-lb\" \/><a href=\"mailto:graz@courage-beratung.at\">graz@courage-beratung.at<\/a><\/p>\n<p><strong>COURAGE*INNSBRUCK <br class=\"avia-permanent-lb\" \/><\/strong>Tel. 0699\/166 166 63 <br class=\"avia-permanent-lb\" \/><a href=\"mailto:innsbruck@courage-beratung.at\">innsbruck@courage-beratung.at<\/a><\/p>\n<p><strong>COURAGE*SALZBURG <br class=\"avia-permanent-lb\" \/><\/strong>Tel. 0699\/166 166 65 <br class=\"avia-permanent-lb\" \/><a href=\"mailto:salzburg@courage-beratung.at\">salzburg@courage-beratung.at<\/a><\/p>\n<p><strong>COURAGE*LINZ <br class=\"avia-permanent-lb\" \/><\/strong>Tel. 0699\/166 166 67 <br class=\"avia-permanent-lb\" \/><a href=\"mailto:linz@courage-beratung.at\">linz@courage-beratung.at<\/a><\/p>\n<p><strong>COURAGE*KLAGENFURT <br class=\"avia-permanent-lb\" \/><\/strong>Tel. 0660\/166 166 8 <br class=\"avia-permanent-lb\" \/><a href=\"mailto:klagenfurt@courage-beratung.at\">klagenfurt@courage-beratung.at<\/a><\/p>\n<p><strong>COURAGE*ST.P\u00d6LTEN <br class=\"avia-permanent-lb\" \/><\/strong>Tel. 0660\/386 663 0 <br class=\"avia-permanent-lb\" \/><a href=\"mailto:st.poelten@courage-beratung.at\">sanktpoelten@courage-beratung.at<\/a><\/p>\n<\/div><\/section>","protected":false},"excerpt":{"rendered":"","protected":false},"author":5,"featured_media":0,"parent":0,"menu_order":0,"comment_status":"closed","ping_status":"closed","template":"","meta":{"footnotes":""},"categories":[],"tags":[],"class_list":["post-4297","page","type-page","status-publish","hentry"],"_links":{"self":[{"href":"https:\/\/www.courage-beratung.at\/en\/wp-json\/wp\/v2\/pages\/4297","targetHints":{"allow":["GET"]}}],"collection":[{"href":"https:\/\/www.courage-beratung.at\/en\/wp-json\/wp\/v2\/pages"}],"about":[{"href":"https:\/\/www.courage-beratung.at\/en\/wp-json\/wp\/v2\/types\/page"}],"author":[{"embeddable":true,"href":"https:\/\/www.courage-beratung.at\/en\/wp-json\/wp\/v2\/users\/5"}],"replies":[{"embeddable":true,"href":"https:\/\/www.courage-beratung.at\/en\/wp-json\/wp\/v2\/comments?post=4297"}],"version-history":[{"count":0,"href":"https:\/\/www.courage-beratung.at\/en\/wp-json\/wp\/v2\/pages\/4297\/revisions"}],"wp:attachment":[{"href":"https:\/\/www.courage-beratung.at\/en\/wp-json\/wp\/v2\/media?parent=4297"}],"wp:term":[{"taxonomy":"category","embeddable":true,"href":"https:\/\/www.courage-beratung.at\/en\/wp-json\/wp\/v2\/categories?post=4297"},{"taxonomy":"post_tag","embeddable":true,"href":"https:\/\/www.courage-beratung.at\/en\/wp-json\/wp\/v2\/tags?post=4297"}],"curies":[{"name":"wp","href":"https:\/\/api.w.org\/{rel}","templated":true}]}}