{"id":652,"date":"2023-06-10T15:22:43","date_gmt":"2023-06-10T13:22:43","guid":{"rendered":"https:\/\/w2023.courage-beratung.at\/quick-help-2\/wichtige-kontakte-2\/"},"modified":"2023-06-10T15:22:59","modified_gmt":"2023-06-10T13:22:59","slug":"kontakte-courage","status":"publish","type":"page","link":"https:\/\/www.courage-beratung.at\/en\/home_2\/quick-help\/kontakte-courage\/","title":{"rendered":"Kontakte COURAGE"},"content":{"rendered":"<div id='layer_slider_1'  class='avia-layerslider main_color avia-shadow  avia-builder-el-0  el_before_av_section  avia-builder-el-first  container_wrap fullsize'  style='height: 258px; max-width: 1350px; margin: 0 auto;'  ><\/div>\n\n<style type=\"text\/css\" data-created_by=\"avia_inline_auto\" id=\"style-css-av-lcs73wib-87af7e258d4c6fdf68e7186fa1450cab\">\n.avia-section.av-lcs73wib-87af7e258d4c6fdf68e7186fa1450cab{\nbackground-color:#ffffff;\nbackground-image:unset;\n}\n<\/style>\n<div id='av_section_1'  class='avia-section av-lcs73wib-87af7e258d4c6fdf68e7186fa1450cab main_color avia-section-default avia-no-border-styling  avia-builder-el-1  el_after_av_layerslider  el_before_av_section  avia-bg-style-scroll container_wrap fullsize'  ><div class='container av-section-cont-open' ><div class='template-page content  av-content-full alpha units'><div class='post-entry post-entry-type-page post-entry-652'><div class='entry-content-wrapper clearfix'>\n<div  class='flex_column av-3sgdh-9b30376e83827d9ad8f14ead68371175 av_one_full  avia-builder-el-2  el_before_av_one_half  avia-builder-el-first  first flex_column_div'     ><style type=\"text\/css\" data-created_by=\"avia_inline_auto\" id=\"style-css-av-lhza1va3-e122c57625e881a82477e0675a088d09\">\n#top .av-special-heading.av-lhza1va3-e122c57625e881a82477e0675a088d09{\npadding-bottom:10px;\ncolor:#954b97;\n}\nbody .av-special-heading.av-lhza1va3-e122c57625e881a82477e0675a088d09 .av-special-heading-tag .heading-char{\nfont-size:25px;\n}\n.av-special-heading.av-lhza1va3-e122c57625e881a82477e0675a088d09 .special-heading-inner-border{\nborder-color:#954b97;\n}\n.av-special-heading.av-lhza1va3-e122c57625e881a82477e0675a088d09 .av-subheading{\nfont-size:15px;\n}\nbody .av-special-heading.av-lhza1va3-e122c57625e881a82477e0675a088d09 .av-special-heading-tag .heading-wrap:before{\nborder-color:#954b97;\n}\nbody .av-special-heading.av-lhza1va3-e122c57625e881a82477e0675a088d09 .av-special-heading-tag .heading-wrap:after{\nborder-color:#954b97;\n}\n<\/style>\n<div  class='av-special-heading av-lhza1va3-e122c57625e881a82477e0675a088d09 av-special-heading-h3 custom-color-heading blockquote elegant-quote elegant-centered  avia-builder-el-3  avia-builder-el-no-sibling'><h3 class='av-special-heading-tag'  itemprop=\"headline\"  ><span class=\"heading-wrap\">PROJEKTE 2023<\/span><\/h3><div class=\"special-heading-border\"><div class=\"special-heading-inner-border\"><\/div><\/div><\/div><\/div><div  class='flex_column av-mwoof-4a19191676cb5ae08b70120f9e936d91 av_one_half  avia-builder-el-4  el_after_av_one_full  el_before_av_one_half  first flex_column_div  column-top-margin'     ><style type=\"text\/css\" data-created_by=\"avia_inline_auto\" id=\"style-css-av-lifu04su-e106d40c2b7fd4c9f3a66f6dd267465f\">\n#top .av_textblock_section.av-lifu04su-e106d40c2b7fd4c9f3a66f6dd267465f .avia_textblock{\nfont-size:22px;\ncolor:#954b97;\n}\n<\/style>\n<section  class='av_textblock_section av-lifu04su-e106d40c2b7fd4c9f3a66f6dd267465f'   itemscope=\"itemscope\" itemtype=\"https:\/\/schema.org\/CreativeWork\" ><div class='avia_textblock av_inherit_color'  itemprop=\"text\" ><div class=\"page\" title=\"Page 1\">\n<div class=\"section\">\n<div class=\"layoutArea\">\n<div class=\"column\">\n\n<style type=\"text\/css\" data-created_by=\"avia_inline_auto\" id=\"style-css-av-3rdpa7-ece9f59c669dbf4f4b2881cd0549c88b\">\n#top .hr.hr-invisible.av-3rdpa7-ece9f59c669dbf4f4b2881cd0549c88b{\nmargin-top:-45px;\nheight:1px;\n}\n<\/style>\n<div  class='hr av-3rdpa7-ece9f59c669dbf4f4b2881cd0549c88b hr-invisible  avia-builder-el-6  el_before_av_font_icon  avia-builder-el-first'><span class='hr-inner'><span class=\"hr-inner-style\"><\/span><\/span><\/div><\/p>\n<p><strong>YOUNG TRANS*INTER*CAMP 2023 13.JULI 2022 \u2013 17.JULI 2022<\/strong><\/p>\n<p><span style=\"color: #000000;\">Im Juli 2023 findet erneut das Young Trans*Inter*Camp fu\u0308r Kinder und Jugendliche zwischen 10 und 22 Jahren statt. Heuer werden wir im Jufa in Murau\/Steiermark sein. Ihr ko\u0308nnt euch ab jetzt dafu\u0308r anmelden. Die Anmeldung ist fix sobald der Campbeitrag bezahlt ist.<\/span><\/p>\n<p><strong>Alle Informationen zum CAMP sowie die Mo\u0308glichkeit zur Anmeldung finden sich hier:<\/strong><\/p>\n<p>\n<style type=\"text\/css\" data-created_by=\"avia_inline_auto\" id=\"style-css-av-fuxnb-527904eb4fcf32ce5b11e9b3d99c1546\">\n.av_font_icon.av-fuxnb-527904eb4fcf32ce5b11e9b3d99c1546{\ncolor:#954b97;\nborder-color:#954b97;\n}\n.avia-svg-icon.av-fuxnb-527904eb4fcf32ce5b11e9b3d99c1546 svg:first-child{\nstroke:#954b97;\nfill:#954b97;\n}\n.av_font_icon.av-fuxnb-527904eb4fcf32ce5b11e9b3d99c1546 .av-icon-char{\nfont-size:40px;\nline-height:40px;\n}\n<\/style>\n<span  class='av_font_icon av-fuxnb-527904eb4fcf32ce5b11e9b3d99c1546 avia_animate_when_visible av-icon-style- avia-icon-pos-left avia-iconfont avia-font-entypo-fontello avia-icon-animate'><span class='av-icon-char' data-av_icon='\ue85d' data-av_iconfont='entypo-fontello' aria-hidden=\"true\" data-avia-icon-tooltip=\"&lt;br \/&gt;Download&lt;br \/&gt;\"><\/span><\/span>\n<\/div>\n<\/div>\n<\/div>\n<\/div>\n<\/div><\/section><\/div><div  class='flex_column av-aktif-46666484c589923489cff97aa55812e2 av_one_half  avia-builder-el-8  el_after_av_one_half  avia-builder-el-last  flex_column_div  column-top-margin'     ><style type=\"text\/css\" data-created_by=\"avia_inline_auto\" id=\"style-css-av-lifu37gt-39ab6a0fdb49eb14300dec028901705e\">\n.avia-image-container.av-lifu37gt-39ab6a0fdb49eb14300dec028901705e img.avia_image{\nbox-shadow:none;\n}\n.avia-image-container.av-lifu37gt-39ab6a0fdb49eb14300dec028901705e .av-image-caption-overlay-center{\ncolor:#ffffff;\n}\n<\/style>\n<div  class='avia-image-container av-lifu37gt-39ab6a0fdb49eb14300dec028901705e av-styling- avia-align-center  avia-builder-el-9  avia-builder-el-no-sibling'   itemprop=\"image\" itemscope=\"itemscope\" itemtype=\"https:\/\/schema.org\/ImageObject\" ><div class=\"avia-image-container-inner\"><div class=\"avia-image-overlay-wrap\"><img decoding=\"async\" fetchpriority=\"high\" class='wp-image-107 avia-img-lazy-loading-not-107 avia_image' src=\"https:\/\/www.courage-beratung.at\/wp-content\/uploads\/2023\/01\/bildung.jpg\" alt='' title='bildung'  height=\"593\" width=\"511\"  itemprop=\"thumbnailUrl\" srcset=\"https:\/\/www.courage-beratung.at\/wp-content\/uploads\/2023\/01\/bildung.jpg 511w, https:\/\/www.courage-beratung.at\/wp-content\/uploads\/2023\/01\/bildung-259x300.jpg 259w\" sizes=\"(max-width: 511px) 100vw, 511px\" \/><\/div><\/div><\/div><\/div><\/div><\/div><\/div><!-- close content main div --><\/div><\/div>\n<style type=\"text\/css\" data-created_by=\"avia_inline_auto\" id=\"style-css-av-86ygc-a36f5ed44eb55057072c8b93afa4f0d9\">\n.avia-section.av-86ygc-a36f5ed44eb55057072c8b93afa4f0d9{\nbackground-color:#fcfcfc;\nbackground-image:unset;\n}\n<\/style>\n<div id='av_section_2'  class='avia-section av-86ygc-a36f5ed44eb55057072c8b93afa4f0d9 main_color avia-section-default avia-no-border-styling  avia-builder-el-10  el_after_av_section  el_before_av_section  avia-bg-style-scroll container_wrap fullsize'  ><div class='container av-section-cont-open' ><div class='template-page content  av-content-full alpha units'><div class='post-entry post-entry-type-page post-entry-652'><div class='entry-content-wrapper clearfix'>\n<div  class='flex_column av-21no9w-465f91b084a874a0352fecb72062b8f0 av_one_full  avia-builder-el-11  el_before_av_one_full  avia-builder-el-first  first flex_column_div'     ><style type=\"text\/css\" data-created_by=\"avia_inline_auto\" id=\"style-css-av-liftvmej-7c709bf7748c511fb1b817697177374b\">\n#top .av-special-heading.av-liftvmej-7c709bf7748c511fb1b817697177374b{\npadding-bottom:10px;\ncolor:#954b97;\n}\nbody .av-special-heading.av-liftvmej-7c709bf7748c511fb1b817697177374b .av-special-heading-tag .heading-char{\nfont-size:25px;\n}\n.av-special-heading.av-liftvmej-7c709bf7748c511fb1b817697177374b .special-heading-inner-border{\nborder-color:#954b97;\n}\n.av-special-heading.av-liftvmej-7c709bf7748c511fb1b817697177374b .av-subheading{\nfont-size:15px;\n}\nbody .av-special-heading.av-liftvmej-7c709bf7748c511fb1b817697177374b .av-special-heading-tag .heading-wrap:before{\nborder-color:#954b97;\n}\nbody .av-special-heading.av-liftvmej-7c709bf7748c511fb1b817697177374b .av-special-heading-tag .heading-wrap:after{\nborder-color:#954b97;\n}\n<\/style>\n<div  class='av-special-heading av-liftvmej-7c709bf7748c511fb1b817697177374b av-special-heading-h3 custom-color-heading blockquote elegant-quote elegant-centered  avia-builder-el-12  avia-builder-el-no-sibling'><h3 class='av-special-heading-tag'  itemprop=\"headline\"  ><span class=\"heading-wrap\">ARCHIV<\/span><\/h3><div class=\"special-heading-border\"><div class=\"special-heading-inner-border\"><\/div><\/div><\/div><\/div>\n<style type=\"text\/css\" data-created_by=\"avia_inline_auto\" id=\"style-css-av-1u78p0-817e5537e6bfe7ab9f695295e2aa38cf\">\n.flex_column.av-1u78p0-817e5537e6bfe7ab9f695295e2aa38cf{\nborder-radius:2px 2px 2px 2px;\npadding:0 0 0 0;\n}\n<\/style>\n<div  class='flex_column av-1u78p0-817e5537e6bfe7ab9f695295e2aa38cf av_one_full  avia-builder-el-13  el_after_av_one_full  avia-builder-el-last  first flex_column_div av-zero-column-padding  column-top-margin'     ><style type=\"text\/css\" data-created_by=\"avia_inline_auto\" id=\"style-css-av-1qa7j8-0bd363d06addc1ea4e66e42a44894a7f\">\n#top .togglecontainer.av-1qa7j8-0bd363d06addc1ea4e66e42a44894a7f h3.toggler{\nfont-size:20px;\ncolor:#ffffff;\nbackground-color:#954b97;\n}\n#top .togglecontainer.av-1qa7j8-0bd363d06addc1ea4e66e42a44894a7f h3.toggler .toggle_icon{\ncolor:#ffffff;\nborder-color:#ffffff;\n}\n#top .togglecontainer.av-1qa7j8-0bd363d06addc1ea4e66e42a44894a7f .toggle_wrap .toggle_content{\nfont-size:18px;\ncolor:#ffffff;\nbackground-color:#954b97;\n}\n<\/style>\n<div  class='togglecontainer av-1qa7j8-0bd363d06addc1ea4e66e42a44894a7f av-minimal-toggle  avia-builder-el-14  avia-builder-el-no-sibling  toggle_close_all' >\n<section class='av_toggle_section av-1kab5o-5d9400f5b29453d32e92c2f5fddba391'  itemscope=\"itemscope\" itemtype=\"https:\/\/schema.org\/CreativeWork\" ><div role=\"tablist\" class=\"single_toggle\" data-tags=\"{All} \"  ><h3 id='toggle-toggle-id-1' data-fake-id='#toggle-id-1' class='toggler  av-title-above av-inherit-font-color hasCustomColor'  itemprop=\"headline\"  role='tab' tabindex='0' aria-controls='toggle-id-1' data-slide-speed=\"200\" data-title=\"PROJEKTE 2022\" data-title-open=\"\" data-aria_collapsed=\"Click to expand: PROJEKTE 2022\" data-aria_expanded=\"Click to collapse: PROJEKTE 2022\">PROJEKTE 2022<span class=\"toggle_icon\"><span class=\"vert_icon\"><\/span><span class=\"hor_icon\"><\/span><\/span><\/h3><div id='toggle-id-1' aria-labelledby='toggle-toggle-id-1' role='region' class='toggle_wrap  av-title-above'  ><div class='toggle_content invers-color av-inherit-font-color hasCustomColor'  itemprop=\"text\" ><div class=\"section\">\n<div class=\"layoutArea\">\n<div class=\"column\">\n<div class=\"page\" title=\"Page 1\">\n<div class=\"section\">\n<div class=\"layoutArea\">\n<div class=\"column\">\n<p>Text hier<\/p>\n<\/div>\n<\/div>\n<\/div>\n<\/div>\n<div class=\"page\" title=\"Page 1\">\n<div class=\"section\">\n<div class=\"layoutArea\">\n<div class=\"column\"><\/div>\n<\/div>\n<\/div>\n<\/div>\n<\/div>\n<\/div>\n<\/div>\n<\/div><\/div><\/div><\/section>\n<section class='av_toggle_section av-18xkng-895ae19aaf4f456293f64189a1adf59a'  itemscope=\"itemscope\" itemtype=\"https:\/\/schema.org\/CreativeWork\" ><div role=\"tablist\" class=\"single_toggle\" data-tags=\"{All} \"  ><h3 id='toggle-toggle-id-2' data-fake-id='#toggle-id-2' class='toggler  av-title-above av-inherit-font-color hasCustomColor'  itemprop=\"headline\"  role='tab' tabindex='0' aria-controls='toggle-id-2' data-slide-speed=\"200\" data-title=\"PROJEKTE 2021\" data-title-open=\"\" data-aria_collapsed=\"Click to expand: PROJEKTE 2021\" data-aria_expanded=\"Click to collapse: PROJEKTE 2021\">PROJEKTE 2021<span class=\"toggle_icon\"><span class=\"vert_icon\"><\/span><span class=\"hor_icon\"><\/span><\/span><\/h3><div id='toggle-id-2' aria-labelledby='toggle-toggle-id-2' role='region' class='toggle_wrap  av-title-above'  ><div class='toggle_content invers-color av-inherit-font-color hasCustomColor'  itemprop=\"text\" ><p>Text hier<\/p>\n<\/div><\/div><\/div><\/section>\n<\/div><\/div><\/div><\/div><\/div><!-- close content main div --><\/div><\/div>\n<style type=\"text\/css\" data-created_by=\"avia_inline_auto\" id=\"style-css-av-lctd8293-6201d900631e5e9b2e900f2502ed3493\">\n.avia-section.av-lctd8293-6201d900631e5e9b2e900f2502ed3493{\nbackground-color:#76b843;\nbackground-image:unset;\n}\n<\/style>\n<div id='av_section_3'  class='avia-section av-lctd8293-6201d900631e5e9b2e900f2502ed3493 main_color avia-section-default avia-no-border-styling  avia-builder-el-15  el_after_av_section  el_before_av_section  avia-bg-style-scroll container_wrap fullsize'  ><div class='container av-section-cont-open' ><div class='template-page content  av-content-full alpha units'><div class='post-entry post-entry-type-page post-entry-652'><div class='entry-content-wrapper clearfix'>\n\n<style type=\"text\/css\" data-created_by=\"avia_inline_auto\" id=\"style-css-av-lctd8bkc-05752c00684f44e0570c19706d32c812\">\n#top .av_textblock_section.av-lctd8bkc-05752c00684f44e0570c19706d32c812 .avia_textblock{\nfont-size:18px;\n}\n<\/style>\n<section  class='av_textblock_section av-lctd8bkc-05752c00684f44e0570c19706d32c812'   itemscope=\"itemscope\" itemtype=\"https:\/\/schema.org\/CreativeWork\" ><div class='avia_textblock'  itemprop=\"text\" ><div class=\"page\" title=\"Page 1\">\n<div class=\"section\">\n<div class=\"layoutArea\">\n<div class=\"column\">\n\n<style type=\"text\/css\" data-created_by=\"avia_inline_auto\" id=\"style-css-av-1apw9-d1c29b8787e2ed23f5080169af4dbd60\">\n#top .hr.hr-invisible.av-1apw9-d1c29b8787e2ed23f5080169af4dbd60{\nmargin-top:-90px;\nheight:1px;\n}\n<\/style>\n<div  class='hr av-1apw9-d1c29b8787e2ed23f5080169af4dbd60 hr-invisible  avia-builder-el-17  el_before_av_button  avia-builder-el-first'><span class='hr-inner'><span class=\"hr-inner-style\"><\/span><\/span><\/div><\/p>\n<h1 style=\"text-align: center;\">NEWSLETTER<\/h1>\n<p style=\"text-align: center;\">Der COURAGE-Newsletter informiert Sie regelm\u00e4\u00dfig \u00fcber die Angebote der COURAGE,<br \/>\nNews, Termine und Hinweise zum Themenschwerpunkt.<\/p>\n<p><div  class='avia-button-wrap av-vizd-4-9d697718a6460c325878296697441239-wrap avia-button-center  avia-builder-el-18  el_after_av_hr  el_before_av_hr'>\n<style type=\"text\/css\" data-created_by=\"avia_inline_auto\" id=\"style-css-av-vizd-4-9d697718a6460c325878296697441239\">\n#top #wrap_all .avia-button.av-vizd-4-9d697718a6460c325878296697441239{\nfont-size:16px;\ncolor:#76b843;\ntransition:all 0.4s ease-in-out;\n}\n#top #wrap_all .avia-button.av-vizd-4-9d697718a6460c325878296697441239:hover{\ncolor:#76b843;\ntransition:all 0.4s ease-in-out;\n}\n#top #wrap_all .avia-button.av-vizd-4-9d697718a6460c325878296697441239 .avia-svg-icon svg:first-child{\nfill:#76b843;\nstroke:#76b843;\n}\n#top #wrap_all .avia-button.av-vizd-4-9d697718a6460c325878296697441239:hover .avia-svg-icon svg:first-child{\nfill:#76b843;\nstroke:#76b843;\n}\n<\/style>\n<a href=''  class='avia-button av-vizd-4-9d697718a6460c325878296697441239 av-link-btn avia-icon_select-no avia-size-medium avia-position-center avia-color-white'   aria-label=\"Jetzt anmelden\"><span class='avia_iconbox_title' >Jetzt anmelden<\/span><span class='avia_button_background avia-button avia-color-light' ><\/span><\/a><\/div><br \/>\n\n<style type=\"text\/css\" data-created_by=\"avia_inline_auto\" id=\"style-css-av-chhfl-9da795f2927fde420ae00778a46df3da\">\n#top .hr.hr-invisible.av-chhfl-9da795f2927fde420ae00778a46df3da{\nmargin-top:-80px;\nheight:1px;\n}\n<\/style>\n<div  class='hr av-chhfl-9da795f2927fde420ae00778a46df3da hr-invisible  avia-builder-el-19  el_after_av_button  avia-builder-el-last'><span class='hr-inner'><span class=\"hr-inner-style\"><\/span><\/span><\/div><\/p>\n<p style=\"text-align: center;\">\n<\/div>\n<\/div>\n<\/div>\n<\/div>\n<\/div><\/section>\n<\/p>\n<\/div><\/div><\/div><!-- close content main div --><\/div><\/div>\n<style type=\"text\/css\" data-created_by=\"avia_inline_auto\" id=\"style-css-av-lhzax262-bbb8c1956fcae839ceb7e0a8d4c3b658\">\n.avia-section.av-lhzax262-bbb8c1956fcae839ceb7e0a8d4c3b658{\nbackground-color:#333333;\nbackground-image:unset;\n}\n<\/style>\n<div id='av_section_4'  class='avia-section av-lhzax262-bbb8c1956fcae839ceb7e0a8d4c3b658 main_color avia-section-default avia-no-border-styling  avia-builder-el-20  el_after_av_section  avia-builder-el-last  avia-bg-style-scroll container_wrap fullsize'  ><div class='container av-section-cont-open' ><div class='template-page content  av-content-full alpha units'><div class='post-entry post-entry-type-page post-entry-652'><div class='entry-content-wrapper clearfix'>\n\n<style type=\"text\/css\" data-created_by=\"avia_inline_auto\" id=\"style-css-av-lhzb08ck-26da1e465f500b75cf3a44f8c70baae6\">\n.avia-image-container.av-lhzb08ck-26da1e465f500b75cf3a44f8c70baae6 img.avia_image{\nbox-shadow:none;\n}\n.avia-image-container.av-lhzb08ck-26da1e465f500b75cf3a44f8c70baae6 .av-image-caption-overlay-center{\ncolor:#ffffff;\n}\n<\/style>\n<div  class='avia-image-container av-lhzb08ck-26da1e465f500b75cf3a44f8c70baae6 av-styling- avia_animated_image av-animated-when-visible-95 fade-in avia-align-center  avia-builder-el-21  el_before_av_one_fourth  avia-builder-el-first'   itemprop=\"image\" itemscope=\"itemscope\" itemtype=\"https:\/\/schema.org\/ImageObject\" ><div class=\"avia-image-container-inner\"><div class=\"avia-image-overlay-wrap\"><img decoding=\"async\" fetchpriority=\"high\" class='wp-image-245 avia-img-lazy-loading-not-245 avia_image' src=\"https:\/\/www.courage-beratung.at\/wp-content\/uploads\/2023\/05\/courage_logo_500-180x180.png\" alt='' title='courage_logo_500'  height=\"180\" width=\"180\"  itemprop=\"thumbnailUrl\" srcset=\"https:\/\/www.courage-beratung.at\/wp-content\/uploads\/2023\/05\/courage_logo_500-180x180.png 180w, https:\/\/www.courage-beratung.at\/wp-content\/uploads\/2023\/05\/courage_logo_500-80x80.png 80w, https:\/\/www.courage-beratung.at\/wp-content\/uploads\/2023\/05\/courage_logo_500-36x36.png 36w\" sizes=\"(max-width: 180px) 100vw, 180px\" \/><\/div><\/div><\/div>\n<div  class='flex_column av-2wgg1-b4d29481eee30796161194a5cf9487db av_one_fourth  avia-builder-el-22  el_after_av_image  el_before_av_one_fourth  first flex_column_div'     ><section  class='av_textblock_section av-lhzb6kxc-cdf0cdbc9486bb573acd4c6f990b16df'   itemscope=\"itemscope\" itemtype=\"https:\/\/schema.org\/CreativeWork\" ><div class='avia_textblock'  itemprop=\"text\" ><h4 style=\"text-align: center;\">QUICK HELP<\/h4>\n<p style=\"text-align: center;\">FAQs<\/p>\n<p style=\"text-align: center;\">Empfehlungsliste<\/p>\n<p style=\"text-align: center;\">Wichtige Kontakte<\/p>\n<p style=\"text-align: center;\">Kontakte Courage<\/p>\n<p style=\"text-align: center;\">Downloads<\/p>\n<p style=\"text-align: center;\">Newsletter<\/p>\n<\/div><\/section><\/div><div  class='flex_column av-2cpc1-7ff55cfae2c77291bdeed838c595138f av_one_fourth  avia-builder-el-24  el_after_av_one_fourth  el_before_av_one_fourth  flex_column_div'     ><section  class='av_textblock_section av-lhzb8ask-e5eeed49ba7004dc010f95bcd3ab5ae4'   itemscope=\"itemscope\" itemtype=\"https:\/\/schema.org\/CreativeWork\" ><div class='avia_textblock'  itemprop=\"text\" ><h4 style=\"text-align: center;\">ANGEBOT<\/h4>\n<div class=\"page\" title=\"Page 1\">\n<div class=\"section\">\n<div class=\"layoutArea\">\n<div class=\"column\">\n<p style=\"text-align: center;\">Beratung<\/p>\n<p style=\"text-align: center;\">Projekte<\/p>\n<p style=\"text-align: center;\">Infoabende<\/p>\n<p style=\"text-align: center;\">Newsletter<\/p>\n<\/div>\n<\/div>\n<\/div>\n<\/div>\n<\/div><\/section><\/div><div  class='flex_column av-1r7ex-ea08cfac74d54694b223c75164b778d6 av_one_fourth  avia-builder-el-26  el_after_av_one_fourth  el_before_av_one_fourth  flex_column_div'     ><section  class='av_textblock_section av-lhzb8ymu-8f99dbf0043b3876a40dbb95d35c11ea'   itemscope=\"itemscope\" itemtype=\"https:\/\/schema.org\/CreativeWork\" ><div class='avia_textblock'  itemprop=\"text\" ><h4 style=\"text-align: center;\">BILDUNG<\/h4>\n<div class=\"page\" title=\"Page 1\">\n<div class=\"section\">\n<div class=\"layoutArea\">\n<div class=\"column\">\n<p style=\"text-align: center;\">Seminare<\/p>\n<p style=\"text-align: center;\">Praktikum<\/p>\n<p style=\"text-align: center;\">Ehrenamt<\/p>\n<p style=\"text-align: center;\">Workshops<\/p>\n<p style=\"text-align: center;\">Newsletter<\/p>\n<p style=\"text-align: center;\">Offene Stellen<\/p>\n<\/div>\n<\/div>\n<\/div>\n<\/div>\n<\/div><\/section><\/div><div  class='flex_column av-u7wx-3e089984380eeccb3282cfe609d4993b av_one_fourth  avia-builder-el-28  el_after_av_one_fourth  el_before_av_one_fourth  flex_column_div'     ><section  class='av_textblock_section av-lhzb9l73-5f9d0e064881ed29eb6f96e3a3281e9e'   itemscope=\"itemscope\" itemtype=\"https:\/\/schema.org\/CreativeWork\" ><div class='avia_textblock'  itemprop=\"text\" ><h4 style=\"text-align: center;\">\u00dcBER COURAGE<\/h4>\n<div class=\"page\" title=\"Page 1\">\n<div class=\"section\">\n<div class=\"layoutArea\">\n<div class=\"column\">\n<p style=\"text-align: center;\">Kontakt<\/p>\n<p style=\"text-align: center;\">Courage<\/p>\n<p style=\"text-align: center;\">Teams<\/p>\n<p style=\"text-align: center;\">Komitee<\/p>\n<p style=\"text-align: center;\">Spenden<\/p>\n<p style=\"text-align: center;\">Leitbild\/Ziele<\/p>\n<p style=\"text-align: center;\">Newsletter<\/p>\n<\/div>\n<\/div>\n<\/div>\n<\/div>\n<\/div><\/section><\/div><div  class='flex_column av-2qvd5-98710e930fa0809c9ac7874eab0c7214 av_one_fourth  avia-builder-el-30  el_after_av_one_fourth  el_before_av_one_half  first flex_column_div  column-top-margin'     ><\/div><div  class='flex_column av-21ly9-cbc94582b6e003d450432a9f6993106e av_one_half  avia-builder-el-31  el_after_av_one_fourth  el_before_av_one_fourth  flex_column_div  column-top-margin'     ><div  class='hr av-1f1ol-6e6d649ba179c750b935499cd2ac1e91 hr-default  avia-builder-el-32  avia-builder-el-no-sibling'><span class='hr-inner'><span class=\"hr-inner-style\"><\/span><\/span><\/div><\/div><div  class='flex_column av-rrhl-b618860b401f876923b7d6dec06254a2 av_one_fourth  avia-builder-el-33  el_after_av_one_half  el_before_av_textblock  flex_column_div  column-top-margin'     ><\/div><section  class='av_textblock_section av-lhzbatky-d3f031fa639036c32042b67203a11dff'   itemscope=\"itemscope\" itemtype=\"https:\/\/schema.org\/CreativeWork\" ><div class='avia_textblock'  itemprop=\"text\" ><div class=\"page\" style=\"text-align: center;\" title=\"Page 1\">\n<div class=\"section\">\n<div class=\"layoutArea\">\n<div class=\"column\">\n<p style=\"text-align: center;\"><strong>Beratungsstelle COURAGE * PartnerInnen-, Familien- und Sexualberatungsstelle<\/strong><\/p>\n<p>Windmu\u0308hlgasse 15\/1\/7<br \/>\n1060 Wien<br \/>\nT: +43-1-585 69 66<br \/>\ninfo@courage-beratung.at<br \/>\ncourage-beratung.at<\/p>\n<\/div>\n<\/div>\n<\/div>\n<\/div>\n<\/div><\/section>","protected":false},"excerpt":{"rendered":"","protected":false},"author":1,"featured_media":0,"parent":637,"menu_order":30,"comment_status":"closed","ping_status":"closed","template":"","meta":{"footnotes":""},"categories":[],"tags":[],"class_list":["post-652","page","type-page","status-publish","hentry"],"_links":{"self":[{"href":"https:\/\/www.courage-beratung.at\/en\/wp-json\/wp\/v2\/pages\/652","targetHints":{"allow":["GET"]}}],"collection":[{"href":"https:\/\/www.courage-beratung.at\/en\/wp-json\/wp\/v2\/pages"}],"about":[{"href":"https:\/\/www.courage-beratung.at\/en\/wp-json\/wp\/v2\/types\/page"}],"author":[{"embeddable":true,"href":"https:\/\/www.courage-beratung.at\/en\/wp-json\/wp\/v2\/users\/1"}],"replies":[{"embeddable":true,"href":"https:\/\/www.courage-beratung.at\/en\/wp-json\/wp\/v2\/comments?post=652"}],"version-history":[{"count":1,"href":"https:\/\/www.courage-beratung.at\/en\/wp-json\/wp\/v2\/pages\/652\/revisions"}],"predecessor-version":[{"id":653,"href":"https:\/\/www.courage-beratung.at\/en\/wp-json\/wp\/v2\/pages\/652\/revisions\/653"}],"up":[{"embeddable":true,"href":"https:\/\/www.courage-beratung.at\/en\/wp-json\/wp\/v2\/pages\/637"}],"wp:attachment":[{"href":"https:\/\/www.courage-beratung.at\/en\/wp-json\/wp\/v2\/media?parent=652"}],"wp:term":[{"taxonomy":"category","embeddable":true,"href":"https:\/\/www.courage-beratung.at\/en\/wp-json\/wp\/v2\/categories?post=652"},{"taxonomy":"post_tag","embeddable":true,"href":"https:\/\/www.courage-beratung.at\/en\/wp-json\/wp\/v2\/tags?post=652"}],"curies":[{"name":"wp","href":"https:\/\/api.w.org\/{rel}","templated":true}]}}