{"id":7193,"date":"2025-11-19T11:48:13","date_gmt":"2025-11-19T10:48:13","guid":{"rendered":"https:\/\/www.courage-beratung.at\/?page_id=7193"},"modified":"2026-02-11T12:31:30","modified_gmt":"2026-02-11T11:31:30","slug":"ytic2026","status":"publish","type":"page","link":"https:\/\/www.courage-beratung.at\/en\/ytic2026\/","title":{"rendered":"YOUNG TRANS* INTER* CAMP 2026"},"content":{"rendered":"<style type=\"text\/css\" data-created_by=\"avia_inline_auto\" id=\"style-css-av-mi623k55-c4c22930321a40ca14010b790abd032e\">\n.flex_column.av-mi623k55-c4c22930321a40ca14010b790abd032e{\npadding:70px 70px 70px 70px;\nbackground:url(https:\/\/www.courage-beratung.at\/wp-content\/uploads\/2025\/11\/YTIC2026.png) 50% 50% no-repeat scroll ;\n}\n<\/style>\n<div  class='flex_column av-mi623k55-c4c22930321a40ca14010b790abd032e av_one_full  avia-builder-el-0  el_before_av_one_third  avia-builder-el-first  first flex_column_div'     ><section  class='av_textblock_section av-mi5vvqmx-c7b0362cc2702e9518cace34aa882130'   itemscope=\"itemscope\" itemtype=\"https:\/\/schema.org\/CreativeWork\" ><div class='avia_textblock'  itemprop=\"text\" ><h1 style=\"text-align: center;\">YOUNG TRANS* INTER* CAMP 2026<\/h1>\n<\/div><\/section><\/div>\n<div  class='flex_column av-15okfhl-13f2f8b32baed62fe97ff96ddeeac296 av_one_third  avia-builder-el-2  el_after_av_one_full  el_before_av_one_third  first flex_column_div  column-top-margin'     ><div  class='avia-button-wrap av-mi63ntud-947cc732f5474ebd629b04994c56d836-wrap avia-button-center  avia-builder-el-3  avia-builder-el-no-sibling'>\n<style type=\"text\/css\" data-created_by=\"avia_inline_auto\" id=\"style-css-av-mi63ntud-947cc732f5474ebd629b04994c56d836\">\n#top #wrap_all .avia-button.av-mi63ntud-947cc732f5474ebd629b04994c56d836:hover{\ncolor:white;\ntransition:all 0.4s ease-in-out;\n}\n#top #wrap_all .avia-button.av-mi63ntud-947cc732f5474ebd629b04994c56d836:hover .avia-svg-icon svg:first-child{\nfill:white;\nstroke:white;\n}\n<\/style>\n<a href='https:\/\/www.courage-beratung.at\/wp-content\/uploads\/2025\/11\/Ausschreiben-YOUNG_TRANS-und-INTER_CAMP_2025.pdf'  class='avia-button av-mi63ntud-947cc732f5474ebd629b04994c56d836 av-link-btn avia-icon_select-no avia-size-x-large avia-position-center avia-color-purple avia-font-color-theme-color'  target=\"_blank\"  rel=\"noopener noreferrer\"  aria-label=\"AUSSCHREIBEN\"><span class='avia_iconbox_title' >AUSSCHREIBEN<\/span><span class='avia_button_background avia-button avia-color-theme-color-highlight' ><\/span><\/a><\/div><\/div>\n<div  class='flex_column av-d1n38p-54978a546963992df8e5ceeebbce38ce av_one_third  avia-builder-el-4  el_after_av_one_third  el_before_av_one_third  flex_column_div  column-top-margin'     ><div  class='avia-button-wrap av-mi5vs9ze-6bbe8754807193787758cbecd6ed3044-wrap avia-button-center  avia-builder-el-5  avia-builder-el-no-sibling'>\n<style type=\"text\/css\" data-created_by=\"avia_inline_auto\" id=\"style-css-av-mi5vs9ze-6bbe8754807193787758cbecd6ed3044\">\n#top #wrap_all .avia-button.av-mi5vs9ze-6bbe8754807193787758cbecd6ed3044:hover{\ncolor:white;\ntransition:all 0.4s ease-in-out;\n}\n#top #wrap_all .avia-button.av-mi5vs9ze-6bbe8754807193787758cbecd6ed3044:hover .avia-svg-icon svg:first-child{\nfill:white;\nstroke:white;\n}\n<\/style>\n<a href='https:\/\/www.courage-beratung.at\/wp-content\/uploads\/2025\/11\/COURAGE_FOLDER_CAMP_2026_FG3-1.pdf'  class='avia-button av-mi5vs9ze-6bbe8754807193787758cbecd6ed3044 av-link-btn avia-icon_select-no avia-size-x-large avia-position-center avia-color-purple avia-font-color-theme-color'  target=\"_blank\"  rel=\"noopener noreferrer\"  aria-label=\"INFO FOLDER\"><span class='avia_iconbox_title' >INFO FOLDER<\/span><span class='avia_button_background avia-button avia-color-theme-color-highlight' ><\/span><\/a><\/div><\/div>\n<div  class='flex_column av-adpijd-7facef2bf3f3667d5d024ccb6d9e0f1a av_one_third  avia-builder-el-6  el_after_av_one_third  el_before_av_hr  flex_column_div  column-top-margin'     ><div  class='avia-button-wrap av-mi5vtnme-2c441932c19fbdad134fbe7c9f8d54f5-wrap avia-button-center  avia-builder-el-7  avia-builder-el-no-sibling'>\n<style type=\"text\/css\" data-created_by=\"avia_inline_auto\" id=\"style-css-av-mi5vtnme-2c441932c19fbdad134fbe7c9f8d54f5\">\n#top #wrap_all .avia-button.av-mi5vtnme-2c441932c19fbdad134fbe7c9f8d54f5:hover{\ncolor:white;\ntransition:all 0.4s ease-in-out;\n}\n#top #wrap_all .avia-button.av-mi5vtnme-2c441932c19fbdad134fbe7c9f8d54f5:hover .avia-svg-icon svg:first-child{\nfill:white;\nstroke:white;\n}\n<\/style>\n<a href='https:\/\/www.courage-beratung.at\/wp-content\/uploads\/2025\/11\/YTIC-2026-Poster_compressed-1.pdf'  class='avia-button av-mi5vtnme-2c441932c19fbdad134fbe7c9f8d54f5 av-link-btn avia-icon_select-no avia-size-x-large avia-position-center avia-color-purple avia-font-color-theme-color'  target=\"_blank\"  rel=\"noopener noreferrer\"  aria-label=\"POSTER\"><span class='avia_iconbox_title' >POSTER<\/span><span class='avia_button_background avia-button avia-color-theme-color-highlight' ><\/span><\/a><\/div><\/div>\n<div  class='hr av-vwrux-5d462fdb1b1f894d478ba05e45ea4140 hr-default  avia-builder-el-8  el_after_av_one_third  el_before_av_contact'><span class='hr-inner'><span class=\"hr-inner-style\"><\/span><\/span><\/div>\n<form action=\"https:\/\/www.courage-beratung.at\/en\/ytic2026\/\" method=\"post\" data-fields-with-error=\"Found errors in the following field(s):\" class=\"avia_ajax_form av-form-labels-hidden   avia-builder-el-9  el_after_av_hr  avia-builder-el-last  av-show-form-errors  av-custom-form-color av-dark-form\" data-avia-form-id=\"1\" data-avia-redirect=''  aria-label='Contact Form' data-trp-original-action=\"https:\/\/www.courage-beratung.at\/en\/ytic2026\/\" ><h3 class=''>ANMELDUNG YOUNG TRANS* INTER* CAMP 2026<\/h3><fieldset><div id='avia_1_1' class='av-form-text'><p>\nHiermit melde\/n ich\/wir mich bzw. mein\/unser Kind nachfolgend verbindlich f\u00fcr das YOUNG TRANS* &#038; INTER* CAMP vom 21.07.2026 \u2013 26.07.2026 gem\u00e4\u00df der beiliegenden Ausschreibung an:<\/p>\n<p><strong>Pers\u00f6nliche Daten:<\/strong><\/p>\n<\/div><p class='first_form  form_element form_fullwidth' id='element_avia_2_1'><label for=\"avia_2_1\">Name, Vorname: <abbr class=\"required\" title=\"required\">*<\/abbr><\/label> <input name=\"avia_2_1\" class=\"text_input is_empty\" type=\"text\" id=\"avia_2_1\" value=\"\"  placeholder='Name, Vorname:*'\/><\/p><p class='first_form  form_element form_fullwidth' id='element_avia_3_1'><label for=\"avia_3_1\">Nachname <abbr class=\"required\" title=\"required\">*<\/abbr><\/label> <input name=\"avia_3_1\" class=\"text_input is_empty\" type=\"text\" id=\"avia_3_1\" value=\"\"  placeholder='Nachname*'\/><\/p><p class='first_form  form_element form_fullwidth' id='element_avia_4_1'><label for=\"avia_4_1\">Wunschname:<\/label> <input name=\"avia_4_1\" class=\"text_input\" type=\"text\" id=\"avia_4_1\" value=\"\"  placeholder='Wunschname:'\/><\/p><p class='first_form  form_element form_fullwidth' id='element_avia_5_1'><label for=\"avia_5_1\">Pronomen: <abbr class=\"required\" title=\"required\">*<\/abbr><\/label> <input name=\"avia_5_1\" class=\"text_input is_empty\" type=\"text\" id=\"avia_5_1\" value=\"\"  placeholder='Pronomen:*'\/><\/p><p class='first_form  form_element form_fullwidth' id='element_avia_6_1'><label for=\"avia_6_1\" class=\"textare_label hidden textare_label_avia_6_1\">Anschrift: <abbr class=\"required\" title=\"required\">*<\/abbr><\/label><textarea  placeholder='Anschrift:*' name=\"avia_6_1\" class=\"text_area is_empty\" cols=\"40\" rows=\"7\" id=\"avia_6_1\" ><\/textarea><\/p><p class='first_form  form_element form_fullwidth' id='element_avia_7_1'><label for=\"avia_7_1\">PLZ, Ort: <abbr class=\"required\" title=\"required\">*<\/abbr><\/label> <input name=\"avia_7_1\" class=\"text_input is_empty\" type=\"text\" id=\"avia_7_1\" value=\"\"  placeholder='PLZ, Ort:*'\/><\/p><p class='first_form  form_element form_fullwidth' id='element_avia_8_1'><label for=\"avia_8_1\">Telefon: <abbr class=\"required\" title=\"required\">*<\/abbr><\/label> <input name=\"avia_8_1\" class=\"text_input is_empty\" type=\"text\" id=\"avia_8_1\" value=\"\"  placeholder='Telefon:*'\/><\/p><p class='first_form  form_element form_fullwidth' id='element_avia_9_1'><label for=\"avia_9_1\">Geburtsdatum: <abbr class=\"required\" title=\"required\">*<\/abbr><\/label> <input name=\"avia_9_1\" class=\"text_input is_empty\" type=\"text\" id=\"avia_9_1\" value=\"\"  placeholder='Geburtsdatum:*'\/><\/p><p class='first_form  form_element form_fullwidth' id='element_avia_10_1'><label for=\"avia_10_1\">Schule\/Beruf\/Ausbildung: <abbr class=\"required\" title=\"required\">*<\/abbr><\/label> <input name=\"avia_10_1\" class=\"text_input is_empty\" type=\"text\" id=\"avia_10_1\" value=\"\"  placeholder='Schule\/Beruf\/Ausbildung:*'\/><\/p><div id='avia_11_1' class='av-form-text'><p>\n<strong>Verpflegung<\/strong><\/p>\n<p><strong>Art der Verpflegung<\/strong> | Fr\u00fchst\u00fcck-, Mittags- und Abendb\u00fcffet; vegetarische Ern\u00e4hrungsweisen werden ber\u00fccksichtigt | Kaffee, Tee, S\u00e4fte zum Fr\u00fchst\u00fcck inklusive; <strong>Getr\u00e4nke zum Mittag- und Abendessen m\u00fcssen separat gezahlt werden.<\/strong><\/p>\n<p><strong>Mahlzeiten<\/strong> | am Anreisetag, Dienstag, den 21.07.2026, wird es ein Abendessen geben |am Mittwoch, Donnerstag, Freitag undSamstag gibt es ein Fr\u00fchst\u00fcck-, Mittags- und Abendb\u00fcffet | am Abreisetag, Sonntag, den 26.07.2026, gibt es Fr\u00fchst\u00fcck sowie<br \/>\nMittagessen f\u00fcr alle Teilnehmenden des CAMPS.<\/p>\n<p><strong>Lebensmittelunvertr\u00e4glichkeiten<\/strong> | Sollten Lebensmittelunvertr\u00e4glichkeiten vorliegen, bitten wir, diese hier aufzuschreiben:<\/p>\n<\/div><p class='first_form  form_element form_fullwidth' id='element_avia_12_1'><label for=\"avia_12_1\"><\/label> <input name=\"avia_12_1\" class=\"text_input\" type=\"text\" id=\"avia_12_1\" value=\"\"  placeholder=''\/><\/p><p class='first_form  form_element form_fullwidth' id='element_avia_13_1'><label for=\"avia_13_1\">T-Shirt Gr\u00f6\u00dfe <abbr class=\"required\" title=\"required\">*<\/abbr><\/label><select  name=\"avia_13_1\" class=\"select is_empty\" id=\"avia_13_1\"><option class=\"av-placeholder\" disabled=\"disabled\" selected=\"selected\" value=''>T-Shirt Gr\u00f6\u00dfe*<\/option><option   value='S'>S<\/option><option   value='M'>M<\/option><option   value='L'>L<\/option><option   value='XL'>XL<\/option><option   value='XXL'>XXL<\/option><\/select><\/p><div id='avia_14_1' class='av-form-text'><p>\n<strong>An- und Abreise<\/strong><\/p>\n<p>Adresse der Unterkunft | JUFA Hotel Neutal, Hans-Nie\u00dfl-Platz 2, 7343 Neutal<\/p>\n<p>Zur besseren Planung und \u00dcbersicht, bitte ankreuzen wie an- und abgereist wird:<\/p>\n<\/div><p class='first_form  form_element form_fullwidth' id='element_avia_15_1'><label for=\"avia_15_1\"> <abbr class=\"required\" title=\"required\">*<\/abbr><\/label><select  name=\"avia_15_1\" class=\"select is_empty\" id=\"avia_15_1\"><option class=\"av-placeholder\" disabled=\"disabled\" selected=\"selected\" value=''>*<\/option><option   value='mit dem Auto'>mit dem Auto<\/option><option   value='mit den \u00f6ffentlichen Verkehrsmitteln'>mit den \u00f6ffentlichen Verkehrsmitteln<\/option><\/select><\/p><div id='avia_16_1' class='av-form-text'><p>\nZus\u00e4tzliche Informationen f\u00fcr die Leitung<\/p>\n<p><strong>Notfallnummer<\/strong> (im Falle eines Notfalls telefonisch erreichbar)<\/p>\n<\/div><p class='first_form  form_element form_fullwidth' id='element_avia_17_1'><label for=\"avia_17_1\">Name: <abbr class=\"required\" title=\"required\">*<\/abbr><\/label> <input name=\"avia_17_1\" class=\"text_input is_empty\" type=\"text\" id=\"avia_17_1\" value=\"\"  placeholder='Name:*'\/><\/p><p class='first_form  form_element form_fullwidth' id='element_avia_18_1'><label for=\"avia_18_1\">Telefonnummer: <abbr class=\"required\" title=\"required\">*<\/abbr><\/label> <input name=\"avia_18_1\" class=\"text_input is_empty\" type=\"text\" id=\"avia_18_1\" value=\"\"  placeholder='Telefonnummer:*'\/><\/p><p class='first_form  form_element form_fullwidth' id='element_avia_19_1'><label for=\"avia_19_1\">Krankheiten und\/oder Allergien; regelm\u00e4\u00dfige Medikamenteneinnahme: <abbr class=\"required\" title=\"required\">*<\/abbr><\/label><select  name=\"avia_19_1\" class=\"select is_empty\" id=\"avia_19_1\"><option class=\"av-placeholder\" disabled=\"disabled\" selected=\"selected\" value=''>Krankheiten und\/oder Allergien; regelm\u00e4\u00dfige Medikamenteneinnahme:*<\/option><option   value='Nein'>Nein<\/option><option   value='Ja'>Ja<\/option><\/select><\/p><p class='first_form  form_element form_fullwidth' id='element_avia_20_1'><label for=\"avia_20_1\">Wenn ja, welche: <\/label> <input name=\"avia_20_1\" class=\"text_input\" type=\"text\" id=\"avia_20_1\" value=\"\"  placeholder='Wenn ja, welche: '\/><\/p><div id='avia_21_1' class='av-form-text'><p>\n<strong>Anmeldung\u00a0<\/strong><br \/>\n<strong>Teilnehmer*innenbeitrag bitte auf folgendes Konto \u00fcberweisen:<\/strong><\/p>\n<p><strong>Kontoinhaberin: COURAGE Wien<\/strong><\/p>\n<p><strong>IBAN: AT82 120 000 066 048 0815<\/strong><\/p>\n<p><strong>BIC: BKAUATWW<\/strong><\/p>\n<p><strong>Bank: Bank Austria<\/strong><\/p>\n<p><strong>Betrag: EUR 580,-<\/strong><\/p>\n<p><strong>Verwendungszweck: YOUNG TRANS* &#038; INTER* CAMP + Vollst\u00e4ndiger Vor- und Nachname wie auf der Anmeldung angegeben<\/strong><\/p>\n<p><em><strong>Weitere Vorgehensweise<\/strong><\/em><br \/>\nF\u00fcr die Teilnahme am YOUNG TRANS* &#038; INTER* CAMP 2026 ist ein kostenloses Vorgespr\u00e4ch erforderlich. Diese kann vor Ort an einer Beratungsstelle COURAGE* oder online \u00fcber Zoom stattfinden. Das Team der COURAGE* setzt sich diesbez\u00fcglich mit<br \/>\nIhnen in Verbindung, sobald Sie uns das ausgef\u00fcllte Anmeldeformular gesendet haben.<\/p>\n<p><strong>Bitte beachten Sie<\/strong>: Die Teilnahme am YOUNG TRANS* &#038; INTER* CAMP 2026 ist erst dann verbindlich gesichert, wenn der Beitrag \u00fcberwiesen wurde, das Vorgespr\u00e4ch stattgefunden hat und seitens der COURAGE* eine Teilnahmebest\u00e4tigung erfolgt.<\/p>\n<\/div><p class='first_form  form_element form_fullwidth' id='element_avia_22_1'><input  name=\"avia_22_1\" class=\"input_checkbox is_empty\" type=\"checkbox\" id=\"avia_22_1\" value=\"true\"\/><label class=\"input_checkbox_label\" for=\"avia_22_1\">Hiermit best\u00e4tige\/n ich\/wir, die untenstehenden Teilnahmebedingungen gelesen und verstanden zu haben. Mit meiner\/unserer Unterschrift erkl\u00e4re ich mich\/wir uns bereit, die Teilnahmebedingungen zu akzeptieren und melde\/n mich\/uns\/mein Kind f\u00fcr das YOUNG TRANS* und INTER* CAMP 2026 verbindlich an. <abbr class=\"required\" title=\"required\">*<\/abbr><\/label><\/p><p class='first_form  form_element form_fullwidth' id='element_avia_23_1'><label for=\"avia_23_1\">Teilnehmer*in <abbr class=\"required\" title=\"required\">*<\/abbr><\/label> <input name=\"avia_23_1\" class=\"text_input is_empty\" type=\"text\" id=\"avia_23_1\" value=\"\"  placeholder='Teilnehmer*in*'\/><\/p><p class='first_form  form_element form_fullwidth av-last-visible-form-element' id='element_avia_24_1'><label for=\"avia_24_1\">Eltern\/Erziehungsberechtigte*r <abbr class=\"required\" title=\"required\">*<\/abbr><\/label> <input name=\"avia_24_1\" class=\"text_input is_empty\" type=\"text\" id=\"avia_24_1\" value=\"\"  placeholder='Eltern\/Erziehungsberechtigte*r*'\/><\/p><p class=\"hidden\"><input type=\"text\" name=\"avia_25_1\" class=\"hidden\" id=\"avia_25_1\" value=\"\" \/><\/p><p class=\"form_element\"><input type=\"hidden\" value=\"1\" name=\"avia_generated_form1\" \/><input type=\"submit\" value=\"Absenden\" class=\"button\"  data-sending-label=\"Sending\"\/><\/p><\/fieldset><input type=\"hidden\" name=\"trp-form-language\" value=\"en\"\/><\/form><div id=\"ajaxresponse_1\" class=\"ajaxresponse ajaxresponse_1 hidden\"><\/div>","protected":false},"excerpt":{"rendered":"","protected":false},"author":5,"featured_media":0,"parent":0,"menu_order":0,"comment_status":"closed","ping_status":"closed","template":"","meta":{"footnotes":""},"categories":[],"tags":[],"class_list":["post-7193","page","type-page","status-publish","hentry"],"_links":{"self":[{"href":"https:\/\/www.courage-beratung.at\/en\/wp-json\/wp\/v2\/pages\/7193","targetHints":{"allow":["GET"]}}],"collection":[{"href":"https:\/\/www.courage-beratung.at\/en\/wp-json\/wp\/v2\/pages"}],"about":[{"href":"https:\/\/www.courage-beratung.at\/en\/wp-json\/wp\/v2\/types\/page"}],"author":[{"embeddable":true,"href":"https:\/\/www.courage-beratung.at\/en\/wp-json\/wp\/v2\/users\/5"}],"replies":[{"embeddable":true,"href":"https:\/\/www.courage-beratung.at\/en\/wp-json\/wp\/v2\/comments?post=7193"}],"version-history":[{"count":36,"href":"https:\/\/www.courage-beratung.at\/en\/wp-json\/wp\/v2\/pages\/7193\/revisions"}],"predecessor-version":[{"id":8166,"href":"https:\/\/www.courage-beratung.at\/en\/wp-json\/wp\/v2\/pages\/7193\/revisions\/8166"}],"wp:attachment":[{"href":"https:\/\/www.courage-beratung.at\/en\/wp-json\/wp\/v2\/media?parent=7193"}],"wp:term":[{"taxonomy":"category","embeddable":true,"href":"https:\/\/www.courage-beratung.at\/en\/wp-json\/wp\/v2\/categories?post=7193"},{"taxonomy":"post_tag","embeddable":true,"href":"https:\/\/www.courage-beratung.at\/en\/wp-json\/wp\/v2\/tags?post=7193"}],"curies":[{"name":"wp","href":"https:\/\/api.w.org\/{rel}","templated":true}]}}