{"id":7609,"date":"2026-01-10T10:27:50","date_gmt":"2026-01-10T09:27:50","guid":{"rendered":"https:\/\/www.courage-beratung.at\/team-st-polten\/"},"modified":"2026-01-10T10:29:24","modified_gmt":"2026-01-10T09:29:24","slug":"team-st-polten","status":"publish","type":"page","link":"https:\/\/www.courage-beratung.at\/en\/team-st-polten\/","title":{"rendered":"TEAM EISENSTADT"},"content":{"rendered":"<style type=\"text\/css\" data-created_by=\"avia_inline_auto\" id=\"style-css-av-m1rph2to-4cd8376fcd2b1efd37d27513ca70ac19\">\n.flex_column.av-m1rph2to-4cd8376fcd2b1efd37d27513ca70ac19{\nbackground-color:#555f8d;\n}\n<\/style>\n<div  class='flex_column av-m1rph2to-4cd8376fcd2b1efd37d27513ca70ac19 av_one_full  avia-builder-el-0  avia-builder-el-no-sibling  first flex_column_div'     ><p>\n<style type=\"text\/css\" data-created_by=\"avia_inline_auto\" id=\"style-css-av-m1rpula9-c4cac4522c36a3a76d2539eef0ae5321\">\n#top .hr.hr-invisible.av-m1rpula9-c4cac4522c36a3a76d2539eef0ae5321{\nheight:25px;\n}\n<\/style>\n<div  class='hr av-m1rpula9-c4cac4522c36a3a76d2539eef0ae5321 hr-invisible  avia-builder-el-1  el_before_av_button  avia-builder-el-first'><span class='hr-inner'><span class=\"hr-inner-style\"><\/span><\/span><\/div><br \/>\n<div  class='avia-button-wrap av-m1rpthle-29a4b2d9257b34cd41a92c85765b6a2c-wrap avia-button-center  avia-builder-el-2  el_after_av_hr  el_before_av_hr'><a href='https:\/\/www.courage-beratung.at\/en\/home_2\/uber-uns-2\/'  class='avia-button av-m1rpthle-29a4b2d9257b34cd41a92c85765b6a2c av-link-btn avia-icon_select-yes-left-icon avia-size-small avia-position-center avia-color-light'   aria-label=\"Zur\u00fcck \"><span class='avia_button_icon avia_button_icon_left avia-iconfont avia-font-entypo-fontello' data-av_icon='\ue830' data-av_iconfont='entypo-fontello' ><\/span><span class='avia_iconbox_title' >Zur\u00fcck <\/span><\/a><\/div><br \/>\n\n<style type=\"text\/css\" data-created_by=\"avia_inline_auto\" id=\"style-css-av-2h114j-d442f13f1c24e04005283f88f1d97a43\">\n#top .hr.hr-invisible.av-2h114j-d442f13f1c24e04005283f88f1d97a43{\nheight:25px;\n}\n<\/style>\n<div  class='hr av-2h114j-d442f13f1c24e04005283f88f1d97a43 hr-invisible  avia-builder-el-3  el_after_av_button  el_before_av_textblock'><span class='hr-inner'><span class=\"hr-inner-style\"><\/span><\/span><\/div><br \/>\n\n<style type=\"text\/css\" data-created_by=\"avia_inline_auto\" id=\"style-css-av-m1rpmlp7-70f23c821b8c8eac699bc4793d31cf64\">\n#top .av_textblock_section.av-m1rpmlp7-70f23c821b8c8eac699bc4793d31cf64 .avia_textblock{\nfont-size:26px;\n}\n<\/style>\n<section  class='av_textblock_section av-m1rpmlp7-70f23c821b8c8eac699bc4793d31cf64'   itemscope=\"itemscope\" itemtype=\"https:\/\/schema.org\/CreativeWork\" ><div class='avia_textblock'  itemprop=\"text\" ><h1 style=\"text-align: center;\">TEAM Eisenstadt<\/h1>\n<\/div><\/section><br \/>\n\n<style type=\"text\/css\" data-created_by=\"avia_inline_auto\" id=\"style-css-av-2kpx2h-3e90349aabf9f7e1b3b6122876d56339\">\n#top .hr.hr-invisible.av-2kpx2h-3e90349aabf9f7e1b3b6122876d56339{\nheight:25px;\n}\n<\/style>\n<div  class='hr av-2kpx2h-3e90349aabf9f7e1b3b6122876d56339 hr-invisible  avia-builder-el-5  el_after_av_textblock  el_before_av_toggle_container'><span class='hr-inner'><span class=\"hr-inner-style\"><\/span><\/span><\/div><br \/>\n\n<style type=\"text\/css\" data-created_by=\"avia_inline_auto\" id=\"style-css-av-mk83sl1z-aadba41ffc40e1cb36ed03d043cb1eee\">\n#top .togglecontainer.av-mk83sl1z-aadba41ffc40e1cb36ed03d043cb1eee h3.toggler{\nbackground-color:#8ca1be;\nborder-color:#8ca1be;\n}\n#top .togglecontainer.av-mk83sl1z-aadba41ffc40e1cb36ed03d043cb1eee h3.toggler .toggle_icon{\ncolor:#ffffff;\nborder-color:#ffffff;\n}\n#top .togglecontainer.av-mk83sl1z-aadba41ffc40e1cb36ed03d043cb1eee h3.toggler .toggle_icon > span{\ncolor:#ffffff;\nborder-color:#ffffff;\n}\n#top .togglecontainer.av-mk83sl1z-aadba41ffc40e1cb36ed03d043cb1eee .toggle_wrap .toggle_content{\nfont-size:16px;\nbackground-color:#8ca1be;\nborder-color:#8ca1be;\n}\n<\/style>\n<div  class='togglecontainer av-mk83sl1z-aadba41ffc40e1cb36ed03d043cb1eee  avia-builder-el-6  el_after_av_hr  avia-builder-el-last  av-accordion-pill toggle_close_all'  itemscope=\"itemscope\" itemtype=\"https:\/\/schema.org\/FAQPage\" >\n<section class='av_toggle_section av-av_toggle-d28b6a85e68accef3b30868e387008e9'  itemscope=\"itemscope\" itemprop=\"mainEntity\" itemtype=\"https:\/\/schema.org\/Question\" ><div role=\"tablist\" class=\"single_toggle\" data-tags=\"{All} \"  ><h3 id='toggle-toggle-id-1' data-fake-id='#toggle-id-1' class='toggler  av-title-above av-inherit-border-color'  itemprop=\"name\"  role='tab' tabindex='0' aria-controls='toggle-id-1' data-slide-speed=\"200\" data-title=\"Mag. Johannes Wahala\" data-title-open=\"\" data-aria_collapsed=\"Click to expand: Mag. Johannes Wahala\" data-aria_expanded=\"Click to collapse: Mag. Johannes Wahala\">Mag. Johannes Wahala<span class=\"toggle_icon\"><span class=\"vert_icon\"><\/span><span class=\"hor_icon\"><\/span><\/span><\/h3><div id='toggle-id-1' aria-labelledby='toggle-toggle-id-1' role='region' class='toggle_wrap  av-title-above'   itemscope=\"itemscope\" itemprop=\"acceptedAnswer\" itemtype=\"https:\/\/schema.org\/Answer\" ><div class='toggle_content invers-color av-inherit-border-color'  itemprop=\"text\" ><p><strong> <img loading=\"lazy\" decoding=\"async\" class=\"size-medium wp-image-2266 alignleft\" src=\"https:\/\/w2023.courage-beratung.at\/wp-content\/uploads\/2024\/03\/johannes-wahala-225x300.png\" alt=\"\" width=\"225\" height=\"300\" srcset=\"https:\/\/www.courage-beratung.at\/wp-content\/uploads\/2024\/03\/johannes-wahala-225x300.png 225w, https:\/\/www.courage-beratung.at\/wp-content\/uploads\/2024\/03\/johannes-wahala-9x12.png 9w, https:\/\/www.courage-beratung.at\/wp-content\/uploads\/2024\/03\/johannes-wahala.png 300w\" sizes=\"auto, (max-width: 225px) 100vw, 225px\" \/> <br class=\"avia-permanent-lb\" \/><br class=\"avia-permanent-lb\" \/><br class=\"avia-permanent-lb\" \/><br class=\"avia-permanent-lb\" \/><br class=\"avia-permanent-lb\" \/><br class=\"avia-permanent-lb\" \/><br class=\"avia-permanent-lb\" \/>Mag. Johannes Wahala <br class=\"avia-permanent-lb\" \/><\/strong><em><strong>Leiter der Beratungsstellen COURAGE<\/strong><\/em><\/p>\n<p>Psychotherapeut, Sexualtherapeut, Coach, Supervisor, Sexualwissenschaftler, P\u00e4dagoge, Theologe; Pr\u00e4sident und Lehrtherapeut der \u00d6sterreichischen Gesellschaft f\u00fcr Sexualwissenschaften (\u00d6GS), Sprecher des Fort- und Weiterbildungsausschusses der \u00d6GS-Sexualakademie, Leiter der Beratungsstellen COURAGE, Mitglied des interdisziplin\u00e4ren Arbeitskreises \u201cTrans* Inter* Geschlechtlichkeit und Psychotherapie\u201c im \u00d6BVP, Lehrbeauftragter f\u00fcr Sexualberatung\/-therapie. <br class=\"avia-permanent-lb\" \/><br class=\"avia-permanent-lb\" \/><br class=\"avia-permanent-lb\" \/><strong>Ausbildung<\/strong><\/p>\n<ul>\n<li>Systemische Psychotherapie an der Lehranstalt f\u00fcr systemische Familientherapie<\/li>\n<li>Psychodramatherapie im \u00d6AGG, Fachsektion Psychodrama<\/li>\n<li>Sexualtherapie in DGfS, \u201eHamburg-Modell\u201c<\/li>\n<li>Krisenintervention<\/li>\n<li>Supervision<\/li>\n<li>Coaching<\/li>\n<li>Systemisches Projektmanagement und Organisationsentwicklung<\/li>\n<li>Studium der katholischen Theologie und Religionsp\u00e4dagogik<\/li>\n<\/ul>\n<p><strong>Schwerpunkte<\/strong><\/p>\n<ul>\n<li>Partner*innenschafts- und Familienprobleme<\/li>\n<li>Elternberatung (vor einvernehmlicher Scheidung) nach \u00a7 95 Abs. 1a Au\u00dfStrG (kostenpflichtig!)<\/li>\n<li>Familien-, Eltern- bzw. Erziehungsberatung nach \u00a7107 Abs. 3 Z 1 Au\u00dfStrG (kostenpflichtig!)<\/li>\n<li>Sexuelle Fragen und Probleme<\/li>\n<li>Fragen und Unsicherheiten zur sexuellen Orientierung und geschlechtlichen Identit\u00e4t (Trans*Gender, Trans*Identit\u00e4ten\/Genderdysphorien)<\/li>\n<li>Coming-Out Prozesse (auch in Partner*innenschaften und Ehen)<\/li>\n<li>Konflikte mit Eltern und Angeh\u00f6rigen<\/li>\n<li>Unsicherheiten \/ \u00c4ngste bzgl. Sexualpraktiken<\/li>\n<li>Fragen \/ Probleme der Sexualpr\u00e4ferenz (Fetischismus, Exhibitionismus, Voyeurismus, P\u00e4dophilie, Sadomasochismus&#8230;)<\/li>\n<li>Gesundheitsfragen (safer sex, Hepatitis, STD, HIV&#8230;)<\/li>\n<li>HIV\/AIDS Pr\u00e4vention und psychotherapeutische Begleitung<\/li>\n<li>gef\u00e4hrdendes Sexualverhalten (Bareback, bug chasing, gift giving&#8230;)<\/li>\n<li>M\u00e4nnerberatung (Identit\u00e4t, Sexualit\u00e4t, Konflikte etc.)<\/li>\n<li>Fragen \/ Probleme m\u00e4nnlicher Sexarbeiter<\/li>\n<li>Depressionen \/ Selbstmordgedanken<\/li>\n<li>Angstzust\u00e4nde \/ Panikattacken<\/li>\n<li>Lebenskrisen und Orientierungslosigkeit<\/li>\n<li>individuelle und strukturelle Gewalt (Homophobie, Mobbing, Stalking\u2026)<\/li>\n<li>Sexuelle \u00dcbergriffe \/ Gewalt<\/li>\n<li>Sinnfragen, Spiritualit\u00e4t und religi\u00f6se Irritationen<\/li>\n<\/ul>\n<p><strong>Funktionen<\/strong><\/p>\n<ul>\n<li>Psychotherapeut, Sexualtherapeut, Supervisor und Coach in freier Praxis<\/li>\n<li>Begr\u00fcnder und Leiter der Beratungsstellen COURAGE Wien, Graz, Salzburg und Innsbruck<\/li>\n<li>Pr\u00e4sident der \u00d6sterreichischen Gesellschaft f\u00fcr Sexualwissenschaften (\u00d6GS)<\/li>\n<li>Mitglied der ExpertInnengruppe &#8222;Trans* Inter* Geschlechtlichkeit und Psychotherapie&#8220; im \u00d6sterreichischen Bundesverband f\u00fcr Psychotherapie (\u00d6BVP)<\/li>\n<li>Lehrbeauftragter f\u00fcr Sexualwissenschaften und Sexualberatung \/ -therapie<\/li>\n<li>Zahlreiche Ver\u00f6ffentlichungen und Vortr\u00e4ge<\/li>\n<\/ul>\n<p><strong>Auszeichnungen<\/strong><\/p>\n<ul>\n<li>Verleihung des Goldenen Verdienstzeichens des Landes Wien (1993) durch B\u00fcrgermeister Dr. Helmut Zilk<\/li>\n<li>Verleihung des Gay And Lesbian Award (GALA) 2011 f\u00fcr besondere Verdienst um die rechtliche und gesellschaftliche Gleichstellung von gleichgeschlechtlichen und transGender Lebensweisen in \u00d6sterreich<\/li>\n<\/ul>\n<\/div><\/div><\/div><\/section>\n<section class='av_toggle_section av-av_toggle-7855aa42ee1bba569732c2d267ddf533'  itemscope=\"itemscope\" itemprop=\"mainEntity\" itemtype=\"https:\/\/schema.org\/Question\" ><div role=\"tablist\" class=\"single_toggle\" data-tags=\"{All} \"  ><h3 id='toggle-toggle-id-2' data-fake-id='#toggle-id-2' class='toggler  av-title-above av-inherit-border-color'  itemprop=\"name\"  role='tab' tabindex='0' aria-controls='toggle-id-2' data-slide-speed=\"200\" data-title=\"Ceyhan Yerlikaya, BSc\" data-title-open=\"\" data-aria_collapsed=\"Click to expand: Ceyhan Yerlikaya, BSc\" data-aria_expanded=\"Click to collapse: Ceyhan Yerlikaya, BSc\">Ceyhan Yerlikaya, BSc<span class=\"toggle_icon\"><span class=\"vert_icon\"><\/span><span class=\"hor_icon\"><\/span><\/span><\/h3><div id='toggle-id-2' aria-labelledby='toggle-toggle-id-2' role='region' class='toggle_wrap  av-title-above'   itemscope=\"itemscope\" itemprop=\"acceptedAnswer\" itemtype=\"https:\/\/schema.org\/Answer\" ><div class='toggle_content invers-color av-inherit-border-color'  itemprop=\"text\" ><p><strong> <img loading=\"lazy\" decoding=\"async\" class=\"alignnone wp-image-7605 size-medium\" src=\"https:\/\/www.courage-beratung.at\/wp-content\/uploads\/2026\/01\/IMG_9443-222x300.jpg\" alt=\"\" width=\"222\" height=\"300\" srcset=\"https:\/\/www.courage-beratung.at\/wp-content\/uploads\/2026\/01\/IMG_9443-222x300.jpg 222w, https:\/\/www.courage-beratung.at\/wp-content\/uploads\/2026\/01\/IMG_9443-763x1030.jpg 763w, https:\/\/www.courage-beratung.at\/wp-content\/uploads\/2026\/01\/IMG_9443-768x1037.jpg 768w, https:\/\/www.courage-beratung.at\/wp-content\/uploads\/2026\/01\/IMG_9443-1138x1536.jpg 1138w, https:\/\/www.courage-beratung.at\/wp-content\/uploads\/2026\/01\/IMG_9443-9x12.jpg 9w, https:\/\/www.courage-beratung.at\/wp-content\/uploads\/2026\/01\/IMG_9443-1111x1500.jpg 1111w, https:\/\/www.courage-beratung.at\/wp-content\/uploads\/2026\/01\/IMG_9443-522x705.jpg 522w, https:\/\/www.courage-beratung.at\/wp-content\/uploads\/2026\/01\/IMG_9443.jpg 1364w\" sizes=\"auto, (max-width: 222px) 100vw, 222px\" \/><br class=\"avia-permanent-lb\" \/><\/strong><strong>Ceyhan Yerlikaya, BSc<\/strong><br \/>\n<em>Psychotherapeut in Ausbildung unter Supervision<\/em><br \/>\n<em>Finanzen \/ F\u00f6rderungen \/ Koordination \/ Administration \/ Vernetzung<\/em><\/p>\n<p><strong> <br class=\"avia-permanent-lb\" \/>Ausbildung<\/strong><\/p>\n<ul>\n<li>Sozialp\u00e4dagoge<\/li>\n<li>Sexualp\u00e4dagoge, \u00d6GS-Wien<\/li>\n<li>Bachelor Betriebswirtschaftslehre, WU-Wien<\/li>\n<li>Psychotherapeutisches Fachspezifikum (Psychodrama) \u2013 \u00d6AGG, laufend<\/li>\n<\/ul>\n<p><strong>Schwerpunkte<\/strong><\/p>\n<ul>\n<li>Erwachsene, Jugendliche und Angeh\u00f6rige<\/li>\n<li>Sexuelle Orientierungen und geschlechtliche Identit\u00e4ten<\/li>\n<li>Gleichgeschlechtliche Lebensweisen<\/li>\n<li>Queere Lebensweisen<\/li>\n<li>Begleitung von Coming-Out-Prozessen<\/li>\n<li>Transitionsbegleitung bei trans* und nichtbin\u00e4ren Personen<\/li>\n<li>LGBTIQ* Eltern, Angeh\u00f6rige, Bezugspersonen<\/li>\n<li>LGBTIQ* und Migration<\/li>\n<li>Identit\u00e4tskrisen, Sinnfindung<\/li>\n<li>\u00c4ngste &#038; Depressionen<\/li>\n<li>Lebenskrisen<\/li>\n<li>Pers\u00f6nlichkeitsentwicklung &#038; Selbsterfahrung<\/li>\n<\/ul>\n<p>Beratungen in Deutsch und T\u00fcrkisch<\/p>\n<p><strong>Funktionen<\/strong><br \/>\nPsychotherapeutin in Ausbildung unter Supervision<br \/>\nBerater und Finanzreferent der Beratungsstellen COURAGE* Wien | St. P\u00f6lten | Eisenstadt<\/p>\n<p><strong>Kontaktdaten Finanzabteilung<\/strong><br \/>\n<strong>Tel.: 0664 102 60 31<\/strong><br \/>\n<strong>E-Mail: finanz@courage-beratung.at<\/strong><\/p>\n<\/div><\/div><\/div><\/section>\n<section class='av_toggle_section av-mk83sj2g-51718f9674e7af5affb81a99b26d6e69'  itemscope=\"itemscope\" itemprop=\"mainEntity\" itemtype=\"https:\/\/schema.org\/Question\" ><div role=\"tablist\" class=\"single_toggle\" data-tags=\"{All} \"  ><h3 id='toggle-toggle-id-3' data-fake-id='#toggle-id-3' class='toggler  av-title-above av-inherit-border-color'  itemprop=\"name\"  role='tab' tabindex='0' aria-controls='toggle-id-3' data-slide-speed=\"200\" data-title=\"TEAM SEXUELLE BILDUNG\" data-title-open=\"\" data-aria_collapsed=\"Click to expand: TEAM SEXUELLE BILDUNG\" data-aria_expanded=\"Click to collapse: TEAM SEXUELLE BILDUNG\">TEAM SEXUELLE BILDUNG<span class=\"toggle_icon\"><span class=\"vert_icon\"><\/span><span class=\"hor_icon\"><\/span><\/span><\/h3><div id='toggle-id-3' aria-labelledby='toggle-toggle-id-3' role='region' class='toggle_wrap  av-title-above'   itemscope=\"itemscope\" itemprop=\"acceptedAnswer\" itemtype=\"https:\/\/schema.org\/Answer\" ><div class='toggle_content invers-color av-inherit-border-color'  itemprop=\"text\" ><p><strong><br class=\"avia-permanent-lb\" \/><br class=\"avia-permanent-lb\" \/><br class=\"avia-permanent-lb\" \/><br class=\"avia-permanent-lb\" \/><br class=\"avia-permanent-lb\" \/><\/strong><\/p>\n<p><strong> <br class=\"avia-permanent-lb\" \/><br class=\"avia-permanent-lb\" \/><br class=\"avia-permanent-lb\" \/><br class=\"avia-permanent-lb\" \/><br class=\"avia-permanent-lb\" \/><br \/>\n<\/strong><\/p>\n<\/div><\/div><\/div><\/section>\n<\/div><\/p><\/div>","protected":false},"excerpt":{"rendered":"","protected":false},"author":5,"featured_media":0,"parent":0,"menu_order":0,"comment_status":"closed","ping_status":"closed","template":"","meta":{"footnotes":""},"categories":[],"tags":[],"class_list":["post-7609","page","type-page","status-publish","hentry"],"_links":{"self":[{"href":"https:\/\/www.courage-beratung.at\/en\/wp-json\/wp\/v2\/pages\/7609","targetHints":{"allow":["GET"]}}],"collection":[{"href":"https:\/\/www.courage-beratung.at\/en\/wp-json\/wp\/v2\/pages"}],"about":[{"href":"https:\/\/www.courage-beratung.at\/en\/wp-json\/wp\/v2\/types\/page"}],"author":[{"embeddable":true,"href":"https:\/\/www.courage-beratung.at\/en\/wp-json\/wp\/v2\/users\/5"}],"replies":[{"embeddable":true,"href":"https:\/\/www.courage-beratung.at\/en\/wp-json\/wp\/v2\/comments?post=7609"}],"version-history":[{"count":1,"href":"https:\/\/www.courage-beratung.at\/en\/wp-json\/wp\/v2\/pages\/7609\/revisions"}],"predecessor-version":[{"id":7612,"href":"https:\/\/www.courage-beratung.at\/en\/wp-json\/wp\/v2\/pages\/7609\/revisions\/7612"}],"wp:attachment":[{"href":"https:\/\/www.courage-beratung.at\/en\/wp-json\/wp\/v2\/media?parent=7609"}],"wp:term":[{"taxonomy":"category","embeddable":true,"href":"https:\/\/www.courage-beratung.at\/en\/wp-json\/wp\/v2\/categories?post=7609"},{"taxonomy":"post_tag","embeddable":true,"href":"https:\/\/www.courage-beratung.at\/en\/wp-json\/wp\/v2\/tags?post=7609"}],"curies":[{"name":"wp","href":"https:\/\/api.w.org\/{rel}","templated":true}]}}