{"id":7693,"date":"2026-01-11T12:08:13","date_gmt":"2026-01-11T11:08:13","guid":{"rendered":"https:\/\/www.courage-beratung.at\/trans-eltern-feedback-bogen-2\/"},"modified":"2026-01-13T16:44:26","modified_gmt":"2026-01-13T15:44:26","slug":"eltern-erzahlen-videoprojekt","status":"publish","type":"page","link":"https:\/\/www.courage-beratung.at\/en\/eltern-erzahlen-videoprojekt\/","title":{"rendered":"Eltern erz\u00e4hlen (Videoprojekt)"},"content":{"rendered":"<style type=\"text\/css\" data-created_by=\"avia_inline_auto\" id=\"style-css-av-mi623k55-603fcbf781939b6ddbaac641418c9119\">\n.flex_column.av-mi623k55-603fcbf781939b6ddbaac641418c9119{\npadding:70px 70px 70px 70px;\nbackground:url(https:\/\/www.courage-beratung.at\/wp-content\/uploads\/2026\/01\/freepik__modernist-style-sophisticated-geometric-pattern-in__14893-1500x430.jpeg) 50% 50% no-repeat scroll ;\n}\n<\/style>\n<div  class='flex_column av-mi623k55-603fcbf781939b6ddbaac641418c9119 av_one_full  avia-builder-el-0  el_before_av_one_full  avia-builder-el-first  first flex_column_div'     ><style type=\"text\/css\" data-created_by=\"avia_inline_auto\" id=\"style-css-av-mi5vvqmx-f86eadbcae7c320349eab80877074dd3\">\n#top .av_textblock_section.av-mi5vvqmx-f86eadbcae7c320349eab80877074dd3 .avia_textblock{\nfont-size:24px;\n}\n<\/style>\n<section  class='av_textblock_section av-mi5vvqmx-f86eadbcae7c320349eab80877074dd3'   itemscope=\"itemscope\" itemtype=\"https:\/\/schema.org\/CreativeWork\" ><div class='avia_textblock av_inherit_color'  itemprop=\"text\" ><h2 style=\"text-align: center; color: #6a1b9a;\">ELTERN ERZ\u00c4HLEN<span style=\"font-size: 0.7em; font-style: italic;\"><br \/>\nErfahrungen mit der COURAGE*-Beratung (Videoprojekt)<br \/>\n<\/span><\/h2>\n<\/div><\/section><\/div><div  class='flex_column av-mk9lezro-8ce05fd553ab926659dd2d12299b12b5 av_one_full  avia-builder-el-2  el_after_av_one_full  avia-builder-el-last  first flex_column_div  column-top-margin'     ><p>\n<style type=\"text\/css\" data-created_by=\"avia_inline_auto\" id=\"style-css-av-mk9le8n6-0483055e87b412943008361b3864bcd3\">\n#top .hr.hr-invisible.av-mk9le8n6-0483055e87b412943008361b3864bcd3{\nheight:20px;\n}\n<\/style>\n<div  class='hr av-mk9le8n6-0483055e87b412943008361b3864bcd3 hr-invisible  avia-builder-el-3  el_before_av_textblock  avia-builder-el-first'><span class='hr-inner'><span class=\"hr-inner-style\"><\/span><\/span><\/div><br \/>\n\n<style type=\"text\/css\" data-created_by=\"avia_inline_auto\" id=\"style-css-av-mk9kx16l-f5a8d63c34d602c8eedc4a4c51160c85\">\n#top .av_textblock_section.av-mk9kx16l-f5a8d63c34d602c8eedc4a4c51160c85 .avia_textblock{\nfont-size:16px;\n}\n<\/style>\n<section  class='av_textblock_section av-mk9kx16l-f5a8d63c34d602c8eedc4a4c51160c85'   itemscope=\"itemscope\" itemtype=\"https:\/\/schema.org\/CreativeWork\" ><div class='avia_textblock'  itemprop=\"text\" ><p data-start=\"284\" data-end=\"425\"><strong data-start=\"284\" data-end=\"328\">Gesucht werden Eltern und Bezugspersonen<\/strong>, deren Kind bei <strong data-start=\"347\" data-end=\"360\">COURAGE*<\/strong> in Beratung ist oder war (Einzelberatung oder Therapiegruppe).<\/p>\n<p data-start=\"427\" data-end=\"605\">Teilen Sie Ihre Geschichte und berichten Sie in einem kurzen Video, wie die COURAGE*-Beratung Ihr Kind unterst\u00fctzt hat und welche Ver\u00e4nderungen Sie als Familie erlebt haben.<\/p>\n<p data-start=\"607\" data-end=\"631\"><strong data-start=\"607\" data-end=\"629\">Rahmenbedingungen:<\/strong><\/p>\n<ul>\n<li data-start=\"634\" data-end=\"664\">Video-L\u00e4nge: <strong data-start=\"647\" data-end=\"662\">3\u20135 Minuten<\/strong><\/li>\n<li data-start=\"634\" data-end=\"664\"><strong data-start=\"667\" data-end=\"685\">Einreichfrist:<\/strong> <strong data-start=\"686\" data-end=\"699\">15. April<\/strong><\/li>\n<li data-start=\"704\" data-end=\"768\">Bitte senden Sie Ihr Video an: <strong data-start=\"735\" data-end=\"768\"><a class=\"decorated-link cursor-pointer\" rel=\"noopener\" data-start=\"737\" data-end=\"766\">n.popadic@courage-beratung.at<\/a><\/strong><\/li>\n<\/ul>\n<p data-start=\"770\" data-end=\"884\"><strong data-start=\"770\" data-end=\"784\">Alternativ<\/strong> k\u00f6nnen Sie Ihr Video auch direkt in der Beratungsstelle <strong data-start=\"843\" data-end=\"856\">COURAGE*<\/strong> in Wien aufnehmen lassen:<\/p>\n<p data-start=\"886\" data-end=\"998\"><strong data-start=\"886\" data-end=\"936\">Samstag, 7. M\u00e4rz 2026, von 10:00 bis 14:00 Uhr<\/strong><br data-start=\"936\" data-end=\"939\" \/>1060 Wien, Windm\u00fchlgasse 15<br data-start=\"966\" data-end=\"969\" \/>Stiege 1 \/ 2. Stock \/ T\u00fcr 7<\/p>\n<p data-start=\"1000\" data-end=\"1244\">\u27a1\ufe0f <strong data-start=\"1003\" data-end=\"1055\">Eine Anmeldung ist daf\u00fcr unbedingt erforderlich.<\/strong><br data-start=\"1055\" data-end=\"1058\" \/>Bitte melden Sie sich per E-Mail an: <strong data-start=\"1095\" data-end=\"1128\"><a class=\"decorated-link cursor-pointer\" rel=\"noopener\" data-start=\"1097\" data-end=\"1126\">n.popadic@courage-beratung.at<\/a><\/strong><br data-start=\"1128\" data-end=\"1131\" \/>Sollte Ihnen etwas dazwischenkommen, bitten wir um eine kurze Absage, damit eine gute Koordination m\u00f6glich ist.<\/p>\n<p data-start=\"1246\" data-end=\"1450\"><strong data-start=\"1246\" data-end=\"1280\">Hinweise zur Ver\u00f6ffentlichung:<\/strong><br data-start=\"1280\" data-end=\"1283\" \/>Alle eingereichten Videos werden f\u00fcr das Projekt ber\u00fccksichtigt.<br data-start=\"1347\" data-end=\"1350\" \/>F\u00fcr das Gesamtvideo wird <strong data-start=\"1375\" data-end=\"1406\">gegebenenfalls eine Auswahl<\/strong> aus den eingesandten Beitr\u00e4gen getroffen.<\/p>\n<p data-start=\"1452\" data-end=\"1607\">Die Videos k\u00f6nnen f\u00fcr die Ver\u00f6ffentlichung <strong data-start=\"1495\" data-end=\"1510\">geschnitten<\/strong> werden.<br data-start=\"1518\" data-end=\"1521\" \/>Eine Freigabe der finalen Version erfolgt in R\u00fccksprache mit den beteiligten Personen.<\/p>\n<p data-start=\"1609\" data-end=\"1752\">Das entstandene Gesamtvideo wird zur <em data-start=\"1646\" data-end=\"1735\">Sensibilisierung rund um die Lebensrealit\u00e4ten von trans und nichtbin\u00e4ren Jugendlichen<\/em>* ver\u00f6ffentlicht.<\/p>\n<\/div><\/section><\/p><\/div><\/p>","protected":false},"excerpt":{"rendered":"","protected":false},"author":5,"featured_media":0,"parent":0,"menu_order":0,"comment_status":"closed","ping_status":"closed","template":"","meta":{"footnotes":""},"categories":[],"tags":[],"class_list":["post-7693","page","type-page","status-publish","hentry"],"_links":{"self":[{"href":"https:\/\/www.courage-beratung.at\/en\/wp-json\/wp\/v2\/pages\/7693","targetHints":{"allow":["GET"]}}],"collection":[{"href":"https:\/\/www.courage-beratung.at\/en\/wp-json\/wp\/v2\/pages"}],"about":[{"href":"https:\/\/www.courage-beratung.at\/en\/wp-json\/wp\/v2\/types\/page"}],"author":[{"embeddable":true,"href":"https:\/\/www.courage-beratung.at\/en\/wp-json\/wp\/v2\/users\/5"}],"replies":[{"embeddable":true,"href":"https:\/\/www.courage-beratung.at\/en\/wp-json\/wp\/v2\/comments?post=7693"}],"version-history":[{"count":4,"href":"https:\/\/www.courage-beratung.at\/en\/wp-json\/wp\/v2\/pages\/7693\/revisions"}],"predecessor-version":[{"id":7698,"href":"https:\/\/www.courage-beratung.at\/en\/wp-json\/wp\/v2\/pages\/7693\/revisions\/7698"}],"wp:attachment":[{"href":"https:\/\/www.courage-beratung.at\/en\/wp-json\/wp\/v2\/media?parent=7693"}],"wp:term":[{"taxonomy":"category","embeddable":true,"href":"https:\/\/www.courage-beratung.at\/en\/wp-json\/wp\/v2\/categories?post=7693"},{"taxonomy":"post_tag","embeddable":true,"href":"https:\/\/www.courage-beratung.at\/en\/wp-json\/wp\/v2\/tags?post=7693"}],"curies":[{"name":"wp","href":"https:\/\/api.w.org\/{rel}","templated":true}]}}