{"id":7819,"date":"2026-01-23T18:02:02","date_gmt":"2026-01-23T17:02:02","guid":{"rendered":"https:\/\/www.courage-beratung.at\/von-uns-erzahlt-videoprojekt\/"},"modified":"2026-04-13T14:17:33","modified_gmt":"2026-04-13T12:17:33","slug":"trans-info-abend","status":"publish","type":"page","link":"https:\/\/www.courage-beratung.at\/en\/trans-info-abend\/","title":{"rendered":"Trans Info Abend"},"content":{"rendered":"<style type=\"text\/css\" data-created_by=\"avia_inline_auto\" id=\"style-css-av-mi623k55-8b2814174c89f07245714d62624b8d9d\">\n.flex_column.av-mi623k55-8b2814174c89f07245714d62624b8d9d{\npadding:70px 70px 70px 70px;\nbackground:url(https:\/\/www.courage-beratung.at\/wp-content\/uploads\/2026\/01\/abstract-purple-background-with-lines-vector-1210x423.jpg) 50% 50% no-repeat scroll ;\n}\n<\/style>\n<div  class='flex_column av-mi623k55-8b2814174c89f07245714d62624b8d9d av_one_full  avia-builder-el-0  el_before_av_one_full  avia-builder-el-first  first flex_column_div'     ><style type=\"text\/css\" data-created_by=\"avia_inline_auto\" id=\"style-css-av-mi5vvqmx-f86eadbcae7c320349eab80877074dd3\">\n#top .av_textblock_section.av-mi5vvqmx-f86eadbcae7c320349eab80877074dd3 .avia_textblock{\nfont-size:24px;\n}\n<\/style>\n<section  class='av_textblock_section av-mi5vvqmx-f86eadbcae7c320349eab80877074dd3'   itemscope=\"itemscope\" itemtype=\"https:\/\/schema.org\/CreativeWork\" ><div class='avia_textblock av_inherit_color'  itemprop=\"text\" ><h2 style=\"text-align: center; color: #6a1b9a;\"><span style=\"font-size: 0.7em; color: #ffffff;\"><strong>Info-Abend<\/strong><\/span><span style=\"font-size: 0.7em; font-style: italic;\"><br \/>\n<span style=\"color: #ffffff;\"> f\u00fcr <b>trans* |\u00a0inter* | nicht-bin\u00e4re<\/b> Personen<\/span><br \/>\n<\/span><\/h2>\n<\/div><\/section><\/div>\n<div  class='flex_column av-mk9lezro-8ce05fd553ab926659dd2d12299b12b5 av_one_full  avia-builder-el-2  el_after_av_one_full  avia-builder-el-last  first flex_column_div  column-top-margin'     ><style type=\"text\/css\" data-created_by=\"avia_inline_auto\" id=\"style-css-av-mk9kx16l-f5a8d63c34d602c8eedc4a4c51160c85\">\n#top .av_textblock_section.av-mk9kx16l-f5a8d63c34d602c8eedc4a4c51160c85 .avia_textblock{\nfont-size:16px;\n}\n<\/style>\n<section  class='av_textblock_section av-mk9kx16l-f5a8d63c34d602c8eedc4a4c51160c85'   itemscope=\"itemscope\" itemtype=\"https:\/\/schema.org\/CreativeWork\" ><div class='avia_textblock'  itemprop=\"text\" ><p data-start=\"284\" data-end=\"425\"><strong>Informationsabend zu M\u00f6glichkeiten, Voraussetzungen und Grenzen geschlechtsangleichender Behandlungen.<\/strong><\/p>\n<p data-start=\"284\" data-end=\"425\">\nWas sind die Voraussetzungen f\u00fcr eine hormonunterdr\u00fcckende bzw. gegengeschlechtliche Hormonbehandlung? Wie kann ich meinen Vornamen und Geschlechtseintrag \u00e4ndern? Wohin wende ich mich f\u00fcr geschlechtsangleichende Operationen? \u2026<\/p>\n<p data-start=\"284\" data-end=\"425\">\nDiese und \u00e4hnliche Fragen besch\u00e4ftigen viele Personen, die sich als trans*, inter* oder nicht-bin\u00e4r erleben und unter einer Geschlechtsinkongruenz leiden. \u00a0Denn mit dem Wunsch, in der individuell erlebten Geschlechtsidentit\u00e4t akzeptiert zu werden, kann das Bed\u00fcrfnis einhergehen, auch das k\u00f6rperliche Erscheinungsbild und\/oder offizielle Dokumente mit der Geschlechtsidentit\u00e4t m\u00f6glichst in Einklang zu bringen.<\/p>\n<p data-start=\"284\" data-end=\"425\">Der Informationsabend f\u00fcr trans*, inter* und nicht-bin\u00e4re Personen bietet eine Orientierung zu den aktuellen Empfehlungen geschlechtsangleichender Behandlungen: Von Beratung und Begleitung, Diagnostik und Zugang zum Gesundheitssystem, zu Voraussetzungen von Hormontherapie und geschlechtsangleichenden Operationen sowie der rechtlichen Transition (z.B. Personenstands- und Vornamens\u00e4nderungen). Anschlie\u00dfend an den Input besteht die M\u00f6glichkeit, auf individuelle Fragestellungen einzugehen.<\/p>\n<p data-start=\"284\" data-end=\"425\">\nDie Informationsabende basieren auf einer <a href=\"https:\/\/www.courage-beratung.at\/en\/home_2\/spenden-online-shop-2\/#spenden\" target=\"_blank\" rel=\"noopener\"><strong>freien Spende<\/strong><\/a><\/p>\n<\/div><\/section><br \/>\n\n<style type=\"text\/css\" data-created_by=\"avia_inline_auto\" id=\"style-css-av-mkr5m7ft-6608e4db634e70d489198af67e6235a5\">\n#top .hr.hr-invisible.av-mkr5m7ft-6608e4db634e70d489198af67e6235a5{\nheight:30px;\n}\n<\/style>\n<div  class='hr av-mkr5m7ft-6608e4db634e70d489198af67e6235a5 hr-invisible  avia-builder-el-4  el_after_av_textblock  el_before_av_textblock'><span class='hr-inner'><span class=\"hr-inner-style\"><\/span><\/span><\/div><br \/>\n<section  class='av_textblock_section av-mkr5eey5-f028c206b6437f9e6607870ccc3bfd67'   itemscope=\"itemscope\" itemtype=\"https:\/\/schema.org\/CreativeWork\" ><div class='avia_textblock'  itemprop=\"text\" ><h1>TERMINE<\/h1>\n<\/div><\/section><br \/>\n\n<style type=\"text\/css\" data-created_by=\"avia_inline_auto\" id=\"style-css-av-mnx5r485-db30a0f43dca06298109368b4278885b\">\n#top .togglecontainer.av-mnx5r485-db30a0f43dca06298109368b4278885b h3.toggler{\nfont-size:24px;\nbackground-color:#555f8d;\nborder-color:#bea98c;\n}\n#top .togglecontainer.av-mnx5r485-db30a0f43dca06298109368b4278885b h3.toggler .toggle_icon{\ncolor:#ffffff;\nborder-color:#ffffff;\n}\n#top .togglecontainer.av-mnx5r485-db30a0f43dca06298109368b4278885b h3.toggler .toggle_icon > span{\ncolor:#ffffff;\nborder-color:#ffffff;\n}\n#top .togglecontainer.av-mnx5r485-db30a0f43dca06298109368b4278885b .toggle_wrap .toggle_content{\nbackground-color:#555f8d;\nborder-color:#bea98c;\n}\n<\/style>\n<div  class='togglecontainer av-mnx5r485-db30a0f43dca06298109368b4278885b  avia-builder-el-6  el_after_av_textblock  avia-builder-el-last  av-accordion-pill toggle_close_all'  itemscope=\"itemscope\" itemtype=\"https:\/\/schema.org\/FAQPage\" >\n<section class='av_toggle_section av-av_toggle-7f6609c23af415499319ede0c1dce9ec'  itemscope=\"itemscope\" itemprop=\"mainEntity\" itemtype=\"https:\/\/schema.org\/Question\" ><div role=\"tablist\" class=\"single_toggle\" data-tags=\"{All} \"  ><h3 id='toggle-toggle-id-1' data-fake-id='#toggle-id-1' class='toggler  av-title-above av-inherit-border-color'  itemprop=\"name\"  role='tab' tabindex='0' aria-controls='toggle-id-1' data-slide-speed=\"200\" data-title=\"COURAGE* Wien\" data-title-open=\"\" data-aria_collapsed=\"Click to expand: COURAGE* Wien\" data-aria_expanded=\"Click to collapse: COURAGE* Wien\">COURAGE* Wien<span class=\"toggle_icon\"><span class=\"vert_icon\"><\/span><span class=\"hor_icon\"><\/span><\/span><\/h3><div id='toggle-id-1' aria-labelledby='toggle-toggle-id-1' role='region' class='toggle_wrap  av-title-above'   itemscope=\"itemscope\" itemprop=\"acceptedAnswer\" itemtype=\"https:\/\/schema.org\/Answer\" ><div class='toggle_content invers-color av-inherit-border-color'  itemprop=\"text\" ><\/div><\/div><\/div><\/section>\n<section class='av_toggle_section av-mnx5r2zi-b2fb3ce83a0a0dd9aaf6c4cf77dd5ffa'  itemscope=\"itemscope\" itemprop=\"mainEntity\" itemtype=\"https:\/\/schema.org\/Question\" ><div role=\"tablist\" class=\"single_toggle\" data-tags=\"{All} \"  ><h3 id='toggle-toggle-id-2' data-fake-id='#toggle-id-2' class='toggler  av-title-above av-inherit-border-color'  itemprop=\"name\"  role='tab' tabindex='0' aria-controls='toggle-id-2' data-slide-speed=\"200\" data-title=\"COURAGE* Graz\" data-title-open=\"\" data-aria_collapsed=\"Click to expand: COURAGE* Graz\" data-aria_expanded=\"Click to collapse: COURAGE* Graz\">COURAGE* Graz<span class=\"toggle_icon\"><span class=\"vert_icon\"><\/span><span class=\"hor_icon\"><\/span><\/span><\/h3><div id='toggle-id-2' aria-labelledby='toggle-toggle-id-2' role='region' class='toggle_wrap  av-title-above'   itemscope=\"itemscope\" itemprop=\"acceptedAnswer\" itemtype=\"https:\/\/schema.org\/Answer\" ><div class='toggle_content invers-color av-inherit-border-color'  itemprop=\"text\" ><p><strong>Freitag, 30.01.2026, 17:00 \u2013 19:00 Uhr<br \/>\n<\/strong><strong>Freitag, 22.05.2026, 19:00 \u2013 21:00 Uhr<\/strong><\/p>\n<p>Beratungsstelle COURAGE* Graz, Pl\u00fcddemanngasse 39\/1.OG\/T\u00fcr5,<br \/>\n8010 Graz<\/p>\n<p>Referent: Max Keinrath, MA, Sozialarbeiter und psychosozialer Berater<br \/>\n<strong>Anmeldung unter: graz@courage-beratung.at<\/strong><\/p>\n<\/div><\/div><\/div><\/section>\n<section class='av_toggle_section av-av_toggle-004e433b394314bc64b2493807cce7a0'  itemscope=\"itemscope\" itemprop=\"mainEntity\" itemtype=\"https:\/\/schema.org\/Question\" ><div role=\"tablist\" class=\"single_toggle\" data-tags=\"{All} \"  ><h3 id='toggle-toggle-id-3' data-fake-id='#toggle-id-3' class='toggler  av-title-above av-inherit-border-color'  itemprop=\"name\"  role='tab' tabindex='0' aria-controls='toggle-id-3' data-slide-speed=\"200\" data-title=\"COURAGE* Innsbruck\" data-title-open=\"\" data-aria_collapsed=\"Click to expand: COURAGE* Innsbruck\" data-aria_expanded=\"Click to collapse: COURAGE* Innsbruck\">COURAGE* Innsbruck<span class=\"toggle_icon\"><span class=\"vert_icon\"><\/span><span class=\"hor_icon\"><\/span><\/span><\/h3><div id='toggle-id-3' aria-labelledby='toggle-toggle-id-3' role='region' class='toggle_wrap  av-title-above'   itemscope=\"itemscope\" itemprop=\"acceptedAnswer\" itemtype=\"https:\/\/schema.org\/Answer\" ><div class='toggle_content invers-color av-inherit-border-color'  itemprop=\"text\" ><\/div><\/div><\/div><\/section>\n<section class='av_toggle_section av-av_toggle-cff1747b525796bd1c909c782b3edd6f'  itemscope=\"itemscope\" itemprop=\"mainEntity\" itemtype=\"https:\/\/schema.org\/Question\" ><div role=\"tablist\" class=\"single_toggle\" data-tags=\"{All} \"  ><h3 id='toggle-toggle-id-4' data-fake-id='#toggle-id-4' class='toggler  av-title-above av-inherit-border-color'  itemprop=\"name\"  role='tab' tabindex='0' aria-controls='toggle-id-4' data-slide-speed=\"200\" data-title=\"COURAGE* Salzburg\" data-title-open=\"\" data-aria_collapsed=\"Click to expand: COURAGE* Salzburg\" data-aria_expanded=\"Click to collapse: COURAGE* Salzburg\">COURAGE* Salzburg<span class=\"toggle_icon\"><span class=\"vert_icon\"><\/span><span class=\"hor_icon\"><\/span><\/span><\/h3><div id='toggle-id-4' aria-labelledby='toggle-toggle-id-4' role='region' class='toggle_wrap  av-title-above'   itemscope=\"itemscope\" itemprop=\"acceptedAnswer\" itemtype=\"https:\/\/schema.org\/Answer\" ><div class='toggle_content invers-color av-inherit-border-color'  itemprop=\"text\" ><\/div><\/div><\/div><\/section>\n<section class='av_toggle_section av-av_toggle-eefaab5435c03a8b8b8f1fb13e945b66'  itemscope=\"itemscope\" itemprop=\"mainEntity\" itemtype=\"https:\/\/schema.org\/Question\" ><div role=\"tablist\" class=\"single_toggle\" data-tags=\"{All} \"  ><h3 id='toggle-toggle-id-5' data-fake-id='#toggle-id-5' class='toggler  av-title-above av-inherit-border-color'  itemprop=\"name\"  role='tab' tabindex='0' aria-controls='toggle-id-5' data-slide-speed=\"200\" data-title=\"COURAGE* Linz\" data-title-open=\"\" data-aria_collapsed=\"Click to expand: COURAGE* Linz\" data-aria_expanded=\"Click to collapse: COURAGE* Linz\">COURAGE* Linz<span class=\"toggle_icon\"><span class=\"vert_icon\"><\/span><span class=\"hor_icon\"><\/span><\/span><\/h3><div id='toggle-id-5' aria-labelledby='toggle-toggle-id-5' role='region' class='toggle_wrap  av-title-above'   itemscope=\"itemscope\" itemprop=\"acceptedAnswer\" itemtype=\"https:\/\/schema.org\/Answer\" ><div class='toggle_content invers-color av-inherit-border-color'  itemprop=\"text\" ><\/div><\/div><\/div><\/section>\n<section class='av_toggle_section av-av_toggle-c0b21ed5995d500c86893f90f281c1cb'  itemscope=\"itemscope\" itemprop=\"mainEntity\" itemtype=\"https:\/\/schema.org\/Question\" ><div role=\"tablist\" class=\"single_toggle\" data-tags=\"{All} \"  ><h3 id='toggle-toggle-id-6' data-fake-id='#toggle-id-6' class='toggler  av-title-above av-inherit-border-color'  itemprop=\"name\"  role='tab' tabindex='0' aria-controls='toggle-id-6' data-slide-speed=\"200\" data-title=\"COURAGE* Klagenfurt\" data-title-open=\"\" data-aria_collapsed=\"Click to expand: COURAGE* Klagenfurt\" data-aria_expanded=\"Click to collapse: COURAGE* Klagenfurt\">COURAGE* Klagenfurt<span class=\"toggle_icon\"><span class=\"vert_icon\"><\/span><span class=\"hor_icon\"><\/span><\/span><\/h3><div id='toggle-id-6' aria-labelledby='toggle-toggle-id-6' role='region' class='toggle_wrap  av-title-above'   itemscope=\"itemscope\" itemprop=\"acceptedAnswer\" itemtype=\"https:\/\/schema.org\/Answer\" ><div class='toggle_content invers-color av-inherit-border-color'  itemprop=\"text\" ><p style=\"font-weight: 400;\"><strong>Mo 13.04.: 17:00-19:00 Uhr<\/strong><br \/>\n<strong>Do 02.07.: 17:00-19:00 Uhr<\/strong><br \/>\n<strong>Do 17.09.: 17:00-19:00 Uhr<\/strong><br \/>\n<strong>Mo 14.12.: 17:00-19:00 Uhr<\/strong><\/p>\n<p style=\"font-weight: 400;\"><strong>Beratungsstelle COURAGE* Klagenfurt<\/strong><br \/>\nGetreidegasse 5, 9020 Klagenfurt<\/p>\n<p style=\"font-weight: 400;\"><strong>Referentin:<\/strong>\u00a0<strong>Sara Benesch, BA MA,\u00a0<\/strong>Sozialarbeiterin, Sexualp\u00e4dagogin<\/p>\n<p style=\"font-weight: 400;\">Anmeldung unter:\u00a0<a href=\"mailto:klagenfurt@courage-beratung.at\">klagenfurt@courage-beratung.at<\/a><\/p>\n<\/div><\/div><\/div><\/section>\n<section class='av_toggle_section av-av_toggle-7a013c63c20fad5592591d7609cbe74a'  itemscope=\"itemscope\" itemprop=\"mainEntity\" itemtype=\"https:\/\/schema.org\/Question\" ><div role=\"tablist\" class=\"single_toggle\" data-tags=\"{All} \"  ><h3 id='toggle-toggle-id-7' data-fake-id='#toggle-id-7' class='toggler  av-title-above av-inherit-border-color'  itemprop=\"name\"  role='tab' tabindex='0' aria-controls='toggle-id-7' data-slide-speed=\"200\" data-title=\"COURAGE* St. P\u00f6lten\" data-title-open=\"\" data-aria_collapsed=\"Click to expand: COURAGE* St. P\u00f6lten\" data-aria_expanded=\"Click to collapse: COURAGE* St. P\u00f6lten\">COURAGE* St. P\u00f6lten<span class=\"toggle_icon\"><span class=\"vert_icon\"><\/span><span class=\"hor_icon\"><\/span><\/span><\/h3><div id='toggle-id-7' aria-labelledby='toggle-toggle-id-7' role='region' class='toggle_wrap  av-title-above'   itemscope=\"itemscope\" itemprop=\"acceptedAnswer\" itemtype=\"https:\/\/schema.org\/Answer\" ><div class='toggle_content invers-color av-inherit-border-color'  itemprop=\"text\" ><\/div><\/div><\/div><\/section>\n<section class='av_toggle_section av-av_toggle-a0264700b29d30fb598850669fd5b063'  itemscope=\"itemscope\" itemprop=\"mainEntity\" itemtype=\"https:\/\/schema.org\/Question\" ><div role=\"tablist\" class=\"single_toggle\" data-tags=\"{All} \"  ><h3 id='toggle-toggle-id-8' data-fake-id='#toggle-id-8' class='toggler  av-title-above av-inherit-border-color'  itemprop=\"name\"  role='tab' tabindex='0' aria-controls='toggle-id-8' data-slide-speed=\"200\" data-title=\"COURAGE* Eisenstadt\" data-title-open=\"\" data-aria_collapsed=\"Click to expand: COURAGE* Eisenstadt\" data-aria_expanded=\"Click to collapse: COURAGE* Eisenstadt\">COURAGE* Eisenstadt<span class=\"toggle_icon\"><span class=\"vert_icon\"><\/span><span class=\"hor_icon\"><\/span><\/span><\/h3><div id='toggle-id-8' aria-labelledby='toggle-toggle-id-8' role='region' class='toggle_wrap  av-title-above'   itemscope=\"itemscope\" itemprop=\"acceptedAnswer\" itemtype=\"https:\/\/schema.org\/Answer\" ><div class='toggle_content invers-color av-inherit-border-color'  itemprop=\"text\" ><\/div><\/div><\/div><\/section>\n<\/div><\/p><\/div>","protected":false},"excerpt":{"rendered":"","protected":false},"author":5,"featured_media":0,"parent":0,"menu_order":0,"comment_status":"closed","ping_status":"closed","template":"","meta":{"footnotes":""},"categories":[],"tags":[],"class_list":["post-7819","page","type-page","status-publish","hentry"],"_links":{"self":[{"href":"https:\/\/www.courage-beratung.at\/en\/wp-json\/wp\/v2\/pages\/7819","targetHints":{"allow":["GET"]}}],"collection":[{"href":"https:\/\/www.courage-beratung.at\/en\/wp-json\/wp\/v2\/pages"}],"about":[{"href":"https:\/\/www.courage-beratung.at\/en\/wp-json\/wp\/v2\/types\/page"}],"author":[{"embeddable":true,"href":"https:\/\/www.courage-beratung.at\/en\/wp-json\/wp\/v2\/users\/5"}],"replies":[{"embeddable":true,"href":"https:\/\/www.courage-beratung.at\/en\/wp-json\/wp\/v2\/comments?post=7819"}],"version-history":[{"count":9,"href":"https:\/\/www.courage-beratung.at\/en\/wp-json\/wp\/v2\/pages\/7819\/revisions"}],"predecessor-version":[{"id":8453,"href":"https:\/\/www.courage-beratung.at\/en\/wp-json\/wp\/v2\/pages\/7819\/revisions\/8453"}],"wp:attachment":[{"href":"https:\/\/www.courage-beratung.at\/en\/wp-json\/wp\/v2\/media?parent=7819"}],"wp:term":[{"taxonomy":"category","embeddable":true,"href":"https:\/\/www.courage-beratung.at\/en\/wp-json\/wp\/v2\/categories?post=7819"},{"taxonomy":"post_tag","embeddable":true,"href":"https:\/\/www.courage-beratung.at\/en\/wp-json\/wp\/v2\/tags?post=7819"}],"curies":[{"name":"wp","href":"https:\/\/api.w.org\/{rel}","templated":true}]}}