{"id":7831,"date":"2026-01-23T18:37:31","date_gmt":"2026-01-23T17:37:31","guid":{"rendered":"https:\/\/www.courage-beratung.at\/trans-info-abend-2\/"},"modified":"2026-03-23T17:26:17","modified_gmt":"2026-03-23T16:26:17","slug":"trans-info-abend-eltern","status":"publish","type":"page","link":"https:\/\/www.courage-beratung.at\/en\/trans-info-abend-eltern\/","title":{"rendered":"Trans Info Abend Eltern"},"content":{"rendered":"<style type=\"text\/css\" data-created_by=\"avia_inline_auto\" id=\"style-css-av-mi623k55-8b2814174c89f07245714d62624b8d9d\">\n.flex_column.av-mi623k55-8b2814174c89f07245714d62624b8d9d{\npadding:70px 70px 70px 70px;\nbackground:url(https:\/\/www.courage-beratung.at\/wp-content\/uploads\/2026\/01\/abstract-purple-background-with-lines-vector-1210x423.jpg) 50% 50% no-repeat scroll ;\n}\n<\/style>\n<div  class='flex_column av-mi623k55-8b2814174c89f07245714d62624b8d9d av_one_full  avia-builder-el-0  el_before_av_one_full  avia-builder-el-first  first flex_column_div'     ><style type=\"text\/css\" data-created_by=\"avia_inline_auto\" id=\"style-css-av-mi5vvqmx-f86eadbcae7c320349eab80877074dd3\">\n#top .av_textblock_section.av-mi5vvqmx-f86eadbcae7c320349eab80877074dd3 .avia_textblock{\nfont-size:24px;\n}\n<\/style>\n<section  class='av_textblock_section av-mi5vvqmx-f86eadbcae7c320349eab80877074dd3'   itemscope=\"itemscope\" itemtype=\"https:\/\/schema.org\/CreativeWork\" ><div class='avia_textblock av_inherit_color'  itemprop=\"text\" ><h2 style=\"text-align: center; color: #6a1b9a;\"><span style=\"color: #ffffff;\"><strong><span style=\"font-size: 0.7em;\">Informationsabende zu<\/span><\/strong><\/span><\/h2>\n<h2 style=\"text-align: center; color: #6a1b9a;\"><span style=\"font-size: 0.7em; font-style: italic;\"><span style=\"color: #ffffff;\"><b>trans* |\u00a0inter* | nicht-bin\u00e4r<\/b><\/span><\/span><\/h2>\n<h2 style=\"text-align: center; color: #6a1b9a;\"><span style=\"font-size: 0.7em; font-style: italic;\"><span style=\"color: #ffffff;\"> f\u00fcr Eltern(-teile), Bezugspersonen und Angeh\u00f6rige<\/span><br \/>\n<\/span><\/h2>\n<\/div><\/section><\/div>\n<div  class='flex_column av-mk9lezro-8ce05fd553ab926659dd2d12299b12b5 av_one_full  avia-builder-el-2  el_after_av_one_full  avia-builder-el-last  first flex_column_div  column-top-margin'     ><p>\n<style type=\"text\/css\" data-created_by=\"avia_inline_auto\" id=\"style-css-av-mk9kx16l-f5a8d63c34d602c8eedc4a4c51160c85\">\n#top .av_textblock_section.av-mk9kx16l-f5a8d63c34d602c8eedc4a4c51160c85 .avia_textblock{\nfont-size:16px;\n}\n<\/style>\n<section  class='av_textblock_section av-mk9kx16l-f5a8d63c34d602c8eedc4a4c51160c85'   itemscope=\"itemscope\" itemtype=\"https:\/\/schema.org\/CreativeWork\" ><div class='avia_textblock'  itemprop=\"text\" ><p><strong>Willkommen zu unseren Informationsabenden Trans* und Inter* Parents<\/strong><\/p>\n<p>Wenn sich Kinder oder Jugendliche als transident empfinden und in der Familie outen oder intergeschlechtlich sind, sehen sich Eltern, Bezugspersonen oder Angeh\u00f6rige oft zahlreichen Fragen und Herausforderungen gegen\u00fcber, die sie manchmal nicht bew\u00e4ltigen k\u00f6nnen. Damit aber auch sie Unterst\u00fctzung erfahren und fundierte Antworten erhalten, bietet die COURAGE* regelm\u00e4\u00dfige Informationsabende zu Trans*Identit\u00e4ten und Inter*Geschlechtlichkeiten an.<\/p>\n<p><strong>Teil 1: Basisinformationen zu Trans* und Inter*<\/strong><\/p>\n<p>Professionelle und fachlich kompetente Berater*innen der COURAGE* geben allen Eltern, Bezugspersonen und Angeh\u00f6rigen die M\u00f6glichkeit, ausf\u00fchrliche Informationen rund um die Themen Trans*Identit\u00e4ten und Inter*Geschlechtlichkeiten zu erhalten. Zudem gibt es einen Raum f\u00fcr weitere individuelle Fragen.<\/p>\n<p><strong>Teil 2: Fragestellungen \/ fachliche Beratung \/ Austausch f\u00fcr Eltern, Angeh\u00f6rige und Bezugspersonen<\/strong><\/p>\n<p>In der Begleitung von professionellen psychosozialen Berater*innen der COURAGE* wird Eltern, Bezugspersonen und Angeh\u00f6rigen eine zus\u00e4tzliche M\u00f6glichkeit gegeben, \u00fcber eigene Erfahrungen und\/oder Unsicherheiten im Umgang mit dem Kind \/ dem*der Jugendlichen in einem gesch\u00fctzten Raum zu sprechen und sich mit anderen auszutauschen.<\/p>\n<p>Um Anmeldung per Mail oder telefonisch wird gebeten: info@courage-beratung.at<\/p>\n<p data-start=\"284\" data-end=\"425\">Die Informationsabende basieren auf einer <a href=\"https:\/\/www.courage-beratung.at\/en\/home_2\/spenden-online-shop-2\/#spenden\" target=\"_blank\" rel=\"noopener\"><strong>freien Spende<\/strong><\/a><\/p>\n<\/div><\/section><br \/>\n\n<style type=\"text\/css\" data-created_by=\"avia_inline_auto\" id=\"style-css-av-mkr5m7ft-6608e4db634e70d489198af67e6235a5\">\n#top .hr.hr-invisible.av-mkr5m7ft-6608e4db634e70d489198af67e6235a5{\nheight:30px;\n}\n<\/style>\n<div  class='hr av-mkr5m7ft-6608e4db634e70d489198af67e6235a5 hr-invisible  avia-builder-el-4  el_after_av_textblock  el_before_av_textblock'><span class='hr-inner'><span class=\"hr-inner-style\"><\/span><\/span><\/div><br \/>\n<section  class='av_textblock_section av-mkr5eey5-f028c206b6437f9e6607870ccc3bfd67'   itemscope=\"itemscope\" itemtype=\"https:\/\/schema.org\/CreativeWork\" ><div class='avia_textblock'  itemprop=\"text\" ><h1>TERMINE<\/h1>\n<\/div><\/section><br \/>\n\n<style type=\"text\/css\" data-created_by=\"avia_inline_auto\" id=\"style-css-av-mn3ee429-bafa825e36a2ad9340d6c7f35a0d5094\">\n#top .togglecontainer.av-mn3ee429-bafa825e36a2ad9340d6c7f35a0d5094 h3.toggler{\nfont-size:24px;\nbackground-color:#555f8d;\nborder-color:#bea98c;\n}\n#top .togglecontainer.av-mn3ee429-bafa825e36a2ad9340d6c7f35a0d5094 h3.toggler .toggle_icon{\ncolor:#ffffff;\nborder-color:#ffffff;\n}\n#top .togglecontainer.av-mn3ee429-bafa825e36a2ad9340d6c7f35a0d5094 h3.toggler .toggle_icon > span{\ncolor:#ffffff;\nborder-color:#ffffff;\n}\n#top .togglecontainer.av-mn3ee429-bafa825e36a2ad9340d6c7f35a0d5094 .toggle_wrap .toggle_content{\nbackground-color:#555f8d;\nborder-color:#bea98c;\n}\n<\/style>\n<div  class='togglecontainer av-mn3ee429-bafa825e36a2ad9340d6c7f35a0d5094  avia-builder-el-6  el_after_av_textblock  avia-builder-el-last  av-accordion-pill toggle_close_all'  itemscope=\"itemscope\" itemtype=\"https:\/\/schema.org\/FAQPage\" >\n<section class='av_toggle_section av-av_toggle-7f6609c23af415499319ede0c1dce9ec'  itemscope=\"itemscope\" itemprop=\"mainEntity\" itemtype=\"https:\/\/schema.org\/Question\" ><div role=\"tablist\" class=\"single_toggle\" data-tags=\"{All} \"  ><h3 id='toggle-toggle-id-1' data-fake-id='#toggle-id-1' class='toggler  av-title-above av-inherit-border-color'  itemprop=\"name\"  role='tab' tabindex='0' aria-controls='toggle-id-1' data-slide-speed=\"200\" data-title=\"COURAGE* Wien\" data-title-open=\"\" data-aria_collapsed=\"Click to expand: COURAGE* Wien\" data-aria_expanded=\"Click to collapse: COURAGE* Wien\">COURAGE* Wien<span class=\"toggle_icon\"><span class=\"vert_icon\"><\/span><span class=\"hor_icon\"><\/span><\/span><\/h3><div id='toggle-id-1' aria-labelledby='toggle-toggle-id-1' role='region' class='toggle_wrap  av-title-above'   itemscope=\"itemscope\" itemprop=\"acceptedAnswer\" itemtype=\"https:\/\/schema.org\/Answer\" ><div class='toggle_content invers-color av-inherit-border-color'  itemprop=\"text\" ><p><strong>Donnerstag, 07.05.2026, 18:00 \u2013 21:00 Uhr<\/strong><\/p>\n<p><strong>Beratungsstelle COURAGE* Wien<\/strong><br \/>\nQueeres Bildungszentrum, 1060 Wien, Windm\u00fchlgasse 15 (Gassenlokal)<\/p>\n<p><strong>Referent:<\/strong> Mag. Johannes Wahala<\/p>\n<p><strong>Anmeldung unter<\/strong>:\u00a0<a href=\"mailto:klagenfurt@courage-beratung.at\" target=\"_blank\" rel=\"noopener\">info@courage-beratung.at<\/a><\/p>\n<\/div><\/div><\/div><\/section>\n<section class='av_toggle_section av-av_toggle-e508b4647d32de474b0deb76d7f39dd3'  itemscope=\"itemscope\" itemprop=\"mainEntity\" itemtype=\"https:\/\/schema.org\/Question\" ><div role=\"tablist\" class=\"single_toggle\" data-tags=\"{All} \"  ><h3 id='toggle-toggle-id-2' data-fake-id='#toggle-id-2' class='toggler  av-title-above av-inherit-border-color'  itemprop=\"name\"  role='tab' tabindex='0' aria-controls='toggle-id-2' data-slide-speed=\"200\" data-title=\"COURAGE* Graz\" data-title-open=\"\" data-aria_collapsed=\"Click to expand: COURAGE* Graz\" data-aria_expanded=\"Click to collapse: COURAGE* Graz\">COURAGE* Graz<span class=\"toggle_icon\"><span class=\"vert_icon\"><\/span><span class=\"hor_icon\"><\/span><\/span><\/h3><div id='toggle-id-2' aria-labelledby='toggle-toggle-id-2' role='region' class='toggle_wrap  av-title-above'   itemscope=\"itemscope\" itemprop=\"acceptedAnswer\" itemtype=\"https:\/\/schema.org\/Answer\" ><div class='toggle_content invers-color av-inherit-border-color'  itemprop=\"text\" ><p><strong>Donnerstag, 26. M\u00e4rz 2026, 18 bis 20 Uhr<\/strong><br \/>\n<strong>Donnerstag, 30. April 2026, 18 bis 20 Uhr<\/strong><br \/>\n<strong>Donnerstag, 28. Mai 2026, 18 bis 20 Uhr<\/strong><br \/>\n<strong>Donnerstag, 25. Juni 2026, 18 bis 20 Uhr<\/strong><\/p>\n<p><strong>COURAGE* Graz, Pl\u00fcddemanngasse 39, 8010 Graz <br class=\"avia-permanent-lb\" \/><\/strong><br \/>\n<strong>Referent<\/strong>: <strong>Wolfgang Obendrauf<\/strong><br \/>\nDiplomierter Systemischer Lebens- und Sozialarbeiter, Ehe- und Familienberater, Sexualberater<br \/>\nAnmeldung unter:\u00a0<a href=\"mailto:graz@courage-beratung.at\" target=\"_blank\" rel=\"noopener\">graz@courage-beratung.at<\/a><\/p>\n<\/div><\/div><\/div><\/section>\n<section class='av_toggle_section av-av_toggle-004e433b394314bc64b2493807cce7a0'  itemscope=\"itemscope\" itemprop=\"mainEntity\" itemtype=\"https:\/\/schema.org\/Question\" ><div role=\"tablist\" class=\"single_toggle\" data-tags=\"{All} \"  ><h3 id='toggle-toggle-id-3' data-fake-id='#toggle-id-3' class='toggler  av-title-above av-inherit-border-color'  itemprop=\"name\"  role='tab' tabindex='0' aria-controls='toggle-id-3' data-slide-speed=\"200\" data-title=\"COURAGE* Innsbruck\" data-title-open=\"\" data-aria_collapsed=\"Click to expand: COURAGE* Innsbruck\" data-aria_expanded=\"Click to collapse: COURAGE* Innsbruck\">COURAGE* Innsbruck<span class=\"toggle_icon\"><span class=\"vert_icon\"><\/span><span class=\"hor_icon\"><\/span><\/span><\/h3><div id='toggle-id-3' aria-labelledby='toggle-toggle-id-3' role='region' class='toggle_wrap  av-title-above'   itemscope=\"itemscope\" itemprop=\"acceptedAnswer\" itemtype=\"https:\/\/schema.org\/Answer\" ><div class='toggle_content invers-color av-inherit-border-color'  itemprop=\"text\" ><\/div><\/div><\/div><\/section>\n<section class='av_toggle_section av-av_toggle-cff1747b525796bd1c909c782b3edd6f'  itemscope=\"itemscope\" itemprop=\"mainEntity\" itemtype=\"https:\/\/schema.org\/Question\" ><div role=\"tablist\" class=\"single_toggle\" data-tags=\"{All} \"  ><h3 id='toggle-toggle-id-4' data-fake-id='#toggle-id-4' class='toggler  av-title-above av-inherit-border-color'  itemprop=\"name\"  role='tab' tabindex='0' aria-controls='toggle-id-4' data-slide-speed=\"200\" data-title=\"COURAGE* Salzburg\" data-title-open=\"\" data-aria_collapsed=\"Click to expand: COURAGE* Salzburg\" data-aria_expanded=\"Click to collapse: COURAGE* Salzburg\">COURAGE* Salzburg<span class=\"toggle_icon\"><span class=\"vert_icon\"><\/span><span class=\"hor_icon\"><\/span><\/span><\/h3><div id='toggle-id-4' aria-labelledby='toggle-toggle-id-4' role='region' class='toggle_wrap  av-title-above'   itemscope=\"itemscope\" itemprop=\"acceptedAnswer\" itemtype=\"https:\/\/schema.org\/Answer\" ><div class='toggle_content invers-color av-inherit-border-color'  itemprop=\"text\" ><\/div><\/div><\/div><\/section>\n<section class='av_toggle_section av-av_toggle-eefaab5435c03a8b8b8f1fb13e945b66'  itemscope=\"itemscope\" itemprop=\"mainEntity\" itemtype=\"https:\/\/schema.org\/Question\" ><div role=\"tablist\" class=\"single_toggle\" data-tags=\"{All} \"  ><h3 id='toggle-toggle-id-5' data-fake-id='#toggle-id-5' class='toggler  av-title-above av-inherit-border-color'  itemprop=\"name\"  role='tab' tabindex='0' aria-controls='toggle-id-5' data-slide-speed=\"200\" data-title=\"COURAGE* Linz\" data-title-open=\"\" data-aria_collapsed=\"Click to expand: COURAGE* Linz\" data-aria_expanded=\"Click to collapse: COURAGE* Linz\">COURAGE* Linz<span class=\"toggle_icon\"><span class=\"vert_icon\"><\/span><span class=\"hor_icon\"><\/span><\/span><\/h3><div id='toggle-id-5' aria-labelledby='toggle-toggle-id-5' role='region' class='toggle_wrap  av-title-above'   itemscope=\"itemscope\" itemprop=\"acceptedAnswer\" itemtype=\"https:\/\/schema.org\/Answer\" ><div class='toggle_content invers-color av-inherit-border-color'  itemprop=\"text\" ><p><strong>26.03.2026 18:00 &#8211; 20:00 Uhr<\/strong><br \/>\n<strong>25.06.2026 18:00 &#8211; 20:00 Uhr<\/strong><\/p>\n<p><strong>Beratungsstelle COURAGE* Linz<\/strong><br \/>\nWei\u00dfenwolffstra\u00dfe 17a, 1.OG, 4020 Linz<\/p>\n<p><strong>Referentin:<\/strong> Maike Pichler<br \/>\nAnmeldung unter: <a href=\"mailto:linz@courage-beratung.at\" target=\"_blank\" rel=\"noopener\">linz@courage-beratung.at<\/a><\/p>\n<\/div><\/div><\/div><\/section>\n<section class='av_toggle_section av-mn3ee36d-16690fe5d07f2bc769055b07059e020c'  itemscope=\"itemscope\" itemprop=\"mainEntity\" itemtype=\"https:\/\/schema.org\/Question\" ><div role=\"tablist\" class=\"single_toggle\" data-tags=\"{All} \"  ><h3 id='toggle-toggle-id-6' data-fake-id='#toggle-id-6' class='toggler  av-title-above av-inherit-border-color'  itemprop=\"name\"  role='tab' tabindex='0' aria-controls='toggle-id-6' data-slide-speed=\"200\" data-title=\"COURAGE* Klagenfurt\" data-title-open=\"\" data-aria_collapsed=\"Click to expand: COURAGE* Klagenfurt\" data-aria_expanded=\"Click to collapse: COURAGE* Klagenfurt\">COURAGE* Klagenfurt<span class=\"toggle_icon\"><span class=\"vert_icon\"><\/span><span class=\"hor_icon\"><\/span><\/span><\/h3><div id='toggle-id-6' aria-labelledby='toggle-toggle-id-6' role='region' class='toggle_wrap  av-title-above'   itemscope=\"itemscope\" itemprop=\"acceptedAnswer\" itemtype=\"https:\/\/schema.org\/Answer\" ><div class='toggle_content invers-color av-inherit-border-color'  itemprop=\"text\" ><p><strong>26.03.2026 17:00 &#8211; 19:00 Uhr &#8211; Abgesagt!<\/strong><br \/>\n<strong>25.06.2026 17:00 &#8211; 19:00 Uhr<\/strong><br \/>\n<strong>24.09.2026 17:00 &#8211; 19:00 Uhr<\/strong><br \/>\n<strong>10.12.2026 17:00 &#8211; 19:00 Uhr<\/strong><\/p>\n<p><strong>Beratungsstelle COURAGE* Klagenfurt<\/strong><br \/>\nGetreidegasse 5, 9020 Klagenfurt<\/p>\n<p><strong>Referentin:<\/strong> Alina Filip, BA MA<br \/>\nAnmeldung unter: <a href=\"mailto:klagenfurt@courage-beratung.at\" target=\"_blank\" rel=\"noopener\">klagenfurt@courage-beratung.at<\/a><\/p>\n<\/div><\/div><\/div><\/section>\n<section class='av_toggle_section av-av_toggle-7a013c63c20fad5592591d7609cbe74a'  itemscope=\"itemscope\" itemprop=\"mainEntity\" itemtype=\"https:\/\/schema.org\/Question\" ><div role=\"tablist\" class=\"single_toggle\" data-tags=\"{All} \"  ><h3 id='toggle-toggle-id-7' data-fake-id='#toggle-id-7' class='toggler  av-title-above av-inherit-border-color'  itemprop=\"name\"  role='tab' tabindex='0' aria-controls='toggle-id-7' data-slide-speed=\"200\" data-title=\"COURAGE* St. P\u00f6lten\" data-title-open=\"\" data-aria_collapsed=\"Click to expand: COURAGE* St. P\u00f6lten\" data-aria_expanded=\"Click to collapse: COURAGE* St. P\u00f6lten\">COURAGE* St. P\u00f6lten<span class=\"toggle_icon\"><span class=\"vert_icon\"><\/span><span class=\"hor_icon\"><\/span><\/span><\/h3><div id='toggle-id-7' aria-labelledby='toggle-toggle-id-7' role='region' class='toggle_wrap  av-title-above'   itemscope=\"itemscope\" itemprop=\"acceptedAnswer\" itemtype=\"https:\/\/schema.org\/Answer\" ><div class='toggle_content invers-color av-inherit-border-color'  itemprop=\"text\" ><\/div><\/div><\/div><\/section>\n<section class='av_toggle_section av-av_toggle-a0264700b29d30fb598850669fd5b063'  itemscope=\"itemscope\" itemprop=\"mainEntity\" itemtype=\"https:\/\/schema.org\/Question\" ><div role=\"tablist\" class=\"single_toggle\" data-tags=\"{All} \"  ><h3 id='toggle-toggle-id-8' data-fake-id='#toggle-id-8' class='toggler  av-title-above av-inherit-border-color'  itemprop=\"name\"  role='tab' tabindex='0' aria-controls='toggle-id-8' data-slide-speed=\"200\" data-title=\"COURAGE* Eisenstadt\" data-title-open=\"\" data-aria_collapsed=\"Click to expand: COURAGE* Eisenstadt\" data-aria_expanded=\"Click to collapse: COURAGE* Eisenstadt\">COURAGE* Eisenstadt<span class=\"toggle_icon\"><span class=\"vert_icon\"><\/span><span class=\"hor_icon\"><\/span><\/span><\/h3><div id='toggle-id-8' aria-labelledby='toggle-toggle-id-8' role='region' class='toggle_wrap  av-title-above'   itemscope=\"itemscope\" itemprop=\"acceptedAnswer\" itemtype=\"https:\/\/schema.org\/Answer\" ><div class='toggle_content invers-color av-inherit-border-color'  itemprop=\"text\" ><\/div><\/div><\/div><\/section>\n<\/div><\/p><\/div>","protected":false},"excerpt":{"rendered":"","protected":false},"author":5,"featured_media":0,"parent":0,"menu_order":0,"comment_status":"closed","ping_status":"closed","template":"","meta":{"footnotes":""},"categories":[],"tags":[],"class_list":["post-7831","page","type-page","status-publish","hentry"],"_links":{"self":[{"href":"https:\/\/www.courage-beratung.at\/en\/wp-json\/wp\/v2\/pages\/7831","targetHints":{"allow":["GET"]}}],"collection":[{"href":"https:\/\/www.courage-beratung.at\/en\/wp-json\/wp\/v2\/pages"}],"about":[{"href":"https:\/\/www.courage-beratung.at\/en\/wp-json\/wp\/v2\/types\/page"}],"author":[{"embeddable":true,"href":"https:\/\/www.courage-beratung.at\/en\/wp-json\/wp\/v2\/users\/5"}],"replies":[{"embeddable":true,"href":"https:\/\/www.courage-beratung.at\/en\/wp-json\/wp\/v2\/comments?post=7831"}],"version-history":[{"count":18,"href":"https:\/\/www.courage-beratung.at\/en\/wp-json\/wp\/v2\/pages\/7831\/revisions"}],"predecessor-version":[{"id":8407,"href":"https:\/\/www.courage-beratung.at\/en\/wp-json\/wp\/v2\/pages\/7831\/revisions\/8407"}],"wp:attachment":[{"href":"https:\/\/www.courage-beratung.at\/en\/wp-json\/wp\/v2\/media?parent=7831"}],"wp:term":[{"taxonomy":"category","embeddable":true,"href":"https:\/\/www.courage-beratung.at\/en\/wp-json\/wp\/v2\/categories?post=7831"},{"taxonomy":"post_tag","embeddable":true,"href":"https:\/\/www.courage-beratung.at\/en\/wp-json\/wp\/v2\/tags?post=7831"}],"curies":[{"name":"wp","href":"https:\/\/api.w.org\/{rel}","templated":true}]}}