{"id":8421,"date":"2026-04-03T12:55:48","date_gmt":"2026-04-03T10:55:48","guid":{"rendered":"https:\/\/www.courage-beratung.at\/trans-eltern-feedback-bogen-2\/"},"modified":"2026-04-03T13:14:09","modified_gmt":"2026-04-03T11:14:09","slug":"studie2026","status":"publish","type":"page","link":"https:\/\/www.courage-beratung.at\/en\/studie2026\/","title":{"rendered":"Umfrage zu Trans*Identit\u00e4t und Nicht-Binarit\u00e4t"},"content":{"rendered":"<style type=\"text\/css\" data-created_by=\"avia_inline_auto\" id=\"style-css-av-mi623k55-4ed83e21e3927a1e934d6e36906f734e\">\n.flex_column.av-mi623k55-4ed83e21e3927a1e934d6e36906f734e{\npadding:70px 70px 70px 70px;\nbackground:url(https:\/\/www.courage-beratung.at\/wp-content\/uploads\/2026\/04\/Sanfte-Wellen-in-Pastellfarben-1500x430.png) 50% 50% no-repeat scroll ;\n}\n<\/style>\n<div  class='flex_column av-mi623k55-4ed83e21e3927a1e934d6e36906f734e av_one_full  avia-builder-el-0  el_before_av_one_full  avia-builder-el-first  first flex_column_div'     ><style type=\"text\/css\" data-created_by=\"avia_inline_auto\" id=\"style-css-av-mi5vvqmx-f86eadbcae7c320349eab80877074dd3\">\n#top .av_textblock_section.av-mi5vvqmx-f86eadbcae7c320349eab80877074dd3 .avia_textblock{\nfont-size:24px;\n}\n<\/style>\n<section  class='av_textblock_section av-mi5vvqmx-f86eadbcae7c320349eab80877074dd3'   itemscope=\"itemscope\" itemtype=\"https:\/\/schema.org\/CreativeWork\" ><div class='avia_textblock av_inherit_color'  itemprop=\"text\" ><h1 style=\"text-align: center;\"><span style=\"color: #800080;\">Umfrage zu Trans*Identit\u00e4t und Nicht-Binarit\u00e4t<\/span><\/h1>\n<p style=\"text-align: center;\">\n<h5 style=\"text-align: center;\"><span style=\"color: #800080;\"><em>Studie \u00a0&#8222;ZUFRIEDENHEIT ODER UNZUFRIEDENHEITBEI TRANS*IDENTIT\u00c4T UND NICHT-BINARIT\u00c4T&#8220;<\/em><\/span><\/h5>\n<\/div><\/section><\/div><div  class='flex_column av-mk9lezro-8ce05fd553ab926659dd2d12299b12b5 av_one_full  avia-builder-el-2  el_after_av_one_full  avia-builder-el-last  first flex_column_div  column-top-margin'     ><p>\n<style type=\"text\/css\" data-created_by=\"avia_inline_auto\" id=\"style-css-av-mk9le8n6-0483055e87b412943008361b3864bcd3\">\n#top .hr.hr-invisible.av-mk9le8n6-0483055e87b412943008361b3864bcd3{\nheight:20px;\n}\n<\/style>\n<div  class='hr av-mk9le8n6-0483055e87b412943008361b3864bcd3 hr-invisible  avia-builder-el-3  el_before_av_textblock  avia-builder-el-first'><span class='hr-inner'><span class=\"hr-inner-style\"><\/span><\/span><\/div><br \/>\n\n<style type=\"text\/css\" data-created_by=\"avia_inline_auto\" id=\"style-css-av-mk9kx16l-f5a8d63c34d602c8eedc4a4c51160c85\">\n#top .av_textblock_section.av-mk9kx16l-f5a8d63c34d602c8eedc4a4c51160c85 .avia_textblock{\nfont-size:16px;\n}\n<\/style>\n<section  class='av_textblock_section av-mk9kx16l-f5a8d63c34d602c8eedc4a4c51160c85'   itemscope=\"itemscope\" itemtype=\"https:\/\/schema.org\/CreativeWork\" ><div class='avia_textblock'  itemprop=\"text\" ><p data-start=\"361\" data-end=\"436\">Wir laden alle trans und nicht-bin\u00e4ren Menschen ab 14 Jahren ein, an dieser wichtigen und umfassenden Studie teilzunehmen. Wichtig ist die Studie deshalb, da es in \u00d6sterreich kaum Daten zur Zufriedenheit oder Unzufriedenheit bei Trans*identit\u00e4t und Nicht-Binarit\u00e4t gibt. Zudem fordert das Regierungsprogramm der jetzigen Bundesregierung die Erhebung von Daten, wobei es sich hierbei nicht um eine Studie im Auftrag der Regierung handelt.<\/p>\n<p data-start=\"361\" data-end=\"436\">Es handelt sich um eine anonyme Onlineumfrage zu Ihrem Erleben vor, w\u00e4hrend und nach dem individuellen Behandlungsprozess bzw. Ihrem Erleben, falls Sie keine Behandlung in Anspruch genommen haben und dauert ca. 30 Minuten. Die Studie ist ab heute, 18.05.2026 aktiv. Eine Teilnahme ist nur bis zum 18.07.2026 m\u00f6glich.<\/p>\n<p><strong>Durch Klicken auf den untenstehenden Button k\u00f6nnen Sie den Fragebogen online ausf\u00fcllen. Der Link ist vom 18.05.2026 bis zum 18.07.2026 aktiv.<\/strong><\/p>\n<\/div><\/section><br \/>\n\n<style type=\"text\/css\" data-created_by=\"avia_inline_auto\" id=\"style-css-av-mnisv7e2-20ffe83f73d8ae195752546e9f28e340\">\n#top .hr.hr-invisible.av-mnisv7e2-20ffe83f73d8ae195752546e9f28e340{\nheight:50px;\n}\n<\/style>\n<div  class='hr av-mnisv7e2-20ffe83f73d8ae195752546e9f28e340 hr-invisible  avia-builder-el-5  el_after_av_textblock  el_before_av_button'><span class='hr-inner'><span class=\"hr-inner-style\"><\/span><\/span><\/div><br \/>\n<div  class='avia-button-wrap av-mnissyma-d548a27bb85fd02e557ebc06b5db78f4-wrap avia-button-center  avia-builder-el-6  el_after_av_hr  avia-builder-el-last'>\n<style type=\"text\/css\" data-created_by=\"avia_inline_auto\" id=\"style-css-av-mnissyma-d548a27bb85fd02e557ebc06b5db78f4\">\n#top #wrap_all .avia-button.av-mnissyma-d548a27bb85fd02e557ebc06b5db78f4{\nfont-size:20px;\ntransition:all 0.4s ease-in-out;\n}\n#top #wrap_all .avia-button.av-mnissyma-d548a27bb85fd02e557ebc06b5db78f4:hover{\ncolor:white;\ntransition:all 0.4s ease-in-out;\n}\n#top #wrap_all .avia-button.av-mnissyma-d548a27bb85fd02e557ebc06b5db78f4:hover .avia-svg-icon svg:first-child{\nfill:white;\nstroke:white;\n}\n<\/style>\n<a href='https:\/\/survey.plus.ac.at\/index.php\/773665?lang=de'  class='avia-button av-mnissyma-d548a27bb85fd02e557ebc06b5db78f4 av-link-btn avia-icon_select-no avia-size-x-large avia-position-center avia-color-purple avia-font-color-theme-color'   aria-label=\"Zur Umfrage\"><span class='avia_iconbox_title' >Zur Umfrage<\/span><span class='avia_button_background avia-button avia-color-theme-color-highlight' ><\/span><\/a><\/div><\/p><\/div><\/p>","protected":false},"excerpt":{"rendered":"","protected":false},"author":5,"featured_media":0,"parent":0,"menu_order":0,"comment_status":"closed","ping_status":"closed","template":"","meta":{"footnotes":""},"categories":[],"tags":[],"class_list":["post-8421","page","type-page","status-publish","hentry"],"_links":{"self":[{"href":"https:\/\/www.courage-beratung.at\/en\/wp-json\/wp\/v2\/pages\/8421","targetHints":{"allow":["GET"]}}],"collection":[{"href":"https:\/\/www.courage-beratung.at\/en\/wp-json\/wp\/v2\/pages"}],"about":[{"href":"https:\/\/www.courage-beratung.at\/en\/wp-json\/wp\/v2\/types\/page"}],"author":[{"embeddable":true,"href":"https:\/\/www.courage-beratung.at\/en\/wp-json\/wp\/v2\/users\/5"}],"replies":[{"embeddable":true,"href":"https:\/\/www.courage-beratung.at\/en\/wp-json\/wp\/v2\/comments?post=8421"}],"version-history":[{"count":4,"href":"https:\/\/www.courage-beratung.at\/en\/wp-json\/wp\/v2\/pages\/8421\/revisions"}],"predecessor-version":[{"id":8428,"href":"https:\/\/www.courage-beratung.at\/en\/wp-json\/wp\/v2\/pages\/8421\/revisions\/8428"}],"wp:attachment":[{"href":"https:\/\/www.courage-beratung.at\/en\/wp-json\/wp\/v2\/media?parent=8421"}],"wp:term":[{"taxonomy":"category","embeddable":true,"href":"https:\/\/www.courage-beratung.at\/en\/wp-json\/wp\/v2\/categories?post=8421"},{"taxonomy":"post_tag","embeddable":true,"href":"https:\/\/www.courage-beratung.at\/en\/wp-json\/wp\/v2\/tags?post=8421"}],"curies":[{"name":"wp","href":"https:\/\/api.w.org\/{rel}","templated":true}]}}